{"id":966,"date":"2020-04-22T08:36:01","date_gmt":"2020-04-22T08:36:01","guid":{"rendered":"https:\/\/nidewintech.com\/politique-de-confidentialite\/"},"modified":"2020-04-22T08:36:02","modified_gmt":"2020-04-22T08:36:02","slug":"politique-de-confidentialite","status":"publish","type":"page","link":"https:\/\/nidewintech.com\/fr\/politique-de-confidentialite\/","title":{"rendered":"Politique de Confidentialit\u00e9"},"content":{"rendered":"<div class=\"wpb-content-wrapper\">[vc_row][vc_column][vc_column_text]\n<h2>DIVULGATION CONFORM\u00c9MENT \u00c0 L&rsquo;ART. 13-14 DU R\u00c8GLEMENT UE 2016\/679<\/h2>\n<p>En tant que responsables du traitement des donn\u00e9es (ci-apr\u00e8s d\u00e9nomm\u00e9s \u00ab\u00a0responsables du traitement des donn\u00e9es\u00a0\u00bb), nous souhaitons vous informer, conform\u00e9ment aux articles 13 et 14 du r\u00e8glement UE 2016\/679 du RGPD, que vos donn\u00e9es personnelles seront trait\u00e9es de la mani\u00e8re et aux fins suivantes.<br \/>\nCes informations se r\u00e9f\u00e8rent uniquement aux donn\u00e9es se r\u00e9f\u00e9rant \u00e0 des personnes physiques, collect\u00e9es dans les archives ou destin\u00e9es \u00e0 faire partie des archives.<br \/>\nLes donn\u00e9es relatives aux personnes morales sont exclues.<br \/>\nLes informations sont pr\u00e9par\u00e9es en langage technique car elles sont destin\u00e9es aux utilisateurs professionnels et aux entreprises.<br \/>\nSi vous avez des questions ou souhaitez de plus amples informations, n&rsquo;h\u00e9sitez pas \u00e0 nous contacter.<\/p>\n<h3>1. <strong>OBJET DU TRAITEMENT<\/strong><\/h3>\n<p>Le responsable traitera les donn\u00e9es personnelles et les identifications que vous aurez communiqu\u00e9es \u00e0 l&rsquo;occasion de l&rsquo;\u00e9tablissement de la relation commerciale ou ult\u00e9rieurement.<br \/>\nNous pouvons int\u00e9grer les donn\u00e9es aux informations que nous obtenons des archives publiques<\/p>\n<h3>2. OBJET DU TRAITEMENT<\/h3>\n<h4>2.1 Finalit\u00e9s contractuelles<\/h4>\n<p>Les donn\u00e9es personnelles fournies seront trait\u00e9es en relation avec les obligations contractuelles inh\u00e9rentes \u00e0 la relation commerciale.<br \/>\nPlus pr\u00e9cis\u00e9ment, les traitements peuvent viser \u00e0 demander des devis, \u00e0 envoyer des commandes, \u00e0 ex\u00e9cuter des services, \u00e0 fournir des biens et \u00e0 toutes les activit\u00e9s connexes, y compris le paiement des factures et la gestion du cr\u00e9dit.<br \/>\nLe fondement de la l\u00e9gitimation du traitement est le contrat [art. 6 c.1 lettre (B)].<\/p>\n<h4>2.2 Objet du respect des obligations pr\u00e9vues par la loi, les r\u00e9glementations ou les r\u00e9glementations de l&rsquo;UE<\/h4>\n<p>Deuxi\u00e8mement, les donn\u00e9es personnelles seront \u00e9galement trait\u00e9es pour remplir les obligations \u00e9tablies par la loi par un r\u00e8glement ou par la l\u00e9gislation communautaire et \u00e0 des fins civiles, comptables et fiscales.<br \/>\nCompte tenu des finalit\u00e9s, la mise \u00e0 disposition des donn\u00e9es est n\u00e9cessaire. Le manque partiel ou des incoh\u00e9rences, rendra par cons\u00e9quent impossible l&rsquo;\u00e9tablissement ou la poursuite de la relation commerciale.<br \/>\nLe fondement de la l\u00e9gitimation est l&rsquo;obligation l\u00e9gale [art. 6 c.1 lett. (C)]\n<h4>2.3 Objectifs de d\u00e9veloppement commercial<\/h4>\n<p>Les donn\u00e9es peuvent \u00eatre utilis\u00e9es pour proposer des biens et services similaires \u00e0 ceux d\u00e9j\u00e0 soumis \u00e0 int\u00e9r\u00eat par l&rsquo;int\u00e9ress\u00e9.<br \/>\nLa base de l\u00e9gitimation est l&rsquo;int\u00e9r\u00eat l\u00e9gitime du d\u00e9veloppement des affaires de l&rsquo;entreprise [art. 6 c.1 lettre (F)]. L&rsquo;int\u00e9ress\u00e9 peut \u00e0 tout moment s&rsquo;opposer \u00e0 ce traitement.<\/p>\n<h3>3. M\u00c9THODES DE TRAITEMENT DES DONN\u00c9ES<\/h3>\n<p>Les donn\u00e9es personnelles sont trait\u00e9es de mani\u00e8re traditionnelle et \u00e0 l&rsquo;aide des technologies de l&rsquo;information.                                                                                                                                                      CLa s\u00e9curit\u00e9, l&rsquo;int\u00e9grit\u00e9 et la confidentialit\u00e9 des donn\u00e9es dans le respect des mesures organisationnelles, physiques et logiques pr\u00e9vues par les dispositions en vigueur seront garantie<br \/>\nTout le personnel impliqu\u00e9 dans le traitement sera qualifi\u00e9 autoris\u00e9.<\/p>\n<h3>4. P\u00c9RIODE DE CONSERVATION DES DONN\u00c9ES<\/h3>\n<p>Le responsable traitera les donn\u00e9es personnelles pendant le temps n\u00e9cessaire \u00e0 la r\u00e9alisation des finalit\u00e9s susmentionn\u00e9es et en tout cas pendant au moins 10 ans \u00e0 compter de la fin de la relation commerciale.<\/p>\n<h3>5. LE RESPONSABLE DU TRAITEMENT<\/h3>\n<p>Wintech Automation S.r.l<br \/>\nVia Fratelli Tampellini, 5<br \/>\n10093 Collegno, Italie<\/p>\n<h3>6. COMMUNICATION DONN\u00c9es<\/h3>\n<p>Communication et diffusion de donn\u00e9es personnelles pour la poursuite des finalit\u00e9s de traitement.<br \/>\nLe responsable du traitement peut communiquer les donn\u00e9es personnelles \u00e0 des sous-traitants ou \u00e0 des tiers aux quels la communication est n\u00e9cessaire pour satisfaire les exigences l\u00e9gales.                     (\u00e0 titre d&rsquo;exemple: personnes, entreprises ou bureaux professionnels, qui fournissent une assistance, des conseils ou collaboration en mati\u00e8re comptable, administrative, juridique, fiscale, financi\u00e8re, de gestion).<br \/>\nEn outre, les donn\u00e9es personnelles peuvent \u00eatre divulgu\u00e9es \u00e0 tout autre tiers ou propri\u00e9taire lorsque la communication est obligatoire par la loi ou pour fournir correctement les services pr\u00e9vus par le r\u00e8glement.<br \/>\nCat\u00e9gories de sujets susceptibles de prendre connaissance des donn\u00e9es personnelles en tant que sous-traitants :<\/p>\n<ul>\n<li>cabinet comptable, consultant en travail<\/li>\n<li>Partenaires informatiques et techniques<\/li>\n<li>consultant en syst\u00e8mes de gestion<\/li>\n<li>consultants en s\u00e9curit\u00e9 du travail<\/li>\n<\/ul>\n<p>Aucune des donn\u00e9es personnelles ne sera divulgu\u00e9e.<\/p>\n<h3>7. TRANSFERT DE DONN\u00c9ES EN DEHORS DE L&rsquo;UE<\/h3>\n<p>Il n&rsquo;y a pas de transfert de donn\u00e9es en dehors de l&rsquo;UE.<\/p>\n<h3>8. EXERCICE DES DROITS<\/h3>\n<p>Conform\u00e9ment aux articles 13, paragraphe 2, lettres b) et d), 15, 18, 19 et 21 du r\u00e8glement, l&rsquo;int\u00e9ress\u00e9 est inform\u00e9 qu&rsquo;il peut exercer ses droits \u00e0 tout moment:<\/p>\n<ul>\n<li>a. acc\u00e8s aux donn\u00e9es personnelles;<\/li>\n<li>obtenir la correction ou l&rsquo;annulation de celui-ci ou la limitation du traitement le concernant;<\/li>\n<li>s&rsquo;opposer au traitement;<\/li>\n<li>\u00e0 la portabilit\u00e9 des donn\u00e9es;<\/li>\n<li>retirer le consentement, le cas \u00e9ch\u00e9ant : le retrait du consentement n&rsquo;affecte pas la l\u00e9galit\u00e9 du traitement bas\u00e9 sur le consentement donn\u00e9 avant la r\u00e9vocation;<\/li>\n<li>d\u00e9poser une plainte aupr\u00e8s de l&rsquo;autorit\u00e9 de surveillance (Privacy Guarantor).<\/li>\n<p>L&rsquo;exercice de vos droits peut avoir lieu par l&rsquo;envoi d&rsquo;une demande par mail \u00e0 l&rsquo;adresse  <a id=\"linksingolo\" href=\"mailto:sales@wintech-automation.com\">sales@wintech-automation.com<\/a><\/p>\n<h3>9. RESPONSABLE PROTECTION DONN\u00c9ES<\/h3>\n<p>Le responsable de la protection des donn\u00e9es (DPD) est Fausto Rinaudo, qui peut \u00eatre contact\u00e9 par e-mail \u00e0 l&rsquo;adresse <a id=\"linksingolo\" href=\"mailto:sales@wintech-automation.com\">sales@wintech-automation.com<\/a><\/p>\n<h3>10. QUE FAIRE<\/h3>\n<p>Les informations sont mises \u00e0 la disposition de l&rsquo;int\u00e9ress\u00e9 \u00e0 chaque demande.<br \/>\nAucune r\u00e9troaction n&rsquo;est n\u00e9cessaire.<br \/>\nIl n&rsquo;est pas n\u00e9cessaire d&rsquo;accepter son contenu.<br \/>\nAucun consentement au traitement n&rsquo;est requis.<\/p>\n<h3>11. MISE \u00c0 JOUR<\/h3>\n<p>Information mise \u00e0 jour le 25 mai 2019[\/vc_column_text][\/vc_column][\/vc_row]\n<\/div>","protected":false},"excerpt":{"rendered":"<p>[vc_row][vc_column][vc_column_text] DIVULGATION CONFORM\u00c9MENT \u00c0 L&rsquo;ART. 13-14 DU R\u00c8GLEMENT UE 2016\/679 En tant que responsables du traitement des donn\u00e9es (ci-apr\u00e8s d\u00e9nomm\u00e9s \u00ab\u00a0responsables du traitement des donn\u00e9es\u00a0\u00bb), nous souhaitons vous informer, conform\u00e9ment aux articles 13 et 14 du r\u00e8glement UE 2016\/679 du RGPD, que vos donn\u00e9es personnelles seront trait\u00e9es de la mani\u00e8re et aux fins suivantes. Ces&hellip;<\/p>\n","protected":false},"author":1,"featured_media":0,"parent":0,"menu_order":0,"comment_status":"closed","ping_status":"open","template":"","meta":{"inline_featured_image":false,"footnotes":""},"yoast_head":"<!-- This site is optimized with the Yoast SEO plugin v22.1 - https:\/\/yoast.com\/wordpress\/plugins\/seo\/ -->\n<title>Politique de Confidentialit\u00e9 - Nide Wintech Automation - Tecnologie per motori elettrici<\/title>\n<meta name=\"robots\" content=\"index, follow, max-snippet:-1, max-image-preview:large, max-video-preview:-1\" \/>\n<link rel=\"canonical\" href=\"https:\/\/nidewintech.com\/fr\/politique-de-confidentialite\/\" \/>\n<meta property=\"og:locale\" content=\"fr_FR\" \/>\n<meta property=\"og:type\" content=\"article\" \/>\n<meta property=\"og:title\" content=\"Politique de Confidentialit\u00e9 - Nide Wintech Automation - Tecnologie per motori elettrici\" \/>\n<meta property=\"og:description\" content=\"[vc_row][vc_column][vc_column_text] DIVULGATION CONFORM\u00c9MENT \u00c0 L&rsquo;ART. 13-14 DU R\u00c8GLEMENT UE 2016\/679 En tant que responsables du traitement des donn\u00e9es (ci-apr\u00e8s d\u00e9nomm\u00e9s \u00ab\u00a0responsables du traitement des donn\u00e9es\u00a0\u00bb), nous souhaitons vous informer, conform\u00e9ment aux articles 13 et 14 du r\u00e8glement UE 2016\/679 du RGPD, que vos donn\u00e9es personnelles seront trait\u00e9es de la mani\u00e8re et aux fins suivantes. Ces&hellip;\" \/>\n<meta property=\"og:url\" content=\"https:\/\/nidewintech.com\/fr\/politique-de-confidentialite\/\" \/>\n<meta property=\"og:site_name\" content=\"Nide Wintech Automation - Tecnologie per motori elettrici\" \/>\n<meta property=\"article:modified_time\" content=\"2020-04-22T08:36:02+00:00\" \/>\n<meta name=\"twitter:card\" content=\"summary_large_image\" \/>\n<meta name=\"twitter:label1\" content=\"Dur\u00e9e de lecture estim\u00e9e\" \/>\n\t<meta name=\"twitter:data1\" content=\"5 minutes\" \/>\n<script type=\"application\/ld+json\" class=\"yoast-schema-graph\">{\"@context\":\"https:\/\/schema.org\",\"@graph\":[{\"@type\":\"WebPage\",\"@id\":\"https:\/\/nidewintech.com\/fr\/politique-de-confidentialite\/\",\"url\":\"https:\/\/nidewintech.com\/fr\/politique-de-confidentialite\/\",\"name\":\"Politique de Confidentialit\u00e9 - Nide Wintech Automation - Tecnologie per motori elettrici\",\"isPartOf\":{\"@id\":\"https:\/\/nidewintech.com\/#website\"},\"datePublished\":\"2020-04-22T08:36:01+00:00\",\"dateModified\":\"2020-04-22T08:36:02+00:00\",\"breadcrumb\":{\"@id\":\"https:\/\/nidewintech.com\/fr\/politique-de-confidentialite\/#breadcrumb\"},\"inLanguage\":\"fr-FR\",\"potentialAction\":[{\"@type\":\"ReadAction\",\"target\":[\"https:\/\/nidewintech.com\/fr\/politique-de-confidentialite\/\"]}]},{\"@type\":\"BreadcrumbList\",\"@id\":\"https:\/\/nidewintech.com\/fr\/politique-de-confidentialite\/#breadcrumb\",\"itemListElement\":[{\"@type\":\"ListItem\",\"position\":1,\"name\":\"Home\",\"item\":\"https:\/\/nidewintech.com\/\"},{\"@type\":\"ListItem\",\"position\":2,\"name\":\"Politique de Confidentialit\u00e9\"}]},{\"@type\":\"WebSite\",\"@id\":\"https:\/\/nidewintech.com\/#website\",\"url\":\"https:\/\/nidewintech.com\/\",\"name\":\"Nide Wintech Automation - Tecnologie per motori elettrici\",\"description\":\"Produzione di motori elettrici\",\"publisher\":{\"@id\":\"https:\/\/nidewintech.com\/#organization\"},\"potentialAction\":[{\"@type\":\"SearchAction\",\"target\":{\"@type\":\"EntryPoint\",\"urlTemplate\":\"https:\/\/nidewintech.com\/?s={search_term_string}\"},\"query-input\":\"required name=search_term_string\"}],\"inLanguage\":\"fr-FR\"},{\"@type\":\"Organization\",\"@id\":\"https:\/\/nidewintech.com\/#organization\",\"name\":\"Nide Wintech Automation - Tecnologie per motori elettrici\",\"url\":\"https:\/\/nidewintech.com\/\",\"logo\":{\"@type\":\"ImageObject\",\"inLanguage\":\"fr-FR\",\"@id\":\"https:\/\/nidewintech.com\/#\/schema\/logo\/image\/\",\"url\":\"https:\/\/nidewintech.com\/wp-content\/uploads\/2023\/07\/Logo-Nide-Wintech-WEB.png\",\"contentUrl\":\"https:\/\/nidewintech.com\/wp-content\/uploads\/2023\/07\/Logo-Nide-Wintech-WEB.png\",\"width\":1000,\"height\":474,\"caption\":\"Nide Wintech Automation - Tecnologie per motori elettrici\"},\"image\":{\"@id\":\"https:\/\/nidewintech.com\/#\/schema\/logo\/image\/\"}}]}<\/script>\n<!-- \/ Yoast SEO plugin. -->","yoast_head_json":{"title":"Politique de Confidentialit\u00e9 - Nide Wintech Automation - Tecnologie per motori elettrici","robots":{"index":"index","follow":"follow","max-snippet":"max-snippet:-1","max-image-preview":"max-image-preview:large","max-video-preview":"max-video-preview:-1"},"canonical":"https:\/\/nidewintech.com\/fr\/politique-de-confidentialite\/","og_locale":"fr_FR","og_type":"article","og_title":"Politique de Confidentialit\u00e9 - Nide Wintech Automation - Tecnologie per motori elettrici","og_description":"[vc_row][vc_column][vc_column_text] DIVULGATION CONFORM\u00c9MENT \u00c0 L&rsquo;ART. 13-14 DU R\u00c8GLEMENT UE 2016\/679 En tant que responsables du traitement des donn\u00e9es (ci-apr\u00e8s d\u00e9nomm\u00e9s \u00ab\u00a0responsables du traitement des donn\u00e9es\u00a0\u00bb), nous souhaitons vous informer, conform\u00e9ment aux articles 13 et 14 du r\u00e8glement UE 2016\/679 du RGPD, que vos donn\u00e9es personnelles seront trait\u00e9es de la mani\u00e8re et aux fins suivantes. Ces&hellip;","og_url":"https:\/\/nidewintech.com\/fr\/politique-de-confidentialite\/","og_site_name":"Nide Wintech Automation - Tecnologie per motori elettrici","article_modified_time":"2020-04-22T08:36:02+00:00","twitter_card":"summary_large_image","twitter_misc":{"Dur\u00e9e de lecture estim\u00e9e":"5 minutes"},"schema":{"@context":"https:\/\/schema.org","@graph":[{"@type":"WebPage","@id":"https:\/\/nidewintech.com\/fr\/politique-de-confidentialite\/","url":"https:\/\/nidewintech.com\/fr\/politique-de-confidentialite\/","name":"Politique de Confidentialit\u00e9 - Nide Wintech Automation - Tecnologie per motori elettrici","isPartOf":{"@id":"https:\/\/nidewintech.com\/#website"},"datePublished":"2020-04-22T08:36:01+00:00","dateModified":"2020-04-22T08:36:02+00:00","breadcrumb":{"@id":"https:\/\/nidewintech.com\/fr\/politique-de-confidentialite\/#breadcrumb"},"inLanguage":"fr-FR","potentialAction":[{"@type":"ReadAction","target":["https:\/\/nidewintech.com\/fr\/politique-de-confidentialite\/"]}]},{"@type":"BreadcrumbList","@id":"https:\/\/nidewintech.com\/fr\/politique-de-confidentialite\/#breadcrumb","itemListElement":[{"@type":"ListItem","position":1,"name":"Home","item":"https:\/\/nidewintech.com\/"},{"@type":"ListItem","position":2,"name":"Politique de Confidentialit\u00e9"}]},{"@type":"WebSite","@id":"https:\/\/nidewintech.com\/#website","url":"https:\/\/nidewintech.com\/","name":"Nide Wintech Automation - Tecnologie per motori elettrici","description":"Produzione di motori elettrici","publisher":{"@id":"https:\/\/nidewintech.com\/#organization"},"potentialAction":[{"@type":"SearchAction","target":{"@type":"EntryPoint","urlTemplate":"https:\/\/nidewintech.com\/?s={search_term_string}"},"query-input":"required name=search_term_string"}],"inLanguage":"fr-FR"},{"@type":"Organization","@id":"https:\/\/nidewintech.com\/#organization","name":"Nide Wintech Automation - Tecnologie per motori elettrici","url":"https:\/\/nidewintech.com\/","logo":{"@type":"ImageObject","inLanguage":"fr-FR","@id":"https:\/\/nidewintech.com\/#\/schema\/logo\/image\/","url":"https:\/\/nidewintech.com\/wp-content\/uploads\/2023\/07\/Logo-Nide-Wintech-WEB.png","contentUrl":"https:\/\/nidewintech.com\/wp-content\/uploads\/2023\/07\/Logo-Nide-Wintech-WEB.png","width":1000,"height":474,"caption":"Nide Wintech Automation - Tecnologie per motori elettrici"},"image":{"@id":"https:\/\/nidewintech.com\/#\/schema\/logo\/image\/"}}]}},"_links":{"self":[{"href":"https:\/\/nidewintech.com\/fr\/wp-json\/wp\/v2\/pages\/966"}],"collection":[{"href":"https:\/\/nidewintech.com\/fr\/wp-json\/wp\/v2\/pages"}],"about":[{"href":"https:\/\/nidewintech.com\/fr\/wp-json\/wp\/v2\/types\/page"}],"author":[{"embeddable":true,"href":"https:\/\/nidewintech.com\/fr\/wp-json\/wp\/v2\/users\/1"}],"replies":[{"embeddable":true,"href":"https:\/\/nidewintech.com\/fr\/wp-json\/wp\/v2\/comments?post=966"}],"version-history":[{"count":1,"href":"https:\/\/nidewintech.com\/fr\/wp-json\/wp\/v2\/pages\/966\/revisions"}],"predecessor-version":[{"id":967,"href":"https:\/\/nidewintech.com\/fr\/wp-json\/wp\/v2\/pages\/966\/revisions\/967"}],"wp:attachment":[{"href":"https:\/\/nidewintech.com\/fr\/wp-json\/wp\/v2\/media?parent=966"}],"curies":[{"name":"wp","href":"https:\/\/api.w.org\/{rel}","templated":true}]}}