{"id":900,"date":"2020-04-14T15:38:47","date_gmt":"2020-04-14T15:38:47","guid":{"rendered":"https:\/\/nidewintech.com\/contacts\/"},"modified":"2025-01-17T13:53:30","modified_gmt":"2025-01-17T13:53:30","slug":"contacts","status":"publish","type":"page","link":"https:\/\/nidewintech.com\/fr\/contacts\/","title":{"rendered":"Contacts"},"content":{"rendered":"<div class=\"wpb-content-wrapper\">[vc_row full_width=\u00a0\u00bbstretch_row_content_no_spaces\u00a0\u00bb content_placement=\u00a0\u00bbmiddle\u00a0\u00bb column_spacing=\u00a0\u00bb0px\u00a0\u00bb min_height=\u00a0\u00bb400px\u00a0\u00bb css=\u00a0\u00bb.vc_custom_1589786317561{background-image: url(https:\/\/nidewintech.com\/wp-content\/uploads\/2020\/05\/Banner-contacts.jpg?id=1179) !important;background-position: center !important;background-repeat: no-repeat !important;background-size: cover !important;}\u00a0\u00bb visibility=\u00a0\u00bbhidden-phone\u00a0\u00bb wpex_bg_position=\u00a0\u00bbcenter center\u00a0\u00bb][vc_column][\/vc_column][\/vc_row][vc_row][vc_column]<style> style=\"height:50px;\"<\/style><div class=\"vcex-spacing wpex-w-100 wpex-clear\" style=\"height:50px;\"><\/div><style>.vcex-breadcrumbs.vcex_69e7750e67f18{text-align:right;font-size:14px;}@media (max-width:1024px){.vcex-breadcrumbs.vcex_69e7750e67f18{font-size:13px;}}@media (max-width:959px){.vcex-breadcrumbs.vcex_69e7750e67f18{font-size:13px;}}@media (max-width:767px){.vcex-breadcrumbs.vcex_69e7750e67f18{font-size:12px;}}@media (max-width:479px){.vcex-breadcrumbs.vcex_69e7750e67f18{font-size:11px;}}<\/style><nav class=\"vcex-breadcrumbs vcex-breadcrumbs--links-inherit-color vcex_69e7750e67f18\"><span><span><a href=\"https:\/\/nidewintech.com\/\">Home<\/a><\/span><\/span><\/nav>[\/vc_column][vc_column]<style>.vcex-heading.vcex_69e7750e698b5{font-size:25px;font-weight:600;}@media (max-width:1024px){.vcex-heading.vcex_69e7750e698b5{font-size:25px;}}@media (max-width:959px){.vcex-heading.vcex_69e7750e698b5{font-size:23px;}}@media (max-width:767px){.vcex-heading.vcex_69e7750e698b5{font-size:20px;}}@media (max-width:479px){.vcex-heading.vcex_69e7750e698b5{font-size:20px;}}<\/style><div class=\"vcex-heading vcex-heading-plain vcex-module wpex-heading wpex-text-2xl wpex-text-left vc_custom_1587549656708 vcex_69e7750e698b5\"><span class=\"vcex-heading-inner wpex-inline-block\">RENSEIGNEMENT<\/span><\/div>[vc_column_text css=\u00a0\u00bb.vc_custom_1737121769068{padding-bottom: 25px !important;}\u00a0\u00bb]\n<p style=\"text-align: left;\">Si vous souhaitez avoir plus d&rsquo;informations sur notre entreprise ou nos produits, notre bureau sera ravie de r\u00e9pondre \u00e0 vos questions ou d&rsquo;\u00e9laborer rapidement une offre. Les donn\u00e9es requises sont essentielles pour le traitement initial.<\/p>\n<div class=\"vcex-heading vcex-heading-plain vcex-module wpex-heading wpex-text-2xl wpex-text-center vcex_678a60c92f76e\" style=\"text-align: left;\"><span class=\"vcex-heading-inner wpex-inline-block\">NIDE WINTECH SRL<\/span><\/div>\n<div class=\"wpb_text_column has-custom-color wpex-child-inherit-color wpb_content_element \">\n<div class=\"wpb_wrapper\">\n<p class=\"p1\" style=\"text-align: left;\"><strong>T\u00e9l\u00e9phone:<\/strong>\u00a0+39 011 18 952 133<br \/>\n<strong>E-mail<\/strong>:\u00a0<a id=\"linksingolo\" href=\"mailto:info@nidewintech.com\">info@nidewintech.com<\/a><br \/>\n<strong>Quartier G\u00e9n\u00e9ral:<\/strong>\u00a0 Via Italia, n.42 \u2013 10093 Collegno, Italie<br \/>\n<strong>Si\u00e8ge social:<\/strong>\u00a0Via San Francesco d\u2019Assisi, 18 \u2013 10122 Torino, Italie<br \/>\n<strong>Num\u00e9ro de TVA:\u00a0<\/strong>11975820017<\/p>\n<\/div>\n<\/div>\n[\/vc_column_text][\/vc_column][\/vc_row]\n<\/div>","protected":false},"excerpt":{"rendered":"<p>[vc_row full_width=\u00a0\u00bbstretch_row_content_no_spaces\u00a0\u00bb content_placement=\u00a0\u00bbmiddle\u00a0\u00bb column_spacing=\u00a0\u00bb0px\u00a0\u00bb min_height=\u00a0\u00bb400px\u00a0\u00bb css=\u00a0\u00bb.vc_custom_1589786317561{background-image: url(https:\/\/nidewintech.com\/wp-content\/uploads\/2020\/05\/Banner-contacts.jpg?id=1179) !important;background-position: center !important;background-repeat: no-repeat !important;background-size: cover !important;}\u00a0\u00bb visibility=\u00a0\u00bbhidden-phone\u00a0\u00bb wpex_bg_position=\u00a0\u00bbcenter center\u00a0\u00bb][vc_column][\/vc_column][\/vc_row][vc_row][vc_column][\/vc_column][vc_column][vc_column_text css=\u00a0\u00bb.vc_custom_1737121769068{padding-bottom: 25px !important;}\u00a0\u00bb] Si vous souhaitez avoir plus d&rsquo;informations sur notre entreprise ou nos produits, notre bureau sera ravie de r\u00e9pondre \u00e0 vos questions ou d&rsquo;\u00e9laborer rapidement une offre. Les donn\u00e9es requises sont essentielles pour le traitement initial.&hellip;<\/p>\n","protected":false},"author":1,"featured_media":0,"parent":0,"menu_order":0,"comment_status":"closed","ping_status":"closed","template":"","meta":{"inline_featured_image":false,"footnotes":""},"yoast_head":"<!-- This site is optimized with the Yoast SEO plugin v22.1 - https:\/\/yoast.com\/wordpress\/plugins\/seo\/ -->\n<title>Wintech Automation | Contacts<\/title>\n<meta name=\"description\" content=\"Nos contacts: +39 011 18 952 133, sales@wintech-automation.com Si\u00e8ge social: Via F.lli Tampellini, 5 \u2013 10093 Collegno, Italie\" \/>\n<meta name=\"robots\" content=\"index, follow, max-snippet:-1, max-image-preview:large, max-video-preview:-1\" \/>\n<link rel=\"canonical\" href=\"https:\/\/nidewintech.com\/contatti\/\" \/>\n<meta property=\"og:locale\" content=\"fr_FR\" \/>\n<meta property=\"og:type\" content=\"article\" \/>\n<meta property=\"og:title\" content=\"Wintech Automation | Contacts\" \/>\n<meta property=\"og:description\" content=\"Nos contacts: +39 011 18 952 133, sales@wintech-automation.com Si\u00e8ge social: Via F.lli Tampellini, 5 \u2013 10093 Collegno, Italie\" \/>\n<meta property=\"og:url\" content=\"https:\/\/nidewintech.com\/contatti\/\" \/>\n<meta property=\"og:site_name\" content=\"Nide Wintech Automation - Tecnologie per motori elettrici\" \/>\n<meta property=\"article:modified_time\" content=\"2025-01-17T13:53:30+00:00\" \/>\n<meta name=\"twitter:card\" content=\"summary_large_image\" \/>\n<meta name=\"twitter:label1\" content=\"Dur\u00e9e de lecture estim\u00e9e\" \/>\n\t<meta name=\"twitter:data1\" content=\"1 minute\" \/>\n<script type=\"application\/ld+json\" class=\"yoast-schema-graph\">{\"@context\":\"https:\/\/schema.org\",\"@graph\":[{\"@type\":\"WebPage\",\"@id\":\"https:\/\/nidewintech.com\/contatti\/\",\"url\":\"https:\/\/nidewintech.com\/contatti\/\",\"name\":\"Wintech Automation | Contacts\",\"isPartOf\":{\"@id\":\"https:\/\/nidewintech.com\/#website\"},\"datePublished\":\"2020-04-14T15:38:47+00:00\",\"dateModified\":\"2025-01-17T13:53:30+00:00\",\"description\":\"Nos contacts: +39 011 18 952 133, sales@wintech-automation.com Si\u00e8ge social: Via F.lli Tampellini, 5 \u2013 10093 Collegno, Italie\",\"breadcrumb\":{\"@id\":\"https:\/\/nidewintech.com\/contatti\/#breadcrumb\"},\"inLanguage\":\"fr-FR\",\"potentialAction\":[{\"@type\":\"ReadAction\",\"target\":[\"https:\/\/nidewintech.com\/contatti\/\"]}]},{\"@type\":\"BreadcrumbList\",\"@id\":\"https:\/\/nidewintech.com\/contatti\/#breadcrumb\",\"itemListElement\":[{\"@type\":\"ListItem\",\"position\":1,\"name\":\"Home\",\"item\":\"https:\/\/nidewintech.com\/\"},{\"@type\":\"ListItem\",\"position\":2,\"name\":\"Contacts\"}]},{\"@type\":\"WebSite\",\"@id\":\"https:\/\/nidewintech.com\/#website\",\"url\":\"https:\/\/nidewintech.com\/\",\"name\":\"Nide Wintech Automation - Tecnologie per motori elettrici\",\"description\":\"Produzione di motori elettrici\",\"publisher\":{\"@id\":\"https:\/\/nidewintech.com\/#organization\"},\"potentialAction\":[{\"@type\":\"SearchAction\",\"target\":{\"@type\":\"EntryPoint\",\"urlTemplate\":\"https:\/\/nidewintech.com\/?s={search_term_string}\"},\"query-input\":\"required name=search_term_string\"}],\"inLanguage\":\"fr-FR\"},{\"@type\":\"Organization\",\"@id\":\"https:\/\/nidewintech.com\/#organization\",\"name\":\"Nide Wintech Automation - Tecnologie per motori elettrici\",\"url\":\"https:\/\/nidewintech.com\/\",\"logo\":{\"@type\":\"ImageObject\",\"inLanguage\":\"fr-FR\",\"@id\":\"https:\/\/nidewintech.com\/#\/schema\/logo\/image\/\",\"url\":\"https:\/\/nidewintech.com\/wp-content\/uploads\/2023\/07\/Logo-Nide-Wintech-WEB.png\",\"contentUrl\":\"https:\/\/nidewintech.com\/wp-content\/uploads\/2023\/07\/Logo-Nide-Wintech-WEB.png\",\"width\":1000,\"height\":474,\"caption\":\"Nide Wintech Automation - Tecnologie per motori elettrici\"},\"image\":{\"@id\":\"https:\/\/nidewintech.com\/#\/schema\/logo\/image\/\"}}]}<\/script>\n<!-- \/ Yoast SEO plugin. -->","yoast_head_json":{"title":"Wintech Automation | Contacts","description":"Nos contacts: +39 011 18 952 133, sales@wintech-automation.com Si\u00e8ge social: Via F.lli Tampellini, 5 \u2013 10093 Collegno, Italie","robots":{"index":"index","follow":"follow","max-snippet":"max-snippet:-1","max-image-preview":"max-image-preview:large","max-video-preview":"max-video-preview:-1"},"canonical":"https:\/\/nidewintech.com\/contatti\/","og_locale":"fr_FR","og_type":"article","og_title":"Wintech Automation | Contacts","og_description":"Nos contacts: +39 011 18 952 133, sales@wintech-automation.com Si\u00e8ge social: Via F.lli Tampellini, 5 \u2013 10093 Collegno, Italie","og_url":"https:\/\/nidewintech.com\/contatti\/","og_site_name":"Nide Wintech Automation - Tecnologie per motori elettrici","article_modified_time":"2025-01-17T13:53:30+00:00","twitter_card":"summary_large_image","twitter_misc":{"Dur\u00e9e de lecture estim\u00e9e":"1 minute"},"schema":{"@context":"https:\/\/schema.org","@graph":[{"@type":"WebPage","@id":"https:\/\/nidewintech.com\/contatti\/","url":"https:\/\/nidewintech.com\/contatti\/","name":"Wintech Automation | Contacts","isPartOf":{"@id":"https:\/\/nidewintech.com\/#website"},"datePublished":"2020-04-14T15:38:47+00:00","dateModified":"2025-01-17T13:53:30+00:00","description":"Nos contacts: +39 011 18 952 133, sales@wintech-automation.com Si\u00e8ge social: Via F.lli Tampellini, 5 \u2013 10093 Collegno, Italie","breadcrumb":{"@id":"https:\/\/nidewintech.com\/contatti\/#breadcrumb"},"inLanguage":"fr-FR","potentialAction":[{"@type":"ReadAction","target":["https:\/\/nidewintech.com\/contatti\/"]}]},{"@type":"BreadcrumbList","@id":"https:\/\/nidewintech.com\/contatti\/#breadcrumb","itemListElement":[{"@type":"ListItem","position":1,"name":"Home","item":"https:\/\/nidewintech.com\/"},{"@type":"ListItem","position":2,"name":"Contacts"}]},{"@type":"WebSite","@id":"https:\/\/nidewintech.com\/#website","url":"https:\/\/nidewintech.com\/","name":"Nide Wintech Automation - Tecnologie per motori elettrici","description":"Produzione di motori elettrici","publisher":{"@id":"https:\/\/nidewintech.com\/#organization"},"potentialAction":[{"@type":"SearchAction","target":{"@type":"EntryPoint","urlTemplate":"https:\/\/nidewintech.com\/?s={search_term_string}"},"query-input":"required name=search_term_string"}],"inLanguage":"fr-FR"},{"@type":"Organization","@id":"https:\/\/nidewintech.com\/#organization","name":"Nide Wintech Automation - Tecnologie per motori elettrici","url":"https:\/\/nidewintech.com\/","logo":{"@type":"ImageObject","inLanguage":"fr-FR","@id":"https:\/\/nidewintech.com\/#\/schema\/logo\/image\/","url":"https:\/\/nidewintech.com\/wp-content\/uploads\/2023\/07\/Logo-Nide-Wintech-WEB.png","contentUrl":"https:\/\/nidewintech.com\/wp-content\/uploads\/2023\/07\/Logo-Nide-Wintech-WEB.png","width":1000,"height":474,"caption":"Nide Wintech Automation - Tecnologie per motori elettrici"},"image":{"@id":"https:\/\/nidewintech.com\/#\/schema\/logo\/image\/"}}]}},"_links":{"self":[{"href":"https:\/\/nidewintech.com\/fr\/wp-json\/wp\/v2\/pages\/900"}],"collection":[{"href":"https:\/\/nidewintech.com\/fr\/wp-json\/wp\/v2\/pages"}],"about":[{"href":"https:\/\/nidewintech.com\/fr\/wp-json\/wp\/v2\/types\/page"}],"author":[{"embeddable":true,"href":"https:\/\/nidewintech.com\/fr\/wp-json\/wp\/v2\/users\/1"}],"replies":[{"embeddable":true,"href":"https:\/\/nidewintech.com\/fr\/wp-json\/wp\/v2\/comments?post=900"}],"version-history":[{"count":14,"href":"https:\/\/nidewintech.com\/fr\/wp-json\/wp\/v2\/pages\/900\/revisions"}],"predecessor-version":[{"id":3580,"href":"https:\/\/nidewintech.com\/fr\/wp-json\/wp\/v2\/pages\/900\/revisions\/3580"}],"wp:attachment":[{"href":"https:\/\/nidewintech.com\/fr\/wp-json\/wp\/v2\/media?parent=900"}],"curies":[{"name":"wp","href":"https:\/\/api.w.org\/{rel}","templated":true}]}}