{"id":838,"date":"2020-04-14T13:43:06","date_gmt":"2020-04-14T13:43:06","guid":{"rendered":"https:\/\/nidewintech.com\/support-technique\/"},"modified":"2023-07-13T08:56:30","modified_gmt":"2023-07-13T08:56:30","slug":"support-technique","status":"publish","type":"page","link":"https:\/\/nidewintech.com\/fr\/support-technique\/","title":{"rendered":"Support Technique"},"content":{"rendered":"<div class=\"wpb-content-wrapper\">[vc_row full_width=\u00a0\u00bbstretch_row\u00a0\u00bb content_placement=\u00a0\u00bbmiddle\u00a0\u00bb column_spacing=\u00a0\u00bb0px\u00a0\u00bb wpex_fixed_bg=\u00a0\u00bbfixed\u00a0\u00bb css=\u00a0\u00bb.vc_custom_1589787503208{background-image: url(https:\/\/nidewintech.com\/wp-content\/uploads\/2020\/05\/Banner-servizi.jpg?id=1188) !important;background-position: center !important;background-repeat: no-repeat !important;background-size: cover !important;}\u00a0\u00bb wpex_bg_position=\u00a0\u00bbcenter center\u00a0\u00bb min_height=\u00a0\u00bb400px\u00a0\u00bb visibility=\u00a0\u00bbhidden-phone\u00a0\u00bb][vc_column][\/vc_column][\/vc_row][vc_row content_placement=\u00a0\u00bbmiddle\u00a0\u00bb column_spacing=\u00a0\u00bb0px\u00a0\u00bb min_height=\u00a0\u00bb400px\u00a0\u00bb][vc_column]<style> style=\"height:80px;\"<\/style><div class=\"vcex-spacing wpex-w-100 wpex-clear\" style=\"height:80px;\"><\/div><style>.vcex-heading.vcex_69e01b399fe57{color:#9f4f3e;font-size:35px;font-weight:300;text-transform:capitalize;}@media (max-width:1024px){.vcex-heading.vcex_69e01b399fe57{font-size:30px;}}@media (max-width:959px){.vcex-heading.vcex_69e01b399fe57{font-size:30px;}}@media (max-width:767px){.vcex-heading.vcex_69e01b399fe57{font-size:25px;}}@media (max-width:479px){.vcex-heading.vcex_69e01b399fe57{font-size:25px;}}<\/style><h1 class=\"vcex-heading vcex-heading-plain vcex-module wpex-heading wpex-text-2xl wpex-text-center vcex_69e01b399fe57\"><span class=\"vcex-heading-inner wpex-inline-block\">NIDE WINTECH<\/span><\/h1><style>.vcex-heading.vcex_69e01b39a048a{font-size:22px;font-weight:300;}@media (max-width:1024px){.vcex-heading.vcex_69e01b39a048a{font-size:20px;}}@media (max-width:959px){.vcex-heading.vcex_69e01b39a048a{font-size:20px;}}@media (max-width:767px){.vcex-heading.vcex_69e01b39a048a{font-size:18px;}}@media (max-width:479px){.vcex-heading.vcex_69e01b39a048a{font-size:18px;}}<\/style><h2 class=\"vcex-heading vcex-heading-plain vcex-module wpex-heading wpex-text-2xl wpex-text-center wpex-italic vcex_69e01b39a048a\"><span class=\"vcex-heading-inner wpex-inline-block\">Support Technique<\/span><\/h2><div class=\"vcex-spacing wpex-w-100 wpex-clear\"><\/div>[vc_column_text font_size=\u00a0\u00bbd:18px|tl:18px|tp:18px|pl:15px|pp:15px\u00a0\u00bb font_weight=\u00a0\u00bb300&Prime;]\nNide Wintech se distingue pas seulement par son rendement \u00e9lev\u00e9 et la qualit\u00e9 exceptionnelle des machines, mais \u00e9galement par son <strong>excellent service apr\u00e8s-vente<\/strong>.<br \/>\nC\u2019est une priorit\u00e9 pour nous d\u2019offrir une\u00a0<strong>assistance \u00e0 nos clients m\u00eame apr\u00e8s la fourniture du syst\u00e8me<\/strong>.<br \/>\nL\u2019objectif fondamental est de pr\u00e9server l\u2019efficacit\u00e9 de la machine dans le temps permettent \u00e0 nos syst\u00e8mes de durer longtemps et, si n\u00e9cessaire, d\u2019\u00eatre reconditionn\u00e9s pour de nouvelles g\u00e9n\u00e9rations de produits.<br \/>\nNos techniciens suivent une formation constante en interne, afin de pouvoir garantir une intervention avec connaissance sp\u00e9cifique de l\u2019installation.<br \/>\nNotre assistance peut assurer un temps d\u2019arr\u00eat minimum et des diagnostics en ligne \u00e0 distance 24h \/ 24 et 7j \/ 7.<br \/>\n[\/vc_column_text]<style> style=\"height:100px;\"<\/style><div class=\"vcex-spacing wpex-w-100 wpex-clear\" style=\"height:100px;\"><\/div>[\/vc_column][\/vc_row][vc_row][vc_column width=\u00a0\u00bb1\/6&Prime; offset=\u00a0\u00bbvc_col-xs-6&Prime;]<div class=\"vcex-module vcex-icon-box vcex-icon-box-two wpex-block wpex-text-center equal-height-content\"><div class=\"vcex-icon-box-symbol wpex-mb-20\"><div class=\"vcex-icon-box-icon wpex-inline-flex wpex-items-center wpex-justify-center wpex-child-inherit-color wpex-text-center wpex-leading-none wpex-text-1\" style=\"color:#9f4f3e;font-size:35px;\"><span class=\"ticon ticon-truck\" aria-hidden=\"true\"><\/span><\/div><\/div><div class=\"vcex-icon-box-text\"><h2 class=\"vcex-icon-box-heading wpex-heading wpex-text-md wpex-mb-10\" style=\"color:#9f4f3e;--wpex-hover-heading-link-color:#9f4f3e;\">SAV<\/h2><\/div><\/div>[\/vc_column][vc_column width=\u00a0\u00bb1\/6&Prime; offset=\u00a0\u00bbvc_col-xs-6&Prime;]<div class=\"vcex-module vcex-icon-box vcex-icon-box-two wpex-block wpex-text-center equal-height-content\"><div class=\"vcex-icon-box-symbol wpex-mb-20\"><div class=\"vcex-icon-box-icon wpex-inline-flex wpex-items-center wpex-justify-center wpex-child-inherit-color wpex-text-center wpex-leading-none wpex-text-1\" style=\"color:#9f4f3e;font-size:35px;\"><span class=\"ticon ticon-phone\" aria-hidden=\"true\"><\/span><\/div><\/div><div class=\"vcex-icon-box-text\"><h2 class=\"vcex-icon-box-heading wpex-heading wpex-text-md wpex-mb-10\" style=\"color:#9f4f3e;--wpex-hover-heading-link-color:#9f4f3e;\">ASSISTENCE A DISTENCE H24<\/h2><\/div><\/div>[\/vc_column][vc_column width=\u00a0\u00bb1\/6&Prime; offset=\u00a0\u00bbvc_col-xs-6&Prime;]<div class=\"vcex-module vcex-icon-box vcex-icon-box-two wpex-block wpex-text-center equal-height-content\"><div class=\"vcex-icon-box-symbol wpex-mb-20\"><div class=\"vcex-icon-box-icon wpex-inline-flex wpex-items-center wpex-justify-center wpex-child-inherit-color wpex-text-center wpex-leading-none wpex-text-1\" style=\"color:#9f4f3e;font-size:35px;\"><span class=\"ticon ticon-cogs\" aria-hidden=\"true\"><\/span><\/div><\/div><div class=\"vcex-icon-box-text\"><h2 class=\"vcex-icon-box-heading wpex-heading wpex-text-md wpex-mb-10\" style=\"color:#9f4f3e;--wpex-hover-heading-link-color:#9f4f3e;\">PIECES DE RECHANGE<\/h2><\/div><\/div>[\/vc_column][vc_column width=\u00a0\u00bb1\/6&Prime; offset=\u00a0\u00bbvc_col-xs-6&Prime;]<div class=\"vcex-module vcex-icon-box vcex-icon-box-two wpex-block wpex-text-center equal-height-content\"><div class=\"vcex-icon-box-symbol wpex-mb-20\"><div class=\"vcex-icon-box-icon wpex-inline-flex wpex-items-center wpex-justify-center wpex-child-inherit-color wpex-text-center wpex-leading-none wpex-text-1\" style=\"color:#9f4f3e;font-size:35px;\"><span class=\"ticon ticon-handshake-o\" aria-hidden=\"true\"><\/span><\/div><\/div><div class=\"vcex-icon-box-text\"><h2 class=\"vcex-icon-box-heading wpex-heading wpex-text-md wpex-mb-10\" style=\"color:#9f4f3e;--wpex-hover-heading-link-color:#9f4f3e;\">FORMATION<\/h2><\/div><\/div>[\/vc_column][vc_column width=\u00a0\u00bb1\/6&Prime; offset=\u00a0\u00bbvc_col-xs-6&Prime;]<div class=\"vcex-module vcex-icon-box vcex-icon-box-two wpex-block wpex-text-center equal-height-content\"><div class=\"vcex-icon-box-symbol wpex-mb-20\"><div class=\"vcex-icon-box-icon wpex-inline-flex wpex-items-center wpex-justify-center wpex-child-inherit-color wpex-text-center wpex-leading-none wpex-text-1\" style=\"color:#9f4f3e;font-size:35px;\"><span class=\"ticon ticon-trophy\" aria-hidden=\"true\"><\/span><\/div><\/div><div class=\"vcex-icon-box-text\"><h2 class=\"vcex-icon-box-heading wpex-heading wpex-text-md wpex-mb-10\" style=\"color:#9f4f3e;--wpex-hover-heading-link-color:#9f4f3e;\">INDUSTRI 4.0<\/h2><\/div><\/div>[\/vc_column][vc_column width=\u00a0\u00bb1\/6&Prime; offset=\u00a0\u00bbvc_col-xs-6&Prime;]<div class=\"vcex-module vcex-icon-box vcex-icon-box-two wpex-block wpex-text-center equal-height-content\"><div class=\"vcex-icon-box-symbol wpex-mb-20\"><div class=\"vcex-icon-box-icon wpex-inline-flex wpex-items-center wpex-justify-center wpex-child-inherit-color wpex-text-center wpex-leading-none wpex-text-1\" style=\"color:#9f4f3e;font-size:35px;\"><span class=\"ticon ticon-globe\" aria-hidden=\"true\"><\/span><\/div><\/div><div class=\"vcex-icon-box-text\"><h2 class=\"vcex-icon-box-heading wpex-heading wpex-text-md wpex-mb-10\" style=\"color:#9f4f3e;--wpex-hover-heading-link-color:#9f4f3e;\">CONSULTATION<\/h2><\/div><\/div>[\/vc_column][vc_column]<style> style=\"height:60px;\"<\/style><div class=\"vcex-spacing wpex-w-100 wpex-clear\" style=\"height:60px;\"><\/div>[\/vc_column][\/vc_row]\n<\/div>","protected":false},"excerpt":{"rendered":"<p>[vc_row full_width=\u00a0\u00bbstretch_row\u00a0\u00bb content_placement=\u00a0\u00bbmiddle\u00a0\u00bb column_spacing=\u00a0\u00bb0px\u00a0\u00bb wpex_fixed_bg=\u00a0\u00bbfixed\u00a0\u00bb css=\u00a0\u00bb.vc_custom_1589787503208{background-image: url(https:\/\/nidewintech.com\/wp-content\/uploads\/2020\/05\/Banner-servizi.jpg?id=1188) !important;background-position: center !important;background-repeat: no-repeat !important;background-size: cover !important;}\u00a0\u00bb wpex_bg_position=\u00a0\u00bbcenter center\u00a0\u00bb min_height=\u00a0\u00bb400px\u00a0\u00bb visibility=\u00a0\u00bbhidden-phone\u00a0\u00bb][vc_column][\/vc_column][\/vc_row][vc_row content_placement=\u00a0\u00bbmiddle\u00a0\u00bb column_spacing=\u00a0\u00bb0px\u00a0\u00bb min_height=\u00a0\u00bb400px\u00a0\u00bb][vc_column][vc_column_text font_size=\u00a0\u00bbd:18px|tl:18px|tp:18px|pl:15px|pp:15px\u00a0\u00bb font_weight=\u00a0\u00bb300&Prime;] Nide Wintech se distingue pas seulement par son rendement \u00e9lev\u00e9 et la qualit\u00e9 exceptionnelle des machines, mais \u00e9galement par son excellent service apr\u00e8s-vente. C\u2019est une priorit\u00e9 pour nous d\u2019offrir une\u00a0assistance \u00e0 nos&hellip;<\/p>\n","protected":false},"author":1,"featured_media":0,"parent":0,"menu_order":0,"comment_status":"closed","ping_status":"closed","template":"","meta":{"inline_featured_image":false,"footnotes":""},"yoast_head":"<!-- This site is optimized with the Yoast SEO plugin v22.1 - https:\/\/yoast.com\/wordpress\/plugins\/seo\/ -->\n<title>Nide Wintech Automation | Support Technique<\/title>\n<meta name=\"description\" content=\"Nide Wintech se distingue \u00e9galement par son excellent service apr\u00e8s-vente, offrant une assistance \u00e0 nos clients m\u00eame apr\u00e8s la livraison.\" \/>\n<meta name=\"robots\" content=\"index, follow, max-snippet:-1, max-image-preview:large, max-video-preview:-1\" \/>\n<link rel=\"canonical\" href=\"https:\/\/nidewintech.com\/servizi-wintech\/\" \/>\n<meta property=\"og:locale\" content=\"fr_FR\" \/>\n<meta property=\"og:type\" content=\"article\" \/>\n<meta property=\"og:title\" content=\"Nide Wintech Automation | Support Technique\" \/>\n<meta property=\"og:description\" content=\"Nide Wintech se distingue \u00e9galement par son excellent service apr\u00e8s-vente, offrant une assistance \u00e0 nos clients m\u00eame apr\u00e8s la livraison.\" \/>\n<meta property=\"og:url\" content=\"https:\/\/nidewintech.com\/servizi-wintech\/\" \/>\n<meta property=\"og:site_name\" content=\"Nide Wintech Automation - Tecnologie per motori elettrici\" \/>\n<meta property=\"article:modified_time\" content=\"2023-07-13T08:56:30+00:00\" \/>\n<meta name=\"twitter:card\" content=\"summary_large_image\" \/>\n<meta name=\"twitter:label1\" content=\"Dur\u00e9e de lecture estim\u00e9e\" \/>\n\t<meta name=\"twitter:data1\" content=\"3 minutes\" \/>\n<script type=\"application\/ld+json\" class=\"yoast-schema-graph\">{\"@context\":\"https:\/\/schema.org\",\"@graph\":[{\"@type\":\"WebPage\",\"@id\":\"https:\/\/nidewintech.com\/servizi-wintech\/\",\"url\":\"https:\/\/nidewintech.com\/servizi-wintech\/\",\"name\":\"Nide Wintech Automation | Support Technique\",\"isPartOf\":{\"@id\":\"https:\/\/nidewintech.com\/#website\"},\"datePublished\":\"2020-04-14T13:43:06+00:00\",\"dateModified\":\"2023-07-13T08:56:30+00:00\",\"description\":\"Nide Wintech se distingue \u00e9galement par son excellent service apr\u00e8s-vente, offrant une assistance \u00e0 nos clients m\u00eame apr\u00e8s la livraison.\",\"breadcrumb\":{\"@id\":\"https:\/\/nidewintech.com\/servizi-wintech\/#breadcrumb\"},\"inLanguage\":\"fr-FR\",\"potentialAction\":[{\"@type\":\"ReadAction\",\"target\":[\"https:\/\/nidewintech.com\/servizi-wintech\/\"]}]},{\"@type\":\"BreadcrumbList\",\"@id\":\"https:\/\/nidewintech.com\/servizi-wintech\/#breadcrumb\",\"itemListElement\":[{\"@type\":\"ListItem\",\"position\":1,\"name\":\"Home\",\"item\":\"https:\/\/nidewintech.com\/\"},{\"@type\":\"ListItem\",\"position\":2,\"name\":\"Support Technique\"}]},{\"@type\":\"WebSite\",\"@id\":\"https:\/\/nidewintech.com\/#website\",\"url\":\"https:\/\/nidewintech.com\/\",\"name\":\"Nide Wintech Automation - Tecnologie per motori elettrici\",\"description\":\"Produzione di motori elettrici\",\"publisher\":{\"@id\":\"https:\/\/nidewintech.com\/#organization\"},\"potentialAction\":[{\"@type\":\"SearchAction\",\"target\":{\"@type\":\"EntryPoint\",\"urlTemplate\":\"https:\/\/nidewintech.com\/?s={search_term_string}\"},\"query-input\":\"required name=search_term_string\"}],\"inLanguage\":\"fr-FR\"},{\"@type\":\"Organization\",\"@id\":\"https:\/\/nidewintech.com\/#organization\",\"name\":\"Nide Wintech Automation - Tecnologie per motori elettrici\",\"url\":\"https:\/\/nidewintech.com\/\",\"logo\":{\"@type\":\"ImageObject\",\"inLanguage\":\"fr-FR\",\"@id\":\"https:\/\/nidewintech.com\/#\/schema\/logo\/image\/\",\"url\":\"https:\/\/nidewintech.com\/wp-content\/uploads\/2023\/07\/Logo-Nide-Wintech-WEB.png\",\"contentUrl\":\"https:\/\/nidewintech.com\/wp-content\/uploads\/2023\/07\/Logo-Nide-Wintech-WEB.png\",\"width\":1000,\"height\":474,\"caption\":\"Nide Wintech Automation - Tecnologie per motori elettrici\"},\"image\":{\"@id\":\"https:\/\/nidewintech.com\/#\/schema\/logo\/image\/\"}}]}<\/script>\n<!-- \/ Yoast SEO plugin. -->","yoast_head_json":{"title":"Nide Wintech Automation | Support Technique","description":"Nide Wintech se distingue \u00e9galement par son excellent service apr\u00e8s-vente, offrant une assistance \u00e0 nos clients m\u00eame apr\u00e8s la livraison.","robots":{"index":"index","follow":"follow","max-snippet":"max-snippet:-1","max-image-preview":"max-image-preview:large","max-video-preview":"max-video-preview:-1"},"canonical":"https:\/\/nidewintech.com\/servizi-wintech\/","og_locale":"fr_FR","og_type":"article","og_title":"Nide Wintech Automation | Support Technique","og_description":"Nide Wintech se distingue \u00e9galement par son excellent service apr\u00e8s-vente, offrant une assistance \u00e0 nos clients m\u00eame apr\u00e8s la livraison.","og_url":"https:\/\/nidewintech.com\/servizi-wintech\/","og_site_name":"Nide Wintech Automation - Tecnologie per motori elettrici","article_modified_time":"2023-07-13T08:56:30+00:00","twitter_card":"summary_large_image","twitter_misc":{"Dur\u00e9e de lecture estim\u00e9e":"3 minutes"},"schema":{"@context":"https:\/\/schema.org","@graph":[{"@type":"WebPage","@id":"https:\/\/nidewintech.com\/servizi-wintech\/","url":"https:\/\/nidewintech.com\/servizi-wintech\/","name":"Nide Wintech Automation | Support Technique","isPartOf":{"@id":"https:\/\/nidewintech.com\/#website"},"datePublished":"2020-04-14T13:43:06+00:00","dateModified":"2023-07-13T08:56:30+00:00","description":"Nide Wintech se distingue \u00e9galement par son excellent service apr\u00e8s-vente, offrant une assistance \u00e0 nos clients m\u00eame apr\u00e8s la livraison.","breadcrumb":{"@id":"https:\/\/nidewintech.com\/servizi-wintech\/#breadcrumb"},"inLanguage":"fr-FR","potentialAction":[{"@type":"ReadAction","target":["https:\/\/nidewintech.com\/servizi-wintech\/"]}]},{"@type":"BreadcrumbList","@id":"https:\/\/nidewintech.com\/servizi-wintech\/#breadcrumb","itemListElement":[{"@type":"ListItem","position":1,"name":"Home","item":"https:\/\/nidewintech.com\/"},{"@type":"ListItem","position":2,"name":"Support Technique"}]},{"@type":"WebSite","@id":"https:\/\/nidewintech.com\/#website","url":"https:\/\/nidewintech.com\/","name":"Nide Wintech Automation - Tecnologie per motori elettrici","description":"Produzione di motori elettrici","publisher":{"@id":"https:\/\/nidewintech.com\/#organization"},"potentialAction":[{"@type":"SearchAction","target":{"@type":"EntryPoint","urlTemplate":"https:\/\/nidewintech.com\/?s={search_term_string}"},"query-input":"required name=search_term_string"}],"inLanguage":"fr-FR"},{"@type":"Organization","@id":"https:\/\/nidewintech.com\/#organization","name":"Nide Wintech Automation - Tecnologie per motori elettrici","url":"https:\/\/nidewintech.com\/","logo":{"@type":"ImageObject","inLanguage":"fr-FR","@id":"https:\/\/nidewintech.com\/#\/schema\/logo\/image\/","url":"https:\/\/nidewintech.com\/wp-content\/uploads\/2023\/07\/Logo-Nide-Wintech-WEB.png","contentUrl":"https:\/\/nidewintech.com\/wp-content\/uploads\/2023\/07\/Logo-Nide-Wintech-WEB.png","width":1000,"height":474,"caption":"Nide Wintech Automation - Tecnologie per motori elettrici"},"image":{"@id":"https:\/\/nidewintech.com\/#\/schema\/logo\/image\/"}}]}},"_links":{"self":[{"href":"https:\/\/nidewintech.com\/fr\/wp-json\/wp\/v2\/pages\/838"}],"collection":[{"href":"https:\/\/nidewintech.com\/fr\/wp-json\/wp\/v2\/pages"}],"about":[{"href":"https:\/\/nidewintech.com\/fr\/wp-json\/wp\/v2\/types\/page"}],"author":[{"embeddable":true,"href":"https:\/\/nidewintech.com\/fr\/wp-json\/wp\/v2\/users\/1"}],"replies":[{"embeddable":true,"href":"https:\/\/nidewintech.com\/fr\/wp-json\/wp\/v2\/comments?post=838"}],"version-history":[{"count":6,"href":"https:\/\/nidewintech.com\/fr\/wp-json\/wp\/v2\/pages\/838\/revisions"}],"predecessor-version":[{"id":3395,"href":"https:\/\/nidewintech.com\/fr\/wp-json\/wp\/v2\/pages\/838\/revisions\/3395"}],"wp:attachment":[{"href":"https:\/\/nidewintech.com\/fr\/wp-json\/wp\/v2\/media?parent=838"}],"curies":[{"name":"wp","href":"https:\/\/api.w.org\/{rel}","templated":true}]}}