{"id":1211,"date":"2020-05-22T09:10:55","date_gmt":"2020-05-22T09:10:55","guid":{"rendered":"https:\/\/nidewintech.com\/contacts\/visiteurs-ou-nous-sommes\/"},"modified":"2024-03-04T21:50:53","modified_gmt":"2024-03-04T21:50:53","slug":"visiteurs-ou-nous-sommes","status":"publish","type":"page","link":"https:\/\/nidewintech.com\/fr\/contacts\/visiteurs-ou-nous-sommes\/","title":{"rendered":"Visiteurs &#8211; O\u00f9 nous sommes"},"content":{"rendered":"<div class=\"wpb-content-wrapper\">[vc_row full_width=\u00a0\u00bbstretch_row_content_no_spaces\u00a0\u00bb content_placement=\u00a0\u00bbmiddle\u00a0\u00bb column_spacing=\u00a0\u00bb0px\u00a0\u00bb css=\u00a0\u00bb.vc_custom_1589786199335{background-image: url(https:\/\/nidewintech.com\/wp-content\/uploads\/2020\/05\/Banner-contacts.jpg?id=1179) !important;background-position: center !important;background-repeat: no-repeat !important;background-size: cover !important;}\u00a0\u00bb min_height=\u00a0\u00bb400px\u00a0\u00bb visibility=\u00a0\u00bbhidden-phone\u00a0\u00bb wpex_bg_position=\u00a0\u00bbcenter center\u00a0\u00bb][vc_column][\/vc_column][\/vc_row][vc_row][vc_column]<style> style=\"height:50px;\"<\/style><div class=\"vcex-spacing wpex-w-100 wpex-clear\" style=\"height:50px;\"><\/div><style>.vcex-breadcrumbs.vcex_69deca269e5d7{text-align:right;font-size:14px;}@media (max-width:1024px){.vcex-breadcrumbs.vcex_69deca269e5d7{font-size:13px;}}@media (max-width:959px){.vcex-breadcrumbs.vcex_69deca269e5d7{font-size:13px;}}@media (max-width:767px){.vcex-breadcrumbs.vcex_69deca269e5d7{font-size:12px;}}@media (max-width:479px){.vcex-breadcrumbs.vcex_69deca269e5d7{font-size:11px;}}<\/style><nav class=\"vcex-breadcrumbs vcex-breadcrumbs--links-inherit-color vcex_69deca269e5d7\"><span><span><a href=\"https:\/\/nidewintech.com\/\">Home<\/a><\/span><\/span><\/nav>[\/vc_column][vc_column]<style>.vcex-heading.vcex_69deca269efc0{font-size:25px;font-weight:600;}@media (max-width:1024px){.vcex-heading.vcex_69deca269efc0{font-size:25px;}}@media (max-width:959px){.vcex-heading.vcex_69deca269efc0{font-size:23px;}}@media (max-width:767px){.vcex-heading.vcex_69deca269efc0{font-size:20px;}}@media (max-width:479px){.vcex-heading.vcex_69deca269efc0{font-size:20px;}}<\/style><div class=\"vcex-heading vcex-heading-plain vcex-module wpex-heading wpex-text-2xl wpex-text-left vc_custom_1587568740963 vcex_69deca269efc0\"><span class=\"vcex-heading-inner wpex-inline-block\">OU NOUS SOMMES<\/span><\/div>[vc_column_text css=\u00a0\u00bb.vc_custom_1709588863099{padding-bottom: 25px !important;}\u00a0\u00bb]<strong>T\u00e9l\u00e9phone<\/strong>: +39 011 18 952 133<br \/>\n<strong>E-mail<\/strong>:\u00a0<a id=\"linksingolo\" href=\"mailto:info@nidewintech.com\">info@nidewintech.com<\/a><br \/>\n<strong>Quartier G\u00e9n\u00e9ral<\/strong>: Via Italia, n.42 \u2013 10093 Collegno, Italie<br \/>\n<strong>Si\u00e8ge social<\/strong>: Via San Francesco d\u2019Assisi, 18 \u2013 10122 Torino, Itali[\/vc_column_text][\/vc_column][vc_column width=\u00a0\u00bb1\/2&Prime;]<style>.vcex-heading.vcex_69deca269f351{font-size:25px;font-weight:600;}@media (max-width:1024px){.vcex-heading.vcex_69deca269f351{font-size:25px;}}@media (max-width:959px){.vcex-heading.vcex_69deca269f351{font-size:23px;}}@media (max-width:767px){.vcex-heading.vcex_69deca269f351{font-size:20px;}}@media (max-width:479px){.vcex-heading.vcex_69deca269f351{font-size:20px;}}<\/style><div class=\"vcex-heading vcex-heading-plain vcex-module wpex-heading wpex-text-2xl wpex-text-left vc_custom_1587568784993 vcex_69deca269f351\"><span class=\"vcex-heading-inner wpex-inline-block\">ACCES<\/span><\/div>[vc_gmaps link=\u00a0\u00bb#E-8_JTNDaWZyYW1lJTIwc3JjJTNEJTIyaHR0cHMlM0ElMkYlMkZ3d3cuZ29vZ2xlLmNvbSUyRm1hcHMlMkZlbWJlZCUzRnBiJTNEJTIxMW0xOCUyMTFtMTIlMjExbTMlMjExZDI4MTYuMTczODI0MDkzMzc2JTIxMmQ3LjYwMjE4ODE3NTkzNTc5MSUyMTNkNDUuMTAyNTQ0MjcxMDcwNDY0JTIxMm0zJTIxMWYwJTIxMmYwJTIxM2YwJTIxM20yJTIxMWkxMDI0JTIxMmk3NjglMjE0ZjEzLjElMjEzbTMlMjExbTIlMjExczB4NDc4ODZiOTJjZGFhZDQ0OSUyNTNBMHg1ODFlNzU3NWU5ZDc0NGNkJTIxMnNWaWElMjUyMEl0YWxpYSUyNTJDJTI1MjA0MiUyNTJDJTI1MjAxMDA5MyUyNTIwQ29sbGVnbm8lMjUyMFRPJTIxNWUwJTIxM20yJTIxMXNpdCUyMTJzaXQlMjE0djE3MDk1ODg5MzI2MjYlMjE1bTIlMjExc2l0JTIxMnNpdCUyMiUyMHdpZHRoJTNEJTIyNjAwJTIyJTIwaGVpZ2h0JTNEJTIyNDAwJTIyJTIwc3R5bGUlM0QlMjJib3JkZXIlM0EwJTNCJTIyJTIwYWxsb3dmdWxsc2NyZWVuJTNEJTIyJTIyJTIwbG9hZGluZyUzRCUyMmxhenklMjIlMjByZWZlcnJlcnBvbGljeSUzRCUyMm5vLXJlZmVycmVyLXdoZW4tZG93bmdyYWRlJTIyJTNFJTNDJTJGaWZyYW1lJTNF\u00a0\u00bb][\/vc_column][vc_column width=\u00a0\u00bb1\/2&Prime;]<style>.vcex-heading.vcex_69deca269f5d6{font-size:25px;font-weight:600;}@media (max-width:1024px){.vcex-heading.vcex_69deca269f5d6{font-size:25px;}}@media (max-width:959px){.vcex-heading.vcex_69deca269f5d6{font-size:23px;}}@media (max-width:767px){.vcex-heading.vcex_69deca269f5d6{font-size:20px;}}@media (max-width:479px){.vcex-heading.vcex_69deca269f5d6{font-size:20px;}}<\/style><div class=\"vcex-heading vcex-heading-plain vcex-module wpex-heading wpex-text-2xl wpex-text-left vc_custom_1587569107851 vcex_69deca269f5d6\"><span class=\"vcex-heading-inner wpex-inline-block\">SIEGE<\/span><\/div><figure class=\"vcex-image vcex-module\"><div class=\"vcex-image-inner wpex-relative wpex-inline-block\"><img width=\"1000\" height=\"667\" src=\"https:\/\/nidewintech.com\/wp-content\/uploads\/2020\/04\/Azienda-Wintech.jpg\" class=\"vcex-image-img wpex-align-middle\" alt=\"\" loading=\"lazy\" decoding=\"async\" srcset=\"https:\/\/nidewintech.com\/wp-content\/uploads\/2020\/04\/Azienda-Wintech.jpg 1000w, https:\/\/nidewintech.com\/wp-content\/uploads\/2020\/04\/Azienda-Wintech-300x200.jpg 300w, https:\/\/nidewintech.com\/wp-content\/uploads\/2020\/04\/Azienda-Wintech-768x512.jpg 768w\" sizes=\"(max-width: 1000px) 100vw, 1000px\" \/><\/div><\/figure>[\/vc_column][\/vc_row]\n<\/div>","protected":false},"excerpt":{"rendered":"<p>[vc_row full_width=\u00a0\u00bbstretch_row_content_no_spaces\u00a0\u00bb content_placement=\u00a0\u00bbmiddle\u00a0\u00bb column_spacing=\u00a0\u00bb0px\u00a0\u00bb css=\u00a0\u00bb.vc_custom_1589786199335{background-image: url(https:\/\/nidewintech.com\/wp-content\/uploads\/2020\/05\/Banner-contacts.jpg?id=1179) !important;background-position: center !important;background-repeat: no-repeat !important;background-size: cover !important;}\u00a0\u00bb min_height=\u00a0\u00bb400px\u00a0\u00bb visibility=\u00a0\u00bbhidden-phone\u00a0\u00bb wpex_bg_position=\u00a0\u00bbcenter center\u00a0\u00bb][vc_column][\/vc_column][\/vc_row][vc_row][vc_column][\/vc_column][vc_column][vc_column_text css=\u00a0\u00bb.vc_custom_1709588863099{padding-bottom: 25px !important;}\u00a0\u00bb]T\u00e9l\u00e9phone: +39 011 18 952 133 E-mail:\u00a0info@nidewintech.com Quartier G\u00e9n\u00e9ral: Via Italia, n.42 \u2013 10093 Collegno, Italie Si\u00e8ge social: Via San Francesco d\u2019Assisi, 18 \u2013 10122 Torino, Itali[\/vc_column_text][\/vc_column][vc_column width=\u00a0\u00bb1\/2&Prime;][vc_gmaps link=\u00a0\u00bb#E-8_JTNDaWZyYW1lJTIwc3JjJTNEJTIyaHR0cHMlM0ElMkYlMkZ3d3cuZ29vZ2xlLmNvbSUyRm1hcHMlMkZlbWJlZCUzRnBiJTNEJTIxMW0xOCUyMTFtMTIlMjExbTMlMjExZDI4MTYuMTczODI0MDkzMzc2JTIxMmQ3LjYwMjE4ODE3NTkzNTc5MSUyMTNkNDUuMTAyNTQ0MjcxMDcwNDY0JTIxMm0zJTIxMWYwJTIxMmYwJTIxM2YwJTIxM20yJTIxMWkxMDI0JTIxMmk3NjglMjE0ZjEzLjElMjEzbTMlMjExbTIlMjExczB4NDc4ODZiOTJjZGFhZDQ0OSUyNTNBMHg1ODFlNzU3NWU5ZDc0NGNkJTIxMnNWaWElMjUyMEl0YWxpYSUyNTJDJTI1MjA0MiUyNTJDJTI1MjAxMDA5MyUyNTIwQ29sbGVnbm8lMjUyMFRPJTIxNWUwJTIxM20yJTIxMXNpdCUyMTJzaXQlMjE0djE3MDk1ODg5MzI2MjYlMjE1bTIlMjExc2l0JTIxMnNpdCUyMiUyMHdpZHRoJTNEJTIyNjAwJTIyJTIwaGVpZ2h0JTNEJTIyNDAwJTIyJTIwc3R5bGUlM0QlMjJib3JkZXIlM0EwJTNCJTIyJTIwYWxsb3dmdWxsc2NyZWVuJTNEJTIyJTIyJTIwbG9hZGluZyUzRCUyMmxhenklMjIlMjByZWZlcnJlcnBvbGljeSUzRCUyMm5vLXJlZmVycmVyLXdoZW4tZG93bmdyYWRlJTIyJTNFJTNDJTJGaWZyYW1lJTNF\u00a0\u00bb][\/vc_column][vc_column width=\u00a0\u00bb1\/2&Prime;][\/vc_column][\/vc_row]<\/p>\n","protected":false},"author":1,"featured_media":0,"parent":900,"menu_order":0,"comment_status":"closed","ping_status":"closed","template":"","meta":{"inline_featured_image":false,"footnotes":""},"yoast_head":"<!-- This site is optimized with the Yoast SEO plugin v22.1 - https:\/\/yoast.com\/wordpress\/plugins\/seo\/ -->\n<title>O\u00f9 nous sommes | Wintech Automation<\/title>\n<meta name=\"description\" content=\"Wintech Automation est situ\u00e9 \u00e0 Via Italia, n.42 \u2013 10093 Collegno, Italia\" \/>\n<meta name=\"robots\" content=\"index, follow, max-snippet:-1, max-image-preview:large, max-video-preview:-1\" \/>\n<link rel=\"canonical\" href=\"https:\/\/nidewintech.com\/contatti\/dove-siamo\/\" \/>\n<meta property=\"og:locale\" content=\"fr_FR\" \/>\n<meta property=\"og:type\" content=\"article\" \/>\n<meta property=\"og:title\" content=\"O\u00f9 nous sommes | Wintech Automation\" \/>\n<meta property=\"og:description\" content=\"Wintech Automation est situ\u00e9 \u00e0 Via Italia, n.42 \u2013 10093 Collegno, Italia\" \/>\n<meta property=\"og:url\" content=\"https:\/\/nidewintech.com\/contatti\/dove-siamo\/\" \/>\n<meta property=\"og:site_name\" content=\"Nide Wintech Automation - Tecnologie per motori elettrici\" \/>\n<meta property=\"article:modified_time\" content=\"2024-03-04T21:50:53+00:00\" \/>\n<meta name=\"twitter:card\" content=\"summary_large_image\" \/>\n<meta name=\"twitter:label1\" content=\"Dur\u00e9e de lecture estim\u00e9e\" \/>\n\t<meta name=\"twitter:data1\" content=\"1 minute\" \/>\n<script type=\"application\/ld+json\" class=\"yoast-schema-graph\">{\"@context\":\"https:\/\/schema.org\",\"@graph\":[{\"@type\":\"WebPage\",\"@id\":\"https:\/\/nidewintech.com\/contatti\/dove-siamo\/\",\"url\":\"https:\/\/nidewintech.com\/contatti\/dove-siamo\/\",\"name\":\"O\u00f9 nous sommes | Wintech Automation\",\"isPartOf\":{\"@id\":\"https:\/\/nidewintech.com\/#website\"},\"datePublished\":\"2020-05-22T09:10:55+00:00\",\"dateModified\":\"2024-03-04T21:50:53+00:00\",\"description\":\"Wintech Automation est situ\u00e9 \u00e0 Via Italia, n.42 \u2013 10093 Collegno, Italia\",\"breadcrumb\":{\"@id\":\"https:\/\/nidewintech.com\/contatti\/dove-siamo\/#breadcrumb\"},\"inLanguage\":\"fr-FR\",\"potentialAction\":[{\"@type\":\"ReadAction\",\"target\":[\"https:\/\/nidewintech.com\/contatti\/dove-siamo\/\"]}]},{\"@type\":\"BreadcrumbList\",\"@id\":\"https:\/\/nidewintech.com\/contatti\/dove-siamo\/#breadcrumb\",\"itemListElement\":[{\"@type\":\"ListItem\",\"position\":1,\"name\":\"Home\",\"item\":\"https:\/\/nidewintech.com\/\"},{\"@type\":\"ListItem\",\"position\":2,\"name\":\"Contacts\",\"item\":\"https:\/\/nidewintech.com\/contatti\/\"},{\"@type\":\"ListItem\",\"position\":3,\"name\":\"Visiteurs &#8211; O\u00f9 nous sommes\"}]},{\"@type\":\"WebSite\",\"@id\":\"https:\/\/nidewintech.com\/#website\",\"url\":\"https:\/\/nidewintech.com\/\",\"name\":\"Nide Wintech Automation - Tecnologie per motori elettrici\",\"description\":\"Produzione di motori elettrici\",\"publisher\":{\"@id\":\"https:\/\/nidewintech.com\/#organization\"},\"potentialAction\":[{\"@type\":\"SearchAction\",\"target\":{\"@type\":\"EntryPoint\",\"urlTemplate\":\"https:\/\/nidewintech.com\/?s={search_term_string}\"},\"query-input\":\"required name=search_term_string\"}],\"inLanguage\":\"fr-FR\"},{\"@type\":\"Organization\",\"@id\":\"https:\/\/nidewintech.com\/#organization\",\"name\":\"Nide Wintech Automation - Tecnologie per motori elettrici\",\"url\":\"https:\/\/nidewintech.com\/\",\"logo\":{\"@type\":\"ImageObject\",\"inLanguage\":\"fr-FR\",\"@id\":\"https:\/\/nidewintech.com\/#\/schema\/logo\/image\/\",\"url\":\"https:\/\/nidewintech.com\/wp-content\/uploads\/2023\/07\/Logo-Nide-Wintech-WEB.png\",\"contentUrl\":\"https:\/\/nidewintech.com\/wp-content\/uploads\/2023\/07\/Logo-Nide-Wintech-WEB.png\",\"width\":1000,\"height\":474,\"caption\":\"Nide Wintech Automation - Tecnologie per motori elettrici\"},\"image\":{\"@id\":\"https:\/\/nidewintech.com\/#\/schema\/logo\/image\/\"}}]}<\/script>\n<!-- \/ Yoast SEO plugin. -->","yoast_head_json":{"title":"O\u00f9 nous sommes | Wintech Automation","description":"Wintech Automation est situ\u00e9 \u00e0 Via Italia, n.42 \u2013 10093 Collegno, Italia","robots":{"index":"index","follow":"follow","max-snippet":"max-snippet:-1","max-image-preview":"max-image-preview:large","max-video-preview":"max-video-preview:-1"},"canonical":"https:\/\/nidewintech.com\/contatti\/dove-siamo\/","og_locale":"fr_FR","og_type":"article","og_title":"O\u00f9 nous sommes | Wintech Automation","og_description":"Wintech Automation est situ\u00e9 \u00e0 Via Italia, n.42 \u2013 10093 Collegno, Italia","og_url":"https:\/\/nidewintech.com\/contatti\/dove-siamo\/","og_site_name":"Nide Wintech Automation - Tecnologie per motori elettrici","article_modified_time":"2024-03-04T21:50:53+00:00","twitter_card":"summary_large_image","twitter_misc":{"Dur\u00e9e de lecture estim\u00e9e":"1 minute"},"schema":{"@context":"https:\/\/schema.org","@graph":[{"@type":"WebPage","@id":"https:\/\/nidewintech.com\/contatti\/dove-siamo\/","url":"https:\/\/nidewintech.com\/contatti\/dove-siamo\/","name":"O\u00f9 nous sommes | Wintech Automation","isPartOf":{"@id":"https:\/\/nidewintech.com\/#website"},"datePublished":"2020-05-22T09:10:55+00:00","dateModified":"2024-03-04T21:50:53+00:00","description":"Wintech Automation est situ\u00e9 \u00e0 Via Italia, n.42 \u2013 10093 Collegno, Italia","breadcrumb":{"@id":"https:\/\/nidewintech.com\/contatti\/dove-siamo\/#breadcrumb"},"inLanguage":"fr-FR","potentialAction":[{"@type":"ReadAction","target":["https:\/\/nidewintech.com\/contatti\/dove-siamo\/"]}]},{"@type":"BreadcrumbList","@id":"https:\/\/nidewintech.com\/contatti\/dove-siamo\/#breadcrumb","itemListElement":[{"@type":"ListItem","position":1,"name":"Home","item":"https:\/\/nidewintech.com\/"},{"@type":"ListItem","position":2,"name":"Contacts","item":"https:\/\/nidewintech.com\/contatti\/"},{"@type":"ListItem","position":3,"name":"Visiteurs &#8211; O\u00f9 nous sommes"}]},{"@type":"WebSite","@id":"https:\/\/nidewintech.com\/#website","url":"https:\/\/nidewintech.com\/","name":"Nide Wintech Automation - Tecnologie per motori elettrici","description":"Produzione di motori elettrici","publisher":{"@id":"https:\/\/nidewintech.com\/#organization"},"potentialAction":[{"@type":"SearchAction","target":{"@type":"EntryPoint","urlTemplate":"https:\/\/nidewintech.com\/?s={search_term_string}"},"query-input":"required name=search_term_string"}],"inLanguage":"fr-FR"},{"@type":"Organization","@id":"https:\/\/nidewintech.com\/#organization","name":"Nide Wintech Automation - Tecnologie per motori elettrici","url":"https:\/\/nidewintech.com\/","logo":{"@type":"ImageObject","inLanguage":"fr-FR","@id":"https:\/\/nidewintech.com\/#\/schema\/logo\/image\/","url":"https:\/\/nidewintech.com\/wp-content\/uploads\/2023\/07\/Logo-Nide-Wintech-WEB.png","contentUrl":"https:\/\/nidewintech.com\/wp-content\/uploads\/2023\/07\/Logo-Nide-Wintech-WEB.png","width":1000,"height":474,"caption":"Nide Wintech Automation - Tecnologie per motori elettrici"},"image":{"@id":"https:\/\/nidewintech.com\/#\/schema\/logo\/image\/"}}]}},"_links":{"self":[{"href":"https:\/\/nidewintech.com\/fr\/wp-json\/wp\/v2\/pages\/1211"}],"collection":[{"href":"https:\/\/nidewintech.com\/fr\/wp-json\/wp\/v2\/pages"}],"about":[{"href":"https:\/\/nidewintech.com\/fr\/wp-json\/wp\/v2\/types\/page"}],"author":[{"embeddable":true,"href":"https:\/\/nidewintech.com\/fr\/wp-json\/wp\/v2\/users\/1"}],"replies":[{"embeddable":true,"href":"https:\/\/nidewintech.com\/fr\/wp-json\/wp\/v2\/comments?post=1211"}],"version-history":[{"count":11,"href":"https:\/\/nidewintech.com\/fr\/wp-json\/wp\/v2\/pages\/1211\/revisions"}],"predecessor-version":[{"id":3450,"href":"https:\/\/nidewintech.com\/fr\/wp-json\/wp\/v2\/pages\/1211\/revisions\/3450"}],"up":[{"embeddable":true,"href":"https:\/\/nidewintech.com\/fr\/wp-json\/wp\/v2\/pages\/900"}],"wp:attachment":[{"href":"https:\/\/nidewintech.com\/fr\/wp-json\/wp\/v2\/media?parent=1211"}],"curies":[{"name":"wp","href":"https:\/\/api.w.org\/{rel}","templated":true}]}}