{"id":1027,"date":"2020-04-23T07:53:23","date_gmt":"2020-04-23T07:53:23","guid":{"rendered":"https:\/\/nidewintech.com\/nouvelles\/"},"modified":"2024-03-04T22:08:36","modified_gmt":"2024-03-04T22:08:36","slug":"nouvelles","status":"publish","type":"page","link":"https:\/\/nidewintech.com\/fr\/nouvelles\/","title":{"rendered":"Nouvelles"},"content":{"rendered":"<div class=\"wpb-content-wrapper\">[vc_row full_width=\u00a0\u00bbstretch_row\u00a0\u00bb column_spacing=\u00a0\u00bb0px\u00a0\u00bb visibility=\u00a0\u00bbhidden-phone\u00a0\u00bb min_height=\u00a0\u00bb400px\u00a0\u00bb css=\u00a0\u00bb.vc_custom_1589787786633{background-image: url(https:\/\/nidewintech.com\/wp-content\/uploads\/2020\/05\/Banner-news.jpg?id=1191) !important;background-position: center !important;background-repeat: no-repeat !important;background-size: cover !important;}\u00a0\u00bb wpex_bg_position=\u00a0\u00bbcenter center\u00a0\u00bb][vc_column][\/vc_column][\/vc_row][vc_row css_animation=\u00a0\u00bbnone\u00a0\u00bb full_width=\u00a0\u00bbstretch_row\u00a0\u00bb content_placement=\u00a0\u00bbmiddle\u00a0\u00bb column_spacing=\u00a0\u00bb0px\u00a0\u00bb source=\u00a0\u00bbcustom\u00a0\u00bb text=\u00a0\u00bbWINTECH\u00a0\u00bb style=\u00a0\u00bbplain\u00a0\u00bb align=\u00a0\u00bb\u00a0\u00bb tag=\u00a0\u00bbspan\u00a0\u00bb responsive_text=\u00a0\u00bbfalse\u00a0\u00bb italic=\u00a0\u00bbfalse\u00a0\u00bb link_local_scroll=\u00a0\u00bbfalse\u00a0\u00bb icon_type=\u00a0\u00bbfontawesome\u00a0\u00bb icon=\u00a0\u00bb\u00a0\u00bb icon_position=\u00a0\u00bbleft\u00a0\u00bb add_css_to_inner=\u00a0\u00bbfalse\u00a0\u00bb hover_white_text=\u00a0\u00bbfalse\u00a0\u00bb font_weight=\u00a0\u00bb300&Prime; text_transform=\u00a0\u00bbcapitalize\u00a0\u00bb text_align=\u00a0\u00bbcenter\u00a0\u00bb font_size=\u00a0\u00bbd:35px|tl:30px|tp:30px|pl:25px|pp:25px\u00a0\u00bb color=\u00a0\u00bb#9f4f3e\u00a0\u00bb custom_field=\u00a0\u00bb\u00a0\u00bb callback_function=\u00a0\u00bb\u00a0\u00bb inner_bottom_border_color=\u00a0\u00bb\u00a0\u00bb inner_bottom_border_color_main=\u00a0\u00bb\u00a0\u00bb width=\u00a0\u00bb\u00a0\u00bb font_family=\u00a0\u00bb\u00a0\u00bb color_hover=\u00a0\u00bb\u00a0\u00bb min_font_size=\u00a0\u00bb\u00a0\u00bb line_height=\u00a0\u00bb\u00a0\u00bb letter_spacing=\u00a0\u00bb\u00a0\u00bb link=\u00a0\u00bb\u00a0\u00bb icon_openiconic=\u00a0\u00bb\u00a0\u00bb icon_typicons=\u00a0\u00bb\u00a0\u00bb icon_entypo=\u00a0\u00bb\u00a0\u00bb icon_linecons=\u00a0\u00bb\u00a0\u00bb icon_color=\u00a0\u00bb\u00a0\u00bb background_hover=\u00a0\u00bb\u00a0\u00bb min_height=\u00a0\u00bb70px\u00a0\u00bb][vc_column]<style> style=\"height:80px;\"<\/style><div class=\"vcex-spacing wpex-w-100 wpex-clear\" style=\"height:80px;\"><\/div><style>.vcex-heading.vcex_69e78dc839f29{color:#9f4f3e;font-size:35px;font-weight:300;text-transform:capitalize;}@media (max-width:1024px){.vcex-heading.vcex_69e78dc839f29{font-size:30px;}}@media (max-width:959px){.vcex-heading.vcex_69e78dc839f29{font-size:30px;}}@media (max-width:767px){.vcex-heading.vcex_69e78dc839f29{font-size:25px;}}@media (max-width:479px){.vcex-heading.vcex_69e78dc839f29{font-size:25px;}}<\/style><span class=\"vcex-heading vcex-heading-plain vcex-module wpex-heading wpex-text-2xl wpex-text-center vcex_69e78dc839f29\"><span class=\"vcex-heading-inner wpex-inline-block\">NIDE WINTECH<\/span><\/span><style>.vcex-heading.vcex_69e78dc83a4b8{font-size:22px;font-weight:300;}@media (max-width:1024px){.vcex-heading.vcex_69e78dc83a4b8{font-size:20px;}}@media (max-width:959px){.vcex-heading.vcex_69e78dc83a4b8{font-size:20px;}}@media (max-width:767px){.vcex-heading.vcex_69e78dc83a4b8{font-size:18px;}}@media (max-width:479px){.vcex-heading.vcex_69e78dc83a4b8{font-size:18px;}}<\/style><h1 class=\"vcex-heading vcex-heading-plain vcex-module wpex-heading wpex-text-2xl wpex-text-center wpex-italic vcex_69e78dc83a4b8\"><span class=\"vcex-heading-inner wpex-inline-block\">Nouvelles<\/span><\/h1>[\/vc_column][\/vc_row][vc_row][vc_column]<div class=\"vcex-spacing wpex-w-100 wpex-clear\"><\/div>[\/vc_column][vc_column width=\u00a0\u00bb2\/5&Prime; el_id=\u00a0\u00bbCoiltech_2023&Prime;][vc_single_image image=\u00a0\u00bb3467&Prime; style=\u00a0\u00bbvc_box_border\u00a0\u00bb onclick=\u00a0\u00bbcustom_link\u00a0\u00bb img_link_target=\u00a0\u00bb_blank\u00a0\u00bb link=\u00a0\u00bbhttps:\/\/www.quickfairs.net\/visita\/?idf=106&amp;id_zona=1&amp;id_menu=105&Prime;][\/vc_column][vc_column width=\u00a0\u00bb3\/5&Prime;]<style>.vcex-heading.vcex_69e78dc83a7d5{color:#9f4f3e;font-weight:600;}<\/style><h2 class=\"vcex-heading vcex-heading-plain vcex-module wpex-heading wpex-text-2xl vc_custom_1709589201598 vcex_69e78dc83a7d5\"><span class=\"vcex-heading-inner wpex-inline-block\">NIDE WINTECH EXPOSERA \u00c0 COILTECH ITALIA 2024<\/span><\/h2>[vc_column_text]NIDE WINTECH exposera \u00e0 COILTECH DEUTSCHLAND 2024, un salon professionnel d\u00e9di\u00e9 aux technologies de fabrication de moteurs \u00e9lectriques, qui se tiendra \u00e0 Augsbourg les 20 et 21 mars 2024 .<br \/>\nCe sera l&rsquo;occasion de pr\u00e9senter \u00e0 un public international sa gamme compl\u00e8te de solutions cl\u00e9s en main et de niveaux d&rsquo;automatisation pour les industries de fabrication de moteurs \u00e9lectriques pour : les moteurs EV, les moteurs en \u00e9pingle \u00e0 cheveux, les moteurs sans balais, les moteurs BLDC, les moteurs universels, les moteurs de moyeu de roue et le moulage sous pression du rotor.<br \/>\nSur le site www.quickfairs.net\/contacts.asp, vous pouvez obtenir plus d&rsquo;informations sur l&rsquo;\u00e9v\u00e9nement et vous inscrire gratuitement.<br \/>\nNous nous r\u00e9jouissons de vous rencontrer sur notre stand n\u00b0 2-B14.[\/vc_column_text][\/vc_column][vc_column]<div class=\"vcex-module vcex-divider vcex-divider-solid vcex-divider-center wpex-mx-auto wpex-max-w-100 wpex-block wpex-h-0 wpex-border-b wpex-border-solid wpex-border-main\" style=\"width:100%;margin-top:30px;margin-bottom:30px;border-bottom-width:2px;border-color:#9f4f3e;\"><\/div>[\/vc_column][\/vc_row][vc_row][vc_column]<div class=\"vcex-spacing wpex-w-100 wpex-clear\"><\/div>[\/vc_column][vc_column width=\u00a0\u00bb2\/5&Prime;][vc_single_image image=\u00a0\u00bb3481&Prime; onclick=\u00a0\u00bbcustom_link\u00a0\u00bb img_link_target=\u00a0\u00bb_blank\u00a0\u00bb link=\u00a0\u00bbhttps:\/\/www.quickfairs.net\/visita\/?idf=106&amp;id_zona=1&amp;id_menu=105&Prime;][\/vc_column][vc_column width=\u00a0\u00bb3\/5&Prime;]<style>.vcex-heading.vcex_69e78dc83ae4d{color:#9f4f3e;font-weight:600;text-transform:uppercase;}<\/style><h2 class=\"vcex-heading vcex-heading-plain vcex-module wpex-heading wpex-text-2xl vc_custom_1689197362590 vcex_69e78dc83ae4d\"><span class=\"vcex-heading-inner wpex-inline-block\">NIDE et WINTECH unissent leurs forces pour renforcer leur pr\u00e9sence en Europe<\/span><\/h2>[vc_column_text]Les deux entreprises Wintech Automation et Nide unissent leurs forces pour renforcer leur pr\u00e9sence en Europe. Le r\u00e9sultat est NIDE WINTECH, qui se distingue non seulement par sa grande efficacit\u00e9 et la qualit\u00e9 exceptionnelle de ses machines, mais aussi par son excellent service apr\u00e8s-vente.[\/vc_column_text][\/vc_column][vc_column]<div class=\"vcex-module vcex-divider vcex-divider-solid vcex-divider-center wpex-mx-auto wpex-max-w-100 wpex-block wpex-h-0 wpex-border-b wpex-border-solid wpex-border-main\" style=\"width:100%;margin-top:30px;margin-bottom:30px;border-bottom-width:2px;border-color:#9f4f3e;\"><\/div>[\/vc_column][\/vc_row]\n<\/div>","protected":false},"excerpt":{"rendered":"<p>[vc_row full_width=\u00a0\u00bbstretch_row\u00a0\u00bb column_spacing=\u00a0\u00bb0px\u00a0\u00bb visibility=\u00a0\u00bbhidden-phone\u00a0\u00bb min_height=\u00a0\u00bb400px\u00a0\u00bb css=\u00a0\u00bb.vc_custom_1589787786633{background-image: url(https:\/\/nidewintech.com\/wp-content\/uploads\/2020\/05\/Banner-news.jpg?id=1191) !important;background-position: center !important;background-repeat: no-repeat !important;background-size: cover !important;}\u00a0\u00bb wpex_bg_position=\u00a0\u00bbcenter center\u00a0\u00bb][vc_column][\/vc_column][\/vc_row][vc_row css_animation=\u00a0\u00bbnone\u00a0\u00bb full_width=\u00a0\u00bbstretch_row\u00a0\u00bb content_placement=\u00a0\u00bbmiddle\u00a0\u00bb column_spacing=\u00a0\u00bb0px\u00a0\u00bb source=\u00a0\u00bbcustom\u00a0\u00bb text=\u00a0\u00bbWINTECH\u00a0\u00bb style=\u00a0\u00bbplain\u00a0\u00bb align=\u00a0\u00bb\u00a0\u00bb tag=\u00a0\u00bbspan\u00a0\u00bb responsive_text=\u00a0\u00bbfalse\u00a0\u00bb italic=\u00a0\u00bbfalse\u00a0\u00bb link_local_scroll=\u00a0\u00bbfalse\u00a0\u00bb icon_type=\u00a0\u00bbfontawesome\u00a0\u00bb icon=\u00a0\u00bb\u00a0\u00bb icon_position=\u00a0\u00bbleft\u00a0\u00bb add_css_to_inner=\u00a0\u00bbfalse\u00a0\u00bb hover_white_text=\u00a0\u00bbfalse\u00a0\u00bb font_weight=\u00a0\u00bb300&Prime; text_transform=\u00a0\u00bbcapitalize\u00a0\u00bb text_align=\u00a0\u00bbcenter\u00a0\u00bb font_size=\u00a0\u00bbd:35px|tl:30px|tp:30px|pl:25px|pp:25px\u00a0\u00bb color=\u00a0\u00bb#9f4f3e\u00a0\u00bb custom_field=\u00a0\u00bb\u00a0\u00bb callback_function=\u00a0\u00bb\u00a0\u00bb inner_bottom_border_color=\u00a0\u00bb\u00a0\u00bb inner_bottom_border_color_main=\u00a0\u00bb\u00a0\u00bb width=\u00a0\u00bb\u00a0\u00bb font_family=\u00a0\u00bb\u00a0\u00bb color_hover=\u00a0\u00bb\u00a0\u00bb min_font_size=\u00a0\u00bb\u00a0\u00bb line_height=\u00a0\u00bb\u00a0\u00bb letter_spacing=\u00a0\u00bb\u00a0\u00bb link=\u00a0\u00bb\u00a0\u00bb icon_openiconic=\u00a0\u00bb\u00a0\u00bb icon_typicons=\u00a0\u00bb\u00a0\u00bb icon_entypo=\u00a0\u00bb\u00a0\u00bb icon_linecons=\u00a0\u00bb\u00a0\u00bb icon_color=\u00a0\u00bb\u00a0\u00bb background_hover=\u00a0\u00bb\u00a0\u00bb&hellip;<\/p>\n","protected":false},"author":1,"featured_media":0,"parent":0,"menu_order":0,"comment_status":"closed","ping_status":"closed","template":"","meta":{"inline_featured_image":false,"footnotes":""},"yoast_head":"<!-- This site is optimized with the Yoast SEO plugin v22.1 - https:\/\/yoast.com\/wordpress\/plugins\/seo\/ -->\n<title>Nouvelles Nide Wintech Automation<\/title>\n<meta name=\"description\" content=\"Nide Wintech Automation sera pr\u00e9sent \u00e0 tous les salons les plus importants du secteur en 2023, venez nous rendre visite!\" \/>\n<meta name=\"robots\" content=\"index, follow, max-snippet:-1, max-image-preview:large, max-video-preview:-1\" \/>\n<link rel=\"canonical\" href=\"https:\/\/nidewintech.com\/fr\/nouvelles\/\" \/>\n<meta property=\"og:locale\" content=\"fr_FR\" \/>\n<meta property=\"og:type\" content=\"article\" \/>\n<meta property=\"og:title\" content=\"Nouvelles Nide Wintech Automation\" \/>\n<meta property=\"og:description\" content=\"Nide Wintech Automation sera pr\u00e9sent \u00e0 tous les salons les plus importants du secteur en 2023, venez nous rendre visite!\" \/>\n<meta property=\"og:url\" content=\"https:\/\/nidewintech.com\/fr\/nouvelles\/\" \/>\n<meta property=\"og:site_name\" content=\"Nide Wintech Automation - Tecnologie per motori elettrici\" \/>\n<meta property=\"article:modified_time\" content=\"2024-03-04T22:08:36+00:00\" \/>\n<meta name=\"twitter:card\" content=\"summary_large_image\" \/>\n<meta name=\"twitter:label1\" content=\"Dur\u00e9e de lecture estim\u00e9e\" \/>\n\t<meta name=\"twitter:data1\" content=\"2 minutes\" \/>\n<script type=\"application\/ld+json\" class=\"yoast-schema-graph\">{\"@context\":\"https:\/\/schema.org\",\"@graph\":[{\"@type\":\"WebPage\",\"@id\":\"https:\/\/nidewintech.com\/fr\/nouvelles\/\",\"url\":\"https:\/\/nidewintech.com\/fr\/nouvelles\/\",\"name\":\"Nouvelles Nide Wintech Automation\",\"isPartOf\":{\"@id\":\"https:\/\/nidewintech.com\/#website\"},\"datePublished\":\"2020-04-23T07:53:23+00:00\",\"dateModified\":\"2024-03-04T22:08:36+00:00\",\"description\":\"Nide Wintech Automation sera pr\u00e9sent \u00e0 tous les salons les plus importants du secteur en 2023, venez nous rendre visite!\",\"breadcrumb\":{\"@id\":\"https:\/\/nidewintech.com\/fr\/nouvelles\/#breadcrumb\"},\"inLanguage\":\"fr-FR\",\"potentialAction\":[{\"@type\":\"ReadAction\",\"target\":[\"https:\/\/nidewintech.com\/fr\/nouvelles\/\"]}]},{\"@type\":\"BreadcrumbList\",\"@id\":\"https:\/\/nidewintech.com\/fr\/nouvelles\/#breadcrumb\",\"itemListElement\":[{\"@type\":\"ListItem\",\"position\":1,\"name\":\"Home\",\"item\":\"https:\/\/nidewintech.com\/\"},{\"@type\":\"ListItem\",\"position\":2,\"name\":\"Nouvelles\"}]},{\"@type\":\"WebSite\",\"@id\":\"https:\/\/nidewintech.com\/#website\",\"url\":\"https:\/\/nidewintech.com\/\",\"name\":\"Nide Wintech Automation - Tecnologie per motori elettrici\",\"description\":\"Produzione di motori elettrici\",\"publisher\":{\"@id\":\"https:\/\/nidewintech.com\/#organization\"},\"potentialAction\":[{\"@type\":\"SearchAction\",\"target\":{\"@type\":\"EntryPoint\",\"urlTemplate\":\"https:\/\/nidewintech.com\/?s={search_term_string}\"},\"query-input\":\"required name=search_term_string\"}],\"inLanguage\":\"fr-FR\"},{\"@type\":\"Organization\",\"@id\":\"https:\/\/nidewintech.com\/#organization\",\"name\":\"Nide Wintech Automation - Tecnologie per motori elettrici\",\"url\":\"https:\/\/nidewintech.com\/\",\"logo\":{\"@type\":\"ImageObject\",\"inLanguage\":\"fr-FR\",\"@id\":\"https:\/\/nidewintech.com\/#\/schema\/logo\/image\/\",\"url\":\"https:\/\/nidewintech.com\/wp-content\/uploads\/2023\/07\/Logo-Nide-Wintech-WEB.png\",\"contentUrl\":\"https:\/\/nidewintech.com\/wp-content\/uploads\/2023\/07\/Logo-Nide-Wintech-WEB.png\",\"width\":1000,\"height\":474,\"caption\":\"Nide Wintech Automation - Tecnologie per motori elettrici\"},\"image\":{\"@id\":\"https:\/\/nidewintech.com\/#\/schema\/logo\/image\/\"}}]}<\/script>\n<!-- \/ Yoast SEO plugin. -->","yoast_head_json":{"title":"Nouvelles Nide Wintech Automation","description":"Nide Wintech Automation sera pr\u00e9sent \u00e0 tous les salons les plus importants du secteur en 2023, venez nous rendre visite!","robots":{"index":"index","follow":"follow","max-snippet":"max-snippet:-1","max-image-preview":"max-image-preview:large","max-video-preview":"max-video-preview:-1"},"canonical":"https:\/\/nidewintech.com\/fr\/nouvelles\/","og_locale":"fr_FR","og_type":"article","og_title":"Nouvelles Nide Wintech Automation","og_description":"Nide Wintech Automation sera pr\u00e9sent \u00e0 tous les salons les plus importants du secteur en 2023, venez nous rendre visite!","og_url":"https:\/\/nidewintech.com\/fr\/nouvelles\/","og_site_name":"Nide Wintech Automation - Tecnologie per motori elettrici","article_modified_time":"2024-03-04T22:08:36+00:00","twitter_card":"summary_large_image","twitter_misc":{"Dur\u00e9e de lecture estim\u00e9e":"2 minutes"},"schema":{"@context":"https:\/\/schema.org","@graph":[{"@type":"WebPage","@id":"https:\/\/nidewintech.com\/fr\/nouvelles\/","url":"https:\/\/nidewintech.com\/fr\/nouvelles\/","name":"Nouvelles Nide Wintech Automation","isPartOf":{"@id":"https:\/\/nidewintech.com\/#website"},"datePublished":"2020-04-23T07:53:23+00:00","dateModified":"2024-03-04T22:08:36+00:00","description":"Nide Wintech Automation sera pr\u00e9sent \u00e0 tous les salons les plus importants du secteur en 2023, venez nous rendre visite!","breadcrumb":{"@id":"https:\/\/nidewintech.com\/fr\/nouvelles\/#breadcrumb"},"inLanguage":"fr-FR","potentialAction":[{"@type":"ReadAction","target":["https:\/\/nidewintech.com\/fr\/nouvelles\/"]}]},{"@type":"BreadcrumbList","@id":"https:\/\/nidewintech.com\/fr\/nouvelles\/#breadcrumb","itemListElement":[{"@type":"ListItem","position":1,"name":"Home","item":"https:\/\/nidewintech.com\/"},{"@type":"ListItem","position":2,"name":"Nouvelles"}]},{"@type":"WebSite","@id":"https:\/\/nidewintech.com\/#website","url":"https:\/\/nidewintech.com\/","name":"Nide Wintech Automation - Tecnologie per motori elettrici","description":"Produzione di motori elettrici","publisher":{"@id":"https:\/\/nidewintech.com\/#organization"},"potentialAction":[{"@type":"SearchAction","target":{"@type":"EntryPoint","urlTemplate":"https:\/\/nidewintech.com\/?s={search_term_string}"},"query-input":"required name=search_term_string"}],"inLanguage":"fr-FR"},{"@type":"Organization","@id":"https:\/\/nidewintech.com\/#organization","name":"Nide Wintech Automation - Tecnologie per motori elettrici","url":"https:\/\/nidewintech.com\/","logo":{"@type":"ImageObject","inLanguage":"fr-FR","@id":"https:\/\/nidewintech.com\/#\/schema\/logo\/image\/","url":"https:\/\/nidewintech.com\/wp-content\/uploads\/2023\/07\/Logo-Nide-Wintech-WEB.png","contentUrl":"https:\/\/nidewintech.com\/wp-content\/uploads\/2023\/07\/Logo-Nide-Wintech-WEB.png","width":1000,"height":474,"caption":"Nide Wintech Automation - Tecnologie per motori elettrici"},"image":{"@id":"https:\/\/nidewintech.com\/#\/schema\/logo\/image\/"}}]}},"_links":{"self":[{"href":"https:\/\/nidewintech.com\/fr\/wp-json\/wp\/v2\/pages\/1027"}],"collection":[{"href":"https:\/\/nidewintech.com\/fr\/wp-json\/wp\/v2\/pages"}],"about":[{"href":"https:\/\/nidewintech.com\/fr\/wp-json\/wp\/v2\/types\/page"}],"author":[{"embeddable":true,"href":"https:\/\/nidewintech.com\/fr\/wp-json\/wp\/v2\/users\/1"}],"replies":[{"embeddable":true,"href":"https:\/\/nidewintech.com\/fr\/wp-json\/wp\/v2\/comments?post=1027"}],"version-history":[{"count":45,"href":"https:\/\/nidewintech.com\/fr\/wp-json\/wp\/v2\/pages\/1027\/revisions"}],"predecessor-version":[{"id":3506,"href":"https:\/\/nidewintech.com\/fr\/wp-json\/wp\/v2\/pages\/1027\/revisions\/3506"}],"wp:attachment":[{"href":"https:\/\/nidewintech.com\/fr\/wp-json\/wp\/v2\/media?parent=1027"}],"curies":[{"name":"wp","href":"https:\/\/api.w.org\/{rel}","templated":true}]}}