{"id":1517,"date":"2020-07-15T16:08:22","date_gmt":"2020-07-15T16:08:22","guid":{"rendered":"https:\/\/nidewintech.com\/contactos\/los-proveedores-envian-una-presentacion\/"},"modified":"2020-07-16T09:56:56","modified_gmt":"2020-07-16T09:56:56","slug":"los-proveedores-envian-una-presentacion","status":"publish","type":"page","link":"https:\/\/nidewintech.com\/es\/contactos\/los-proveedores-envian-una-presentacion\/","title":{"rendered":"Los proveedores env\u00edan una presentaci\u00f3n"},"content":{"rendered":"<div class=\"wpb-content-wrapper\">[vc_row full_width=\u00bbstretch_row_content_no_spaces\u00bb content_placement=\u00bbmiddle\u00bb column_spacing=\u00bb0px\u00bb css=\u00bb.vc_custom_1589786358054{background-image: url(https:\/\/nidewintech.com\/wp-content\/uploads\/2020\/05\/Banner-contacts.jpg?id=1179) !important;background-position: center !important;background-repeat: no-repeat !important;background-size: cover !important;}\u00bb min_height=\u00bb400px\u00bb visibility=\u00bbhidden-phone\u00bb wpex_bg_position=\u00bbcenter center\u00bb][vc_column][\/vc_column][\/vc_row][vc_row][vc_column]<style> style=\"height:50px;\"<\/style><div class=\"vcex-spacing wpex-w-100 wpex-clear\" style=\"height:50px;\"><\/div><style>.vcex-breadcrumbs.vcex_69d6d1472ca82{text-align:right;font-size:14px;}@media (max-width:1024px){.vcex-breadcrumbs.vcex_69d6d1472ca82{font-size:13px;}}@media (max-width:959px){.vcex-breadcrumbs.vcex_69d6d1472ca82{font-size:13px;}}@media (max-width:767px){.vcex-breadcrumbs.vcex_69d6d1472ca82{font-size:12px;}}@media (max-width:479px){.vcex-breadcrumbs.vcex_69d6d1472ca82{font-size:11px;}}<\/style><nav class=\"vcex-breadcrumbs vcex-breadcrumbs--links-inherit-color vcex_69d6d1472ca82\"><span><span><a href=\"https:\/\/nidewintech.com\/es\/home\/\">Home<\/a><\/span><\/span><\/nav>[\/vc_column][vc_column]<style>.vcex-heading.vcex_69d6d1472d4b7{font-size:25px;font-weight:600;}@media (max-width:1024px){.vcex-heading.vcex_69d6d1472d4b7{font-size:25px;}}@media (max-width:959px){.vcex-heading.vcex_69d6d1472d4b7{font-size:23px;}}@media (max-width:767px){.vcex-heading.vcex_69d6d1472d4b7{font-size:20px;}}@media (max-width:479px){.vcex-heading.vcex_69d6d1472d4b7{font-size:20px;}}<\/style><div class=\"vcex-heading vcex-heading-plain vcex-module wpex-heading wpex-text-2xl wpex-text-left vc_custom_1587559597966 vcex_69d6d1472d4b7\"><span class=\"vcex-heading-inner wpex-inline-block\">ENVIAR UNA PRESENTACI\u00d3N<\/span><\/div>[vc_column_text css=\u00bb.vc_custom_1587559643032{padding-bottom: 25px !important;}\u00bb]Si quieres proponer productos y servicios de calidad inherentes a nuestra producci\u00f3n, env\u00eda tu solicitud con la indicaci\u00f3n del producto y el servicio que puedes suministrar.[\/vc_column_text]\n<div class=\"wpcf7 no-js\" id=\"wpcf7-f1537-o1\" lang=\"es-ES\" dir=\"ltr\">\n<div class=\"screen-reader-response\"><p role=\"status\" aria-live=\"polite\" aria-atomic=\"true\"><\/p> <ul><\/ul><\/div>\n<form action=\"\/es\/wp-json\/wp\/v2\/pages\/1517#wpcf7-f1537-o1\" method=\"post\" class=\"wpcf7-form init\" aria-label=\"Contact form\" enctype=\"multipart\/form-data\" novalidate=\"novalidate\" data-status=\"init\">\n<div style=\"display: none;\">\n<input type=\"hidden\" name=\"_wpcf7\" value=\"1537\" \/>\n<input type=\"hidden\" name=\"_wpcf7_version\" value=\"5.9\" \/>\n<input type=\"hidden\" name=\"_wpcf7_locale\" value=\"es_ES\" \/>\n<input type=\"hidden\" name=\"_wpcf7_unit_tag\" value=\"wpcf7-f1537-o1\" \/>\n<input type=\"hidden\" name=\"_wpcf7_container_post\" value=\"0\" \/>\n<input type=\"hidden\" name=\"_wpcf7_posted_data_hash\" value=\"\" \/>\n<input type=\"hidden\" name=\"_wpcf7_recaptcha_response\" value=\"\" \/>\n<\/div>\n<div id=\"responsive-form\" class=\"clearfix\">\n\t<div class=\"form-row\">\n\t\t<div class=\"column-half\">\n\t\t\t<p><strong> Nombre y Apellidos *<\/strong><span class=\"wpcf7-form-control-wrap\" data-name=\"your-name\"><input size=\"40\" class=\"wpcf7-form-control wpcf7-text wpcf7-validates-as-required\" aria-required=\"true\" aria-invalid=\"false\" value=\"\" type=\"text\" name=\"your-name\" \/><\/span>\n\t\t\t<\/p>\n\t\t<\/div>\n\t\t<div class=\"column-half\">\n\t\t\t<p><strong> Empresa * <\/strong><span class=\"wpcf7-form-control-wrap\" data-name=\"azienda-136\"><input size=\"40\" class=\"wpcf7-form-control wpcf7-text wpcf7-validates-as-required\" aria-required=\"true\" aria-invalid=\"false\" value=\"\" type=\"text\" name=\"azienda-136\" \/><\/span>\n\t\t\t<\/p>\n\t\t<\/div>\n\t<\/div>\n\t<div class=\"form-row\">\n\t\t<div class=\"column-half\">\n\t\t\t<p><strong> Tu correo electr\u00f3nico *<\/strong><span class=\"wpcf7-form-control-wrap\" data-name=\"your-email\"><input size=\"40\" class=\"wpcf7-form-control wpcf7-email wpcf7-validates-as-required wpcf7-text wpcf7-validates-as-email\" aria-required=\"true\" aria-invalid=\"false\" value=\"\" type=\"email\" name=\"your-email\" \/><\/span>\n\t\t\t<\/p>\n\t\t<\/div>\n\t\t<div class=\"column-half\">\n\t\t\t<p><strong> Tel\u00e9fono *<\/strong><span class=\"wpcf7-form-control-wrap\" data-name=\"tel-307\"><input size=\"40\" class=\"wpcf7-form-control wpcf7-tel wpcf7-validates-as-required wpcf7-text wpcf7-validates-as-tel\" aria-required=\"true\" aria-invalid=\"false\" value=\"\" type=\"tel\" name=\"tel-307\" \/><\/span>\n\t\t\t<\/p>\n\t\t<\/div>\n\t<\/div>\n\t<div class=\"form-row\">\n\t\t<div class=\"column-half\">\n\t\t\t<p><strong> Tipo de producci\u00f3n *<\/strong><span class=\"wpcf7-form-control-wrap\" data-name=\"Tipodiproduzione-314\"><input size=\"40\" class=\"wpcf7-form-control wpcf7-text\" aria-invalid=\"false\" value=\"\" type=\"text\" name=\"Tipodiproduzione-314\" \/><\/span>\n\t\t\t<\/p>\n\t\t<\/div>\n\t\t<div class=\"column-half\">\n\t\t\t<p><strong> C\u00f3d.IVA *<\/strong><span class=\"wpcf7-form-control-wrap\" data-name=\"piva-314\"><input size=\"40\" class=\"wpcf7-form-control wpcf7-text\" aria-invalid=\"false\" value=\"\" type=\"text\" name=\"piva-314\" \/><\/span>\n\t\t\t<\/p>\n\t\t<\/div>\n\t<\/div>\n\t<div class=\"form-row\">\n\t\t<div class=\"column-full\">\n\t\t\t<p><strong> Tu mensaje *<\/strong><span class=\"wpcf7-form-control-wrap\" data-name=\"your-message\"><textarea cols=\"40\" rows=\"10\" class=\"wpcf7-form-control wpcf7-textarea\" aria-invalid=\"false\" name=\"your-message\"><\/textarea><\/span>\n\t\t\t<\/p>\n\t\t<\/div>\n\t<\/div>\n\t<div class=\"form-row\">\n\t\t<div class=\"column-full\">\n\t\t\t<p><span class=\"wpcf7-form-control-wrap\" data-name=\"file-743\"><input size=\"40\" class=\"wpcf7-form-control wpcf7-file\" accept=\"audio\/*,video\/*,image\/*\" aria-invalid=\"false\" type=\"file\" name=\"file-743\" \/><\/span>\n\t\t\t<\/p>\n\t\t<\/div>\n\t<\/div>\n\t<div class=\"form-row\">\n\t\t<div class=\"column-full\">\n\t\t\t<p><span class=\"wpcf7-form-control-wrap\" data-name=\"acceptance-975\"><span class=\"wpcf7-form-control wpcf7-acceptance optional\"><span class=\"wpcf7-list-item\"><label><input type=\"checkbox\" name=\"acceptance-975\" value=\"1\" id=\"AttributoId\" aria-invalid=\"false\" \/><span class=\"wpcf7-list-item-label\">Declaro que he adquirido la<a id=\"linksingolo\" href=\"https:\/\/www.wintech-automation.com\/privacy-policy\/\"> Pol\u00edtica de Privacidad<\/a>  y doy mi consentimiento al tratamiento para los fines indicados en ella'<\/span><\/label><\/span><\/span><\/span>\n\t\t\t<\/p>\n\t\t<\/div>\n\t<\/div>\n\t<div class=\"form-row\">\n\t\t<div class=\"column-full\">\n\t\t\t<p><input class=\"wpcf7-form-control wpcf7-submit has-spinner\" type=\"submit\" value=\"Env\u00eda\" \/>\n\t\t\t<\/p>\n\t\t<\/div>\n\t<\/div>\n<\/div><div class=\"wpcf7-response-output\" aria-hidden=\"true\"><\/div>\n<\/form>\n<\/div>\n[\/vc_column][\/vc_row]\n<\/div>","protected":false},"excerpt":{"rendered":"<p>[vc_row full_width=\u00bbstretch_row_content_no_spaces\u00bb content_placement=\u00bbmiddle\u00bb column_spacing=\u00bb0px\u00bb css=\u00bb.vc_custom_1589786358054{background-image: url(https:\/\/nidewintech.com\/wp-content\/uploads\/2020\/05\/Banner-contacts.jpg?id=1179) !important;background-position: center !important;background-repeat: no-repeat !important;background-size: cover !important;}\u00bb min_height=\u00bb400px\u00bb visibility=\u00bbhidden-phone\u00bb wpex_bg_position=\u00bbcenter center\u00bb][vc_column][\/vc_column][\/vc_row][vc_row][vc_column][\/vc_column][vc_column][vc_column_text css=\u00bb.vc_custom_1587559643032{padding-bottom: 25px !important;}\u00bb]Si quieres proponer productos y servicios de calidad inherentes a nuestra producci\u00f3n, env\u00eda tu solicitud con la indicaci\u00f3n del producto y el servicio que puedes suministrar.[\/vc_column_text][\/vc_column][\/vc_row]<\/p>\n","protected":false},"author":1,"featured_media":0,"parent":1513,"menu_order":0,"comment_status":"closed","ping_status":"closed","template":"","meta":{"inline_featured_image":false,"footnotes":""},"yoast_head":"<!-- This site is optimized with the Yoast SEO plugin v22.1 - https:\/\/yoast.com\/wordpress\/plugins\/seo\/ -->\n<title>Contactos con proveedores - Enviar presentaci\u00f3n de la empresa a Wintech<\/title>\n<meta name=\"description\" content=\"Si desea proponer productos y servicios de calidad relacionados con nuestra producci\u00f3n, por favor env\u00edenos su solicitud a trav\u00e9s de nuestro formulario.\" \/>\n<meta name=\"robots\" content=\"index, follow, max-snippet:-1, max-image-preview:large, max-video-preview:-1\" \/>\n<link rel=\"canonical\" href=\"https:\/\/nidewintech.com\/contatti\/fornitori-invia-presentazione\/\" \/>\n<meta property=\"og:locale\" content=\"es_ES\" \/>\n<meta property=\"og:type\" content=\"article\" \/>\n<meta property=\"og:title\" content=\"Contactos con proveedores - Enviar presentaci\u00f3n de la empresa a Wintech\" \/>\n<meta property=\"og:description\" content=\"Si desea proponer productos y servicios de calidad relacionados con nuestra producci\u00f3n, por favor env\u00edenos su solicitud a trav\u00e9s de nuestro formulario.\" \/>\n<meta property=\"og:url\" content=\"https:\/\/nidewintech.com\/contatti\/fornitori-invia-presentazione\/\" \/>\n<meta property=\"og:site_name\" content=\"Nide Wintech Automation - Tecnologie per motori elettrici\" \/>\n<meta property=\"article:modified_time\" content=\"2020-07-16T09:56:56+00:00\" \/>\n<meta name=\"twitter:card\" content=\"summary_large_image\" \/>\n<meta name=\"twitter:label1\" content=\"Tiempo de lectura\" \/>\n\t<meta name=\"twitter:data1\" content=\"1 minuto\" \/>\n<script type=\"application\/ld+json\" class=\"yoast-schema-graph\">{\"@context\":\"https:\/\/schema.org\",\"@graph\":[{\"@type\":\"WebPage\",\"@id\":\"https:\/\/nidewintech.com\/contatti\/fornitori-invia-presentazione\/\",\"url\":\"https:\/\/nidewintech.com\/contatti\/fornitori-invia-presentazione\/\",\"name\":\"Contactos con proveedores - Enviar presentaci\u00f3n de la empresa a Wintech\",\"isPartOf\":{\"@id\":\"https:\/\/nidewintech.com\/#website\"},\"datePublished\":\"2020-07-15T16:08:22+00:00\",\"dateModified\":\"2020-07-16T09:56:56+00:00\",\"description\":\"Si desea proponer productos y servicios de calidad relacionados con nuestra producci\u00f3n, por favor env\u00edenos su solicitud a trav\u00e9s de nuestro formulario.\",\"breadcrumb\":{\"@id\":\"https:\/\/nidewintech.com\/contatti\/fornitori-invia-presentazione\/#breadcrumb\"},\"inLanguage\":\"es\",\"potentialAction\":[{\"@type\":\"ReadAction\",\"target\":[\"https:\/\/nidewintech.com\/contatti\/fornitori-invia-presentazione\/\"]}]},{\"@type\":\"BreadcrumbList\",\"@id\":\"https:\/\/nidewintech.com\/contatti\/fornitori-invia-presentazione\/#breadcrumb\",\"itemListElement\":[{\"@type\":\"ListItem\",\"position\":1,\"name\":\"Home\",\"item\":\"https:\/\/nidewintech.com\/es\/home\/\"},{\"@type\":\"ListItem\",\"position\":2,\"name\":\"Contactos\",\"item\":\"https:\/\/nidewintech.com\/contatti\/\"},{\"@type\":\"ListItem\",\"position\":3,\"name\":\"Los proveedores env\u00edan una presentaci\u00f3n\"}]},{\"@type\":\"WebSite\",\"@id\":\"https:\/\/nidewintech.com\/#website\",\"url\":\"https:\/\/nidewintech.com\/\",\"name\":\"Nide Wintech Automation - Tecnologie per motori elettrici\",\"description\":\"Produzione di motori elettrici\",\"publisher\":{\"@id\":\"https:\/\/nidewintech.com\/#organization\"},\"potentialAction\":[{\"@type\":\"SearchAction\",\"target\":{\"@type\":\"EntryPoint\",\"urlTemplate\":\"https:\/\/nidewintech.com\/?s={search_term_string}\"},\"query-input\":\"required name=search_term_string\"}],\"inLanguage\":\"es\"},{\"@type\":\"Organization\",\"@id\":\"https:\/\/nidewintech.com\/#organization\",\"name\":\"Nide Wintech Automation - Tecnologie per motori elettrici\",\"url\":\"https:\/\/nidewintech.com\/\",\"logo\":{\"@type\":\"ImageObject\",\"inLanguage\":\"es\",\"@id\":\"https:\/\/nidewintech.com\/#\/schema\/logo\/image\/\",\"url\":\"https:\/\/nidewintech.com\/wp-content\/uploads\/2023\/07\/Logo-Nide-Wintech-WEB.png\",\"contentUrl\":\"https:\/\/nidewintech.com\/wp-content\/uploads\/2023\/07\/Logo-Nide-Wintech-WEB.png\",\"width\":1000,\"height\":474,\"caption\":\"Nide Wintech Automation - Tecnologie per motori elettrici\"},\"image\":{\"@id\":\"https:\/\/nidewintech.com\/#\/schema\/logo\/image\/\"}}]}<\/script>\n<!-- \/ Yoast SEO plugin. -->","yoast_head_json":{"title":"Contactos con proveedores - Enviar presentaci\u00f3n de la empresa a Wintech","description":"Si desea proponer productos y servicios de calidad relacionados con nuestra producci\u00f3n, por favor env\u00edenos su solicitud a trav\u00e9s de nuestro formulario.","robots":{"index":"index","follow":"follow","max-snippet":"max-snippet:-1","max-image-preview":"max-image-preview:large","max-video-preview":"max-video-preview:-1"},"canonical":"https:\/\/nidewintech.com\/contatti\/fornitori-invia-presentazione\/","og_locale":"es_ES","og_type":"article","og_title":"Contactos con proveedores - Enviar presentaci\u00f3n de la empresa a Wintech","og_description":"Si desea proponer productos y servicios de calidad relacionados con nuestra producci\u00f3n, por favor env\u00edenos su solicitud a trav\u00e9s de nuestro formulario.","og_url":"https:\/\/nidewintech.com\/contatti\/fornitori-invia-presentazione\/","og_site_name":"Nide Wintech Automation - Tecnologie per motori elettrici","article_modified_time":"2020-07-16T09:56:56+00:00","twitter_card":"summary_large_image","twitter_misc":{"Tiempo de lectura":"1 minuto"},"schema":{"@context":"https:\/\/schema.org","@graph":[{"@type":"WebPage","@id":"https:\/\/nidewintech.com\/contatti\/fornitori-invia-presentazione\/","url":"https:\/\/nidewintech.com\/contatti\/fornitori-invia-presentazione\/","name":"Contactos con proveedores - Enviar presentaci\u00f3n de la empresa a Wintech","isPartOf":{"@id":"https:\/\/nidewintech.com\/#website"},"datePublished":"2020-07-15T16:08:22+00:00","dateModified":"2020-07-16T09:56:56+00:00","description":"Si desea proponer productos y servicios de calidad relacionados con nuestra producci\u00f3n, por favor env\u00edenos su solicitud a trav\u00e9s de nuestro formulario.","breadcrumb":{"@id":"https:\/\/nidewintech.com\/contatti\/fornitori-invia-presentazione\/#breadcrumb"},"inLanguage":"es","potentialAction":[{"@type":"ReadAction","target":["https:\/\/nidewintech.com\/contatti\/fornitori-invia-presentazione\/"]}]},{"@type":"BreadcrumbList","@id":"https:\/\/nidewintech.com\/contatti\/fornitori-invia-presentazione\/#breadcrumb","itemListElement":[{"@type":"ListItem","position":1,"name":"Home","item":"https:\/\/nidewintech.com\/es\/home\/"},{"@type":"ListItem","position":2,"name":"Contactos","item":"https:\/\/nidewintech.com\/contatti\/"},{"@type":"ListItem","position":3,"name":"Los proveedores env\u00edan una presentaci\u00f3n"}]},{"@type":"WebSite","@id":"https:\/\/nidewintech.com\/#website","url":"https:\/\/nidewintech.com\/","name":"Nide Wintech Automation - Tecnologie per motori elettrici","description":"Produzione di motori elettrici","publisher":{"@id":"https:\/\/nidewintech.com\/#organization"},"potentialAction":[{"@type":"SearchAction","target":{"@type":"EntryPoint","urlTemplate":"https:\/\/nidewintech.com\/?s={search_term_string}"},"query-input":"required name=search_term_string"}],"inLanguage":"es"},{"@type":"Organization","@id":"https:\/\/nidewintech.com\/#organization","name":"Nide Wintech Automation - Tecnologie per motori elettrici","url":"https:\/\/nidewintech.com\/","logo":{"@type":"ImageObject","inLanguage":"es","@id":"https:\/\/nidewintech.com\/#\/schema\/logo\/image\/","url":"https:\/\/nidewintech.com\/wp-content\/uploads\/2023\/07\/Logo-Nide-Wintech-WEB.png","contentUrl":"https:\/\/nidewintech.com\/wp-content\/uploads\/2023\/07\/Logo-Nide-Wintech-WEB.png","width":1000,"height":474,"caption":"Nide Wintech Automation - Tecnologie per motori elettrici"},"image":{"@id":"https:\/\/nidewintech.com\/#\/schema\/logo\/image\/"}}]}},"_links":{"self":[{"href":"https:\/\/nidewintech.com\/es\/wp-json\/wp\/v2\/pages\/1517"}],"collection":[{"href":"https:\/\/nidewintech.com\/es\/wp-json\/wp\/v2\/pages"}],"about":[{"href":"https:\/\/nidewintech.com\/es\/wp-json\/wp\/v2\/types\/page"}],"author":[{"embeddable":true,"href":"https:\/\/nidewintech.com\/es\/wp-json\/wp\/v2\/users\/1"}],"replies":[{"embeddable":true,"href":"https:\/\/nidewintech.com\/es\/wp-json\/wp\/v2\/comments?post=1517"}],"version-history":[{"count":4,"href":"https:\/\/nidewintech.com\/es\/wp-json\/wp\/v2\/pages\/1517\/revisions"}],"predecessor-version":[{"id":1548,"href":"https:\/\/nidewintech.com\/es\/wp-json\/wp\/v2\/pages\/1517\/revisions\/1548"}],"up":[{"embeddable":true,"href":"https:\/\/nidewintech.com\/es\/wp-json\/wp\/v2\/pages\/1513"}],"wp:attachment":[{"href":"https:\/\/nidewintech.com\/es\/wp-json\/wp\/v2\/media?parent=1517"}],"curies":[{"name":"wp","href":"https:\/\/api.w.org\/{rel}","templated":true}]}}