{"id":1513,"date":"2020-07-15T16:05:24","date_gmt":"2020-07-15T16:05:24","guid":{"rendered":"https:\/\/nidewintech.com\/contactos\/"},"modified":"2025-01-17T13:54:45","modified_gmt":"2025-01-17T13:54:45","slug":"contactos","status":"publish","type":"page","link":"https:\/\/nidewintech.com\/es\/contactos\/","title":{"rendered":"Contactos"},"content":{"rendered":"<div class=\"wpb-content-wrapper\">[vc_row full_width=\u00bbstretch_row_content_no_spaces\u00bb content_placement=\u00bbmiddle\u00bb column_spacing=\u00bb0px\u00bb min_height=\u00bb400px\u00bb css=\u00bb.vc_custom_1589786317561{background-image: url(https:\/\/nidewintech.com\/wp-content\/uploads\/2020\/05\/Banner-contacts.jpg?id=1179) !important;background-position: center !important;background-repeat: no-repeat !important;background-size: cover !important;}\u00bb visibility=\u00bbhidden-phone\u00bb wpex_bg_position=\u00bbcenter center\u00bb][vc_column][\/vc_column][\/vc_row][vc_row][vc_column]<style> style=\"height:50px;\"<\/style><div class=\"vcex-spacing wpex-w-100 wpex-clear\" style=\"height:50px;\"><\/div><style>.vcex-breadcrumbs.vcex_69fcaa9309758{text-align:right;font-size:14px;}@media (max-width:1024px){.vcex-breadcrumbs.vcex_69fcaa9309758{font-size:13px;}}@media (max-width:959px){.vcex-breadcrumbs.vcex_69fcaa9309758{font-size:13px;}}@media (max-width:767px){.vcex-breadcrumbs.vcex_69fcaa9309758{font-size:12px;}}@media (max-width:479px){.vcex-breadcrumbs.vcex_69fcaa9309758{font-size:11px;}}<\/style><nav class=\"vcex-breadcrumbs vcex-breadcrumbs--links-inherit-color vcex_69fcaa9309758\"><span><span><a href=\"https:\/\/nidewintech.com\/es\/home\/\">Home<\/a><\/span><\/span><\/nav>[\/vc_column][vc_column]<style>.vcex-heading.vcex_69fcaa930a4a1{font-size:25px;font-weight:600;}@media (max-width:1024px){.vcex-heading.vcex_69fcaa930a4a1{font-size:25px;}}@media (max-width:959px){.vcex-heading.vcex_69fcaa930a4a1{font-size:23px;}}@media (max-width:767px){.vcex-heading.vcex_69fcaa930a4a1{font-size:20px;}}@media (max-width:479px){.vcex-heading.vcex_69fcaa930a4a1{font-size:20px;}}<\/style><div class=\"vcex-heading vcex-heading-plain vcex-module wpex-heading wpex-text-2xl wpex-text-left vc_custom_1587549656708 vcex_69fcaa930a4a1\"><span class=\"vcex-heading-inner wpex-inline-block\">SOLICITUD DE CONTACTO<\/span><\/div>[vc_column_text css=\u00bb.vc_custom_1737121769068{padding-bottom: 25px !important;}\u00bb]\n<p style=\"text-align: left;\">Si te interesa recibir informaci\u00f3n adicional sobre nuestra empresa o nuestros productos, nuestra oficina contestar\u00e1 a tus preguntas o preparar\u00e1 una oferta en tiempos breves. Los datos solicitados son fundamentales para efectuar un primer procesamiento.<\/p>\n<div class=\"vcex-heading vcex-heading-plain vcex-module wpex-heading wpex-text-2xl wpex-text-center vcex_678a61175f66a\" style=\"text-align: left;\"><span class=\"vcex-heading-inner wpex-inline-block\">NIDE WINTECH SRL<\/span><\/div>\n<div class=\"wpb_text_column has-custom-color wpex-child-inherit-color wpb_content_element \">\n<div class=\"wpb_wrapper\">\n<p class=\"p1\" style=\"text-align: left;\"><strong>Tel\u00e9fono:<\/strong>\u00a0+ 39 011 18 952 133<br \/>\n<strong>E-mail<\/strong>:\u00a0<a id=\"linksingolo\" href=\"mailto:info@nidewintech.com\">info@nidewintech.com<\/a><br \/>\n<strong>Sede:<\/strong>\u00a0 Via Italia, n.42 \u2013 10093 Collegno, Italia<br \/>\n<strong>Sede Social:<\/strong>\u00a0Via San Francesco d\u2019Assisi, 18 \u2013 10122 Tur\u00edn, Italia<br \/>\n<strong>VAT number:\u00a0<\/strong>11975820017<\/p>\n<\/div>\n<\/div>\n[\/vc_column_text][\/vc_column][\/vc_row]\n<\/div>","protected":false},"excerpt":{"rendered":"<p>[vc_row full_width=\u00bbstretch_row_content_no_spaces\u00bb content_placement=\u00bbmiddle\u00bb column_spacing=\u00bb0px\u00bb min_height=\u00bb400px\u00bb css=\u00bb.vc_custom_1589786317561{background-image: url(https:\/\/nidewintech.com\/wp-content\/uploads\/2020\/05\/Banner-contacts.jpg?id=1179) !important;background-position: center !important;background-repeat: no-repeat !important;background-size: cover !important;}\u00bb visibility=\u00bbhidden-phone\u00bb wpex_bg_position=\u00bbcenter center\u00bb][vc_column][\/vc_column][\/vc_row][vc_row][vc_column][\/vc_column][vc_column][vc_column_text css=\u00bb.vc_custom_1737121769068{padding-bottom: 25px !important;}\u00bb] Si te interesa recibir informaci\u00f3n adicional sobre nuestra empresa o nuestros productos, nuestra oficina contestar\u00e1 a tus preguntas o preparar\u00e1 una oferta en tiempos breves. Los datos solicitados son fundamentales para efectuar un primer procesamiento.&hellip;<\/p>\n","protected":false},"author":1,"featured_media":0,"parent":0,"menu_order":0,"comment_status":"closed","ping_status":"closed","template":"","meta":{"inline_featured_image":false,"footnotes":""},"yoast_head":"<!-- This site is optimized with the Yoast SEO plugin v22.1 - https:\/\/yoast.com\/wordpress\/plugins\/seo\/ -->\n<title>Contactos de Wintech Automation<\/title>\n<meta name=\"description\" content=\"Nuestros contactos: +39 011 18 952 133, sales@wintech-automation.com Sede: Via F.lli Tampellini, 5 - 10093 Collegno (TO)\" \/>\n<meta name=\"robots\" content=\"index, follow, max-snippet:-1, max-image-preview:large, max-video-preview:-1\" \/>\n<link rel=\"canonical\" href=\"https:\/\/nidewintech.com\/contatti\/\" \/>\n<meta property=\"og:locale\" content=\"es_ES\" \/>\n<meta property=\"og:type\" content=\"article\" \/>\n<meta property=\"og:title\" content=\"Contactos de Wintech Automation\" \/>\n<meta property=\"og:description\" content=\"Nuestros contactos: +39 011 18 952 133, sales@wintech-automation.com Sede: Via F.lli Tampellini, 5 - 10093 Collegno (TO)\" \/>\n<meta property=\"og:url\" content=\"https:\/\/nidewintech.com\/contatti\/\" \/>\n<meta property=\"og:site_name\" content=\"Nide Wintech Automation - Tecnologie per motori elettrici\" \/>\n<meta property=\"article:modified_time\" content=\"2025-01-17T13:54:45+00:00\" \/>\n<meta name=\"twitter:card\" content=\"summary_large_image\" \/>\n<meta name=\"twitter:label1\" content=\"Tiempo de lectura\" \/>\n\t<meta name=\"twitter:data1\" content=\"1 minuto\" \/>\n<script type=\"application\/ld+json\" class=\"yoast-schema-graph\">{\"@context\":\"https:\/\/schema.org\",\"@graph\":[{\"@type\":\"WebPage\",\"@id\":\"https:\/\/nidewintech.com\/contatti\/\",\"url\":\"https:\/\/nidewintech.com\/contatti\/\",\"name\":\"Contactos de Wintech Automation\",\"isPartOf\":{\"@id\":\"https:\/\/nidewintech.com\/#website\"},\"datePublished\":\"2020-07-15T16:05:24+00:00\",\"dateModified\":\"2025-01-17T13:54:45+00:00\",\"description\":\"Nuestros contactos: +39 011 18 952 133, sales@wintech-automation.com Sede: Via F.lli Tampellini, 5 - 10093 Collegno (TO)\",\"breadcrumb\":{\"@id\":\"https:\/\/nidewintech.com\/contatti\/#breadcrumb\"},\"inLanguage\":\"es\",\"potentialAction\":[{\"@type\":\"ReadAction\",\"target\":[\"https:\/\/nidewintech.com\/contatti\/\"]}]},{\"@type\":\"BreadcrumbList\",\"@id\":\"https:\/\/nidewintech.com\/contatti\/#breadcrumb\",\"itemListElement\":[{\"@type\":\"ListItem\",\"position\":1,\"name\":\"Home\",\"item\":\"https:\/\/nidewintech.com\/es\/home\/\"},{\"@type\":\"ListItem\",\"position\":2,\"name\":\"Contactos\"}]},{\"@type\":\"WebSite\",\"@id\":\"https:\/\/nidewintech.com\/#website\",\"url\":\"https:\/\/nidewintech.com\/\",\"name\":\"Nide Wintech Automation - Tecnologie per motori elettrici\",\"description\":\"Produzione di motori elettrici\",\"publisher\":{\"@id\":\"https:\/\/nidewintech.com\/#organization\"},\"potentialAction\":[{\"@type\":\"SearchAction\",\"target\":{\"@type\":\"EntryPoint\",\"urlTemplate\":\"https:\/\/nidewintech.com\/?s={search_term_string}\"},\"query-input\":\"required name=search_term_string\"}],\"inLanguage\":\"es\"},{\"@type\":\"Organization\",\"@id\":\"https:\/\/nidewintech.com\/#organization\",\"name\":\"Nide Wintech Automation - Tecnologie per motori elettrici\",\"url\":\"https:\/\/nidewintech.com\/\",\"logo\":{\"@type\":\"ImageObject\",\"inLanguage\":\"es\",\"@id\":\"https:\/\/nidewintech.com\/#\/schema\/logo\/image\/\",\"url\":\"https:\/\/nidewintech.com\/wp-content\/uploads\/2023\/07\/Logo-Nide-Wintech-WEB.png\",\"contentUrl\":\"https:\/\/nidewintech.com\/wp-content\/uploads\/2023\/07\/Logo-Nide-Wintech-WEB.png\",\"width\":1000,\"height\":474,\"caption\":\"Nide Wintech Automation - Tecnologie per motori elettrici\"},\"image\":{\"@id\":\"https:\/\/nidewintech.com\/#\/schema\/logo\/image\/\"}}]}<\/script>\n<!-- \/ Yoast SEO plugin. -->","yoast_head_json":{"title":"Contactos de Wintech Automation","description":"Nuestros contactos: +39 011 18 952 133, sales@wintech-automation.com Sede: Via F.lli Tampellini, 5 - 10093 Collegno (TO)","robots":{"index":"index","follow":"follow","max-snippet":"max-snippet:-1","max-image-preview":"max-image-preview:large","max-video-preview":"max-video-preview:-1"},"canonical":"https:\/\/nidewintech.com\/contatti\/","og_locale":"es_ES","og_type":"article","og_title":"Contactos de Wintech Automation","og_description":"Nuestros contactos: +39 011 18 952 133, sales@wintech-automation.com Sede: Via F.lli Tampellini, 5 - 10093 Collegno (TO)","og_url":"https:\/\/nidewintech.com\/contatti\/","og_site_name":"Nide Wintech Automation - Tecnologie per motori elettrici","article_modified_time":"2025-01-17T13:54:45+00:00","twitter_card":"summary_large_image","twitter_misc":{"Tiempo de lectura":"1 minuto"},"schema":{"@context":"https:\/\/schema.org","@graph":[{"@type":"WebPage","@id":"https:\/\/nidewintech.com\/contatti\/","url":"https:\/\/nidewintech.com\/contatti\/","name":"Contactos de Wintech Automation","isPartOf":{"@id":"https:\/\/nidewintech.com\/#website"},"datePublished":"2020-07-15T16:05:24+00:00","dateModified":"2025-01-17T13:54:45+00:00","description":"Nuestros contactos: +39 011 18 952 133, sales@wintech-automation.com Sede: Via F.lli Tampellini, 5 - 10093 Collegno (TO)","breadcrumb":{"@id":"https:\/\/nidewintech.com\/contatti\/#breadcrumb"},"inLanguage":"es","potentialAction":[{"@type":"ReadAction","target":["https:\/\/nidewintech.com\/contatti\/"]}]},{"@type":"BreadcrumbList","@id":"https:\/\/nidewintech.com\/contatti\/#breadcrumb","itemListElement":[{"@type":"ListItem","position":1,"name":"Home","item":"https:\/\/nidewintech.com\/es\/home\/"},{"@type":"ListItem","position":2,"name":"Contactos"}]},{"@type":"WebSite","@id":"https:\/\/nidewintech.com\/#website","url":"https:\/\/nidewintech.com\/","name":"Nide Wintech Automation - Tecnologie per motori elettrici","description":"Produzione di motori elettrici","publisher":{"@id":"https:\/\/nidewintech.com\/#organization"},"potentialAction":[{"@type":"SearchAction","target":{"@type":"EntryPoint","urlTemplate":"https:\/\/nidewintech.com\/?s={search_term_string}"},"query-input":"required name=search_term_string"}],"inLanguage":"es"},{"@type":"Organization","@id":"https:\/\/nidewintech.com\/#organization","name":"Nide Wintech Automation - Tecnologie per motori elettrici","url":"https:\/\/nidewintech.com\/","logo":{"@type":"ImageObject","inLanguage":"es","@id":"https:\/\/nidewintech.com\/#\/schema\/logo\/image\/","url":"https:\/\/nidewintech.com\/wp-content\/uploads\/2023\/07\/Logo-Nide-Wintech-WEB.png","contentUrl":"https:\/\/nidewintech.com\/wp-content\/uploads\/2023\/07\/Logo-Nide-Wintech-WEB.png","width":1000,"height":474,"caption":"Nide Wintech Automation - Tecnologie per motori elettrici"},"image":{"@id":"https:\/\/nidewintech.com\/#\/schema\/logo\/image\/"}}]}},"_links":{"self":[{"href":"https:\/\/nidewintech.com\/es\/wp-json\/wp\/v2\/pages\/1513"}],"collection":[{"href":"https:\/\/nidewintech.com\/es\/wp-json\/wp\/v2\/pages"}],"about":[{"href":"https:\/\/nidewintech.com\/es\/wp-json\/wp\/v2\/types\/page"}],"author":[{"embeddable":true,"href":"https:\/\/nidewintech.com\/es\/wp-json\/wp\/v2\/users\/1"}],"replies":[{"embeddable":true,"href":"https:\/\/nidewintech.com\/es\/wp-json\/wp\/v2\/comments?post=1513"}],"version-history":[{"count":5,"href":"https:\/\/nidewintech.com\/es\/wp-json\/wp\/v2\/pages\/1513\/revisions"}],"predecessor-version":[{"id":3586,"href":"https:\/\/nidewintech.com\/es\/wp-json\/wp\/v2\/pages\/1513\/revisions\/3586"}],"wp:attachment":[{"href":"https:\/\/nidewintech.com\/es\/wp-json\/wp\/v2\/media?parent=1513"}],"curies":[{"name":"wp","href":"https:\/\/api.w.org\/{rel}","templated":true}]}}