{"id":1502,"date":"2020-07-15T16:02:10","date_gmt":"2020-07-15T16:02:10","guid":{"rendered":"https:\/\/nidewintech.com\/servicio-de-atencion-al-cliente\/"},"modified":"2023-07-13T08:59:06","modified_gmt":"2023-07-13T08:59:06","slug":"servicio-de-atencion-al-cliente","status":"publish","type":"page","link":"https:\/\/nidewintech.com\/es\/servicio-de-atencion-al-cliente\/","title":{"rendered":"Servicio de atenci\u00f3n al cliente"},"content":{"rendered":"<div class=\"wpb-content-wrapper\">[vc_row full_width=\u00bbstretch_row\u00bb content_placement=\u00bbmiddle\u00bb column_spacing=\u00bb0px\u00bb wpex_fixed_bg=\u00bbfixed\u00bb css=\u00bb.vc_custom_1589787503208{background-image: url(https:\/\/nidewintech.com\/wp-content\/uploads\/2020\/05\/Banner-servizi.jpg?id=1188) !important;background-position: center !important;background-repeat: no-repeat !important;background-size: cover !important;}\u00bb wpex_bg_position=\u00bbcenter center\u00bb min_height=\u00bb400px\u00bb visibility=\u00bbhidden-phone\u00bb][vc_column][\/vc_column][\/vc_row][vc_row content_placement=\u00bbmiddle\u00bb column_spacing=\u00bb0px\u00bb min_height=\u00bb400px\u00bb][vc_column]<style> style=\"height:80px;\"<\/style><div class=\"vcex-spacing wpex-w-100 wpex-clear\" style=\"height:80px;\"><\/div><style>.vcex-heading.vcex_69d0478f90ee0{color:#9f4f3e;font-size:35px;font-weight:300;text-transform:capitalize;}@media (max-width:1024px){.vcex-heading.vcex_69d0478f90ee0{font-size:30px;}}@media (max-width:959px){.vcex-heading.vcex_69d0478f90ee0{font-size:30px;}}@media (max-width:767px){.vcex-heading.vcex_69d0478f90ee0{font-size:25px;}}@media (max-width:479px){.vcex-heading.vcex_69d0478f90ee0{font-size:25px;}}<\/style><h1 class=\"vcex-heading vcex-heading-plain vcex-module wpex-heading wpex-text-2xl wpex-text-center vcex_69d0478f90ee0\"><span class=\"vcex-heading-inner wpex-inline-block\">NIDE WINTECH<\/span><\/h1><style>.vcex-heading.vcex_69d0478f91478{font-size:22px;font-weight:300;}@media (max-width:1024px){.vcex-heading.vcex_69d0478f91478{font-size:20px;}}@media (max-width:959px){.vcex-heading.vcex_69d0478f91478{font-size:20px;}}@media (max-width:767px){.vcex-heading.vcex_69d0478f91478{font-size:18px;}}@media (max-width:479px){.vcex-heading.vcex_69d0478f91478{font-size:18px;}}<\/style><h2 class=\"vcex-heading vcex-heading-plain vcex-module wpex-heading wpex-text-2xl wpex-text-center wpex-italic vcex_69d0478f91478\"><span class=\"vcex-heading-inner wpex-inline-block\">Servicio de atenci\u00f3n al cliente<\/span><\/h2><div class=\"vcex-spacing wpex-w-100 wpex-clear\"><\/div>[vc_column_text font_size=\u00bbd:18px|tl:18px|tp:18px|pl:15px|pp:15px\u00bb font_weight=\u00bb300&#8243;]\nNide Wintech destaca por su eficiencia elevada y la calidad excepcional de las m\u00e1quinas, pero tambi\u00e9n por su <strong>servicio excelente de asistencia posventa<\/strong>.<\/p>\n<p>Ofrecer asistencia a nuestros clientes, incluso despu\u00e9s del suministro del sistema, representa una prioridad para nosotros. El objetivo fundamental es la conservaci\u00f3n a largo plazo de la eficiencia de la maquinaria: lo cual permite que nuestros sistemas duren mucho y, cuando es necesario, reacondicionarlos para generaciones nuevas de productos.<\/p>\n<p>Nuestro personal recibe una formaci\u00f3n interna en la empresa, para poder garantizar una intervenci\u00f3n efectuada por personal con conocimientos espec\u00edficos del sistema. Nuestro servicio de asistencia garantiza tiempos m\u00ednimos de parada de las m\u00e1quinas y una diagnosis a distancia online 24\/7.<br \/>\n[\/vc_column_text]<style> style=\"height:100px;\"<\/style><div class=\"vcex-spacing wpex-w-100 wpex-clear\" style=\"height:100px;\"><\/div>[\/vc_column][\/vc_row][vc_row][vc_column width=\u00bb1\/6&#8243; offset=\u00bbvc_col-xs-6&#8243;]<div class=\"vcex-module vcex-icon-box vcex-icon-box-two wpex-block wpex-text-center equal-height-content\"><div class=\"vcex-icon-box-symbol wpex-mb-20\"><div class=\"vcex-icon-box-icon wpex-inline-flex wpex-items-center wpex-justify-center wpex-child-inherit-color wpex-text-center wpex-leading-none wpex-text-1\" style=\"color:#9f4f3e;font-size:35px;\"><span class=\"ticon ticon-truck\" aria-hidden=\"true\"><\/span><\/div><\/div><div class=\"vcex-icon-box-text\"><h2 class=\"vcex-icon-box-heading wpex-heading wpex-text-md wpex-mb-10\" style=\"color:#9f4f3e;--wpex-hover-heading-link-color:#9f4f3e;\">ASISTENCIA POSVENTA<\/h2><\/div><\/div>[\/vc_column][vc_column width=\u00bb1\/6&#8243; offset=\u00bbvc_col-xs-6&#8243;]<div class=\"vcex-module vcex-icon-box vcex-icon-box-two wpex-block wpex-text-center equal-height-content\"><div class=\"vcex-icon-box-symbol wpex-mb-20\"><div class=\"vcex-icon-box-icon wpex-inline-flex wpex-items-center wpex-justify-center wpex-child-inherit-color wpex-text-center wpex-leading-none wpex-text-1\" style=\"color:#9f4f3e;font-size:35px;\"><span class=\"ticon ticon-phone\" aria-hidden=\"true\"><\/span><\/div><\/div><div class=\"vcex-icon-box-text\"><h2 class=\"vcex-icon-box-heading wpex-heading wpex-text-md wpex-mb-10\" style=\"color:#9f4f3e;--wpex-hover-heading-link-color:#9f4f3e;\">ASISTENCIA A DISTANCIA H24<\/h2><\/div><\/div>[\/vc_column][vc_column width=\u00bb1\/6&#8243; offset=\u00bbvc_col-xs-6&#8243;]<div class=\"vcex-module vcex-icon-box vcex-icon-box-two wpex-block wpex-text-center equal-height-content\"><div class=\"vcex-icon-box-symbol wpex-mb-20\"><div class=\"vcex-icon-box-icon wpex-inline-flex wpex-items-center wpex-justify-center wpex-child-inherit-color wpex-text-center wpex-leading-none wpex-text-1\" style=\"color:#9f4f3e;font-size:35px;\"><span class=\"ticon ticon-cogs\" aria-hidden=\"true\"><\/span><\/div><\/div><div class=\"vcex-icon-box-text\"><h2 class=\"vcex-icon-box-heading wpex-heading wpex-text-md wpex-mb-10\" style=\"color:#9f4f3e;--wpex-hover-heading-link-color:#9f4f3e;\">RECAMBIOS<\/h2><\/div><\/div>[\/vc_column][vc_column width=\u00bb1\/6&#8243; offset=\u00bbvc_col-xs-6&#8243;]<div class=\"vcex-module vcex-icon-box vcex-icon-box-two wpex-block wpex-text-center equal-height-content\"><div class=\"vcex-icon-box-symbol wpex-mb-20\"><div class=\"vcex-icon-box-icon wpex-inline-flex wpex-items-center wpex-justify-center wpex-child-inherit-color wpex-text-center wpex-leading-none wpex-text-1\" style=\"color:#9f4f3e;font-size:35px;\"><span class=\"ticon ticon-handshake-o\" aria-hidden=\"true\"><\/span><\/div><\/div><div class=\"vcex-icon-box-text\"><h2 class=\"vcex-icon-box-heading wpex-heading wpex-text-md wpex-mb-10\" style=\"color:#9f4f3e;--wpex-hover-heading-link-color:#9f4f3e;\">FORMACI\u00d3N<\/h2><\/div><\/div>[\/vc_column][vc_column width=\u00bb1\/6&#8243; offset=\u00bbvc_col-xs-6&#8243;]<div class=\"vcex-module vcex-icon-box vcex-icon-box-two wpex-block wpex-text-center equal-height-content\"><div class=\"vcex-icon-box-symbol wpex-mb-20\"><div class=\"vcex-icon-box-icon wpex-inline-flex wpex-items-center wpex-justify-center wpex-child-inherit-color wpex-text-center wpex-leading-none wpex-text-1\" style=\"color:#9f4f3e;font-size:35px;\"><span class=\"ticon ticon-trophy\" aria-hidden=\"true\"><\/span><\/div><\/div><div class=\"vcex-icon-box-text\"><h2 class=\"vcex-icon-box-heading wpex-heading wpex-text-md wpex-mb-10\" style=\"color:#9f4f3e;--wpex-hover-heading-link-color:#9f4f3e;\">INDUSTRIA 4.0<\/h2><\/div><\/div>[\/vc_column][vc_column width=\u00bb1\/6&#8243; offset=\u00bbvc_col-xs-6&#8243;]<div class=\"vcex-module vcex-icon-box vcex-icon-box-two wpex-block wpex-text-center equal-height-content\"><div class=\"vcex-icon-box-symbol wpex-mb-20\"><div class=\"vcex-icon-box-icon wpex-inline-flex wpex-items-center wpex-justify-center wpex-child-inherit-color wpex-text-center wpex-leading-none wpex-text-1\" style=\"color:#9f4f3e;font-size:35px;\"><span class=\"ticon ticon-globe\" aria-hidden=\"true\"><\/span><\/div><\/div><div class=\"vcex-icon-box-text\"><h2 class=\"vcex-icon-box-heading wpex-heading wpex-text-md wpex-mb-10\" style=\"color:#9f4f3e;--wpex-hover-heading-link-color:#9f4f3e;\">ASESORAMIENTO<\/h2><\/div><\/div>[\/vc_column][vc_column]<style> style=\"height:60px;\"<\/style><div class=\"vcex-spacing wpex-w-100 wpex-clear\" style=\"height:60px;\"><\/div>[\/vc_column][\/vc_row]\n<\/div>","protected":false},"excerpt":{"rendered":"<p>[vc_row full_width=\u00bbstretch_row\u00bb content_placement=\u00bbmiddle\u00bb column_spacing=\u00bb0px\u00bb wpex_fixed_bg=\u00bbfixed\u00bb css=\u00bb.vc_custom_1589787503208{background-image: url(https:\/\/nidewintech.com\/wp-content\/uploads\/2020\/05\/Banner-servizi.jpg?id=1188) !important;background-position: center !important;background-repeat: no-repeat !important;background-size: cover !important;}\u00bb wpex_bg_position=\u00bbcenter center\u00bb min_height=\u00bb400px\u00bb visibility=\u00bbhidden-phone\u00bb][vc_column][\/vc_column][\/vc_row][vc_row content_placement=\u00bbmiddle\u00bb column_spacing=\u00bb0px\u00bb min_height=\u00bb400px\u00bb][vc_column][vc_column_text font_size=\u00bbd:18px|tl:18px|tp:18px|pl:15px|pp:15px\u00bb font_weight=\u00bb300&#8243;] Nide Wintech destaca por su eficiencia elevada y la calidad excepcional de las m\u00e1quinas, pero tambi\u00e9n por su servicio excelente de asistencia posventa. Ofrecer asistencia a nuestros clientes, incluso despu\u00e9s del suministro&hellip;<\/p>\n","protected":false},"author":1,"featured_media":0,"parent":0,"menu_order":0,"comment_status":"closed","ping_status":"closed","template":"","meta":{"inline_featured_image":false,"footnotes":""},"yoast_head":"<!-- This site is optimized with the Yoast SEO plugin v22.1 - https:\/\/yoast.com\/wordpress\/plugins\/seo\/ -->\n<title>Servicio de atenci\u00f3n al cliente | Nide Wintech Automation<\/title>\n<meta name=\"description\" content=\"Nide Wintech tambi\u00e9n se destaca por su excelente servicio post-venta, ofreciendo asistencia a nuestros clientes incluso despu\u00e9s de la entrega.\" \/>\n<meta name=\"robots\" content=\"index, follow, max-snippet:-1, max-image-preview:large, max-video-preview:-1\" \/>\n<link rel=\"canonical\" href=\"https:\/\/nidewintech.com\/servizi-wintech\/\" \/>\n<meta property=\"og:locale\" content=\"es_ES\" \/>\n<meta property=\"og:type\" content=\"article\" \/>\n<meta property=\"og:title\" content=\"Servicio de atenci\u00f3n al cliente | Nide Wintech Automation\" \/>\n<meta property=\"og:description\" content=\"Nide Wintech tambi\u00e9n se destaca por su excelente servicio post-venta, ofreciendo asistencia a nuestros clientes incluso despu\u00e9s de la entrega.\" \/>\n<meta property=\"og:url\" content=\"https:\/\/nidewintech.com\/servizi-wintech\/\" \/>\n<meta property=\"og:site_name\" content=\"Nide Wintech Automation - Tecnologie per motori elettrici\" \/>\n<meta property=\"article:modified_time\" content=\"2023-07-13T08:59:06+00:00\" \/>\n<meta name=\"twitter:card\" content=\"summary_large_image\" \/>\n<meta name=\"twitter:label1\" content=\"Tiempo de lectura\" \/>\n\t<meta name=\"twitter:data1\" content=\"3 minutos\" \/>\n<script type=\"application\/ld+json\" class=\"yoast-schema-graph\">{\"@context\":\"https:\/\/schema.org\",\"@graph\":[{\"@type\":\"WebPage\",\"@id\":\"https:\/\/nidewintech.com\/servizi-wintech\/\",\"url\":\"https:\/\/nidewintech.com\/servizi-wintech\/\",\"name\":\"Servicio de atenci\u00f3n al cliente | Nide Wintech Automation\",\"isPartOf\":{\"@id\":\"https:\/\/nidewintech.com\/#website\"},\"datePublished\":\"2020-07-15T16:02:10+00:00\",\"dateModified\":\"2023-07-13T08:59:06+00:00\",\"description\":\"Nide Wintech tambi\u00e9n se destaca por su excelente servicio post-venta, ofreciendo asistencia a nuestros clientes incluso despu\u00e9s de la entrega.\",\"breadcrumb\":{\"@id\":\"https:\/\/nidewintech.com\/servizi-wintech\/#breadcrumb\"},\"inLanguage\":\"es\",\"potentialAction\":[{\"@type\":\"ReadAction\",\"target\":[\"https:\/\/nidewintech.com\/servizi-wintech\/\"]}]},{\"@type\":\"BreadcrumbList\",\"@id\":\"https:\/\/nidewintech.com\/servizi-wintech\/#breadcrumb\",\"itemListElement\":[{\"@type\":\"ListItem\",\"position\":1,\"name\":\"Home\",\"item\":\"https:\/\/nidewintech.com\/es\/home\/\"},{\"@type\":\"ListItem\",\"position\":2,\"name\":\"Servicio de atenci\u00f3n al cliente\"}]},{\"@type\":\"WebSite\",\"@id\":\"https:\/\/nidewintech.com\/#website\",\"url\":\"https:\/\/nidewintech.com\/\",\"name\":\"Nide Wintech Automation - Tecnologie per motori elettrici\",\"description\":\"Produzione di motori elettrici\",\"publisher\":{\"@id\":\"https:\/\/nidewintech.com\/#organization\"},\"potentialAction\":[{\"@type\":\"SearchAction\",\"target\":{\"@type\":\"EntryPoint\",\"urlTemplate\":\"https:\/\/nidewintech.com\/?s={search_term_string}\"},\"query-input\":\"required name=search_term_string\"}],\"inLanguage\":\"es\"},{\"@type\":\"Organization\",\"@id\":\"https:\/\/nidewintech.com\/#organization\",\"name\":\"Nide Wintech Automation - Tecnologie per motori elettrici\",\"url\":\"https:\/\/nidewintech.com\/\",\"logo\":{\"@type\":\"ImageObject\",\"inLanguage\":\"es\",\"@id\":\"https:\/\/nidewintech.com\/#\/schema\/logo\/image\/\",\"url\":\"https:\/\/nidewintech.com\/wp-content\/uploads\/2023\/07\/Logo-Nide-Wintech-WEB.png\",\"contentUrl\":\"https:\/\/nidewintech.com\/wp-content\/uploads\/2023\/07\/Logo-Nide-Wintech-WEB.png\",\"width\":1000,\"height\":474,\"caption\":\"Nide Wintech Automation - Tecnologie per motori elettrici\"},\"image\":{\"@id\":\"https:\/\/nidewintech.com\/#\/schema\/logo\/image\/\"}}]}<\/script>\n<!-- \/ Yoast SEO plugin. -->","yoast_head_json":{"title":"Servicio de atenci\u00f3n al cliente | Nide Wintech Automation","description":"Nide Wintech tambi\u00e9n se destaca por su excelente servicio post-venta, ofreciendo asistencia a nuestros clientes incluso despu\u00e9s de la entrega.","robots":{"index":"index","follow":"follow","max-snippet":"max-snippet:-1","max-image-preview":"max-image-preview:large","max-video-preview":"max-video-preview:-1"},"canonical":"https:\/\/nidewintech.com\/servizi-wintech\/","og_locale":"es_ES","og_type":"article","og_title":"Servicio de atenci\u00f3n al cliente | Nide Wintech Automation","og_description":"Nide Wintech tambi\u00e9n se destaca por su excelente servicio post-venta, ofreciendo asistencia a nuestros clientes incluso despu\u00e9s de la entrega.","og_url":"https:\/\/nidewintech.com\/servizi-wintech\/","og_site_name":"Nide Wintech Automation - Tecnologie per motori elettrici","article_modified_time":"2023-07-13T08:59:06+00:00","twitter_card":"summary_large_image","twitter_misc":{"Tiempo de lectura":"3 minutos"},"schema":{"@context":"https:\/\/schema.org","@graph":[{"@type":"WebPage","@id":"https:\/\/nidewintech.com\/servizi-wintech\/","url":"https:\/\/nidewintech.com\/servizi-wintech\/","name":"Servicio de atenci\u00f3n al cliente | Nide Wintech Automation","isPartOf":{"@id":"https:\/\/nidewintech.com\/#website"},"datePublished":"2020-07-15T16:02:10+00:00","dateModified":"2023-07-13T08:59:06+00:00","description":"Nide Wintech tambi\u00e9n se destaca por su excelente servicio post-venta, ofreciendo asistencia a nuestros clientes incluso despu\u00e9s de la entrega.","breadcrumb":{"@id":"https:\/\/nidewintech.com\/servizi-wintech\/#breadcrumb"},"inLanguage":"es","potentialAction":[{"@type":"ReadAction","target":["https:\/\/nidewintech.com\/servizi-wintech\/"]}]},{"@type":"BreadcrumbList","@id":"https:\/\/nidewintech.com\/servizi-wintech\/#breadcrumb","itemListElement":[{"@type":"ListItem","position":1,"name":"Home","item":"https:\/\/nidewintech.com\/es\/home\/"},{"@type":"ListItem","position":2,"name":"Servicio de atenci\u00f3n al cliente"}]},{"@type":"WebSite","@id":"https:\/\/nidewintech.com\/#website","url":"https:\/\/nidewintech.com\/","name":"Nide Wintech Automation - Tecnologie per motori elettrici","description":"Produzione di motori elettrici","publisher":{"@id":"https:\/\/nidewintech.com\/#organization"},"potentialAction":[{"@type":"SearchAction","target":{"@type":"EntryPoint","urlTemplate":"https:\/\/nidewintech.com\/?s={search_term_string}"},"query-input":"required name=search_term_string"}],"inLanguage":"es"},{"@type":"Organization","@id":"https:\/\/nidewintech.com\/#organization","name":"Nide Wintech Automation - Tecnologie per motori elettrici","url":"https:\/\/nidewintech.com\/","logo":{"@type":"ImageObject","inLanguage":"es","@id":"https:\/\/nidewintech.com\/#\/schema\/logo\/image\/","url":"https:\/\/nidewintech.com\/wp-content\/uploads\/2023\/07\/Logo-Nide-Wintech-WEB.png","contentUrl":"https:\/\/nidewintech.com\/wp-content\/uploads\/2023\/07\/Logo-Nide-Wintech-WEB.png","width":1000,"height":474,"caption":"Nide Wintech Automation - Tecnologie per motori elettrici"},"image":{"@id":"https:\/\/nidewintech.com\/#\/schema\/logo\/image\/"}}]}},"_links":{"self":[{"href":"https:\/\/nidewintech.com\/es\/wp-json\/wp\/v2\/pages\/1502"}],"collection":[{"href":"https:\/\/nidewintech.com\/es\/wp-json\/wp\/v2\/pages"}],"about":[{"href":"https:\/\/nidewintech.com\/es\/wp-json\/wp\/v2\/types\/page"}],"author":[{"embeddable":true,"href":"https:\/\/nidewintech.com\/es\/wp-json\/wp\/v2\/users\/1"}],"replies":[{"embeddable":true,"href":"https:\/\/nidewintech.com\/es\/wp-json\/wp\/v2\/comments?post=1502"}],"version-history":[{"count":5,"href":"https:\/\/nidewintech.com\/es\/wp-json\/wp\/v2\/pages\/1502\/revisions"}],"predecessor-version":[{"id":3401,"href":"https:\/\/nidewintech.com\/es\/wp-json\/wp\/v2\/pages\/1502\/revisions\/3401"}],"wp:attachment":[{"href":"https:\/\/nidewintech.com\/es\/wp-json\/wp\/v2\/media?parent=1502"}],"curies":[{"name":"wp","href":"https:\/\/api.w.org\/{rel}","templated":true}]}}