{"id":1470,"date":"2020-07-15T15:51:23","date_gmt":"2020-07-15T15:51:23","guid":{"rendered":"https:\/\/nidewintech.com\/noticias\/"},"modified":"2024-03-04T22:09:45","modified_gmt":"2024-03-04T22:09:45","slug":"noticias","status":"publish","type":"page","link":"https:\/\/nidewintech.com\/es\/noticias\/","title":{"rendered":"Noticias"},"content":{"rendered":"<div class=\"wpb-content-wrapper\">[vc_row full_width=\u00bbstretch_row\u00bb column_spacing=\u00bb0px\u00bb visibility=\u00bbhidden-phone\u00bb min_height=\u00bb400px\u00bb css=\u00bb.vc_custom_1589787786633{background-image: url(https:\/\/nidewintech.com\/wp-content\/uploads\/2020\/05\/Banner-news.jpg?id=1191) !important;background-position: center !important;background-repeat: no-repeat !important;background-size: cover !important;}\u00bb wpex_bg_position=\u00bbcenter center\u00bb][vc_column][\/vc_column][\/vc_row][vc_row css_animation=\u00bbnone\u00bb full_width=\u00bbstretch_row\u00bb content_placement=\u00bbmiddle\u00bb column_spacing=\u00bb0px\u00bb source=\u00bbcustom\u00bb text=\u00bbWINTECH\u00bb style=\u00bbplain\u00bb align=\u00bb\u00bb tag=\u00bbspan\u00bb responsive_text=\u00bbfalse\u00bb italic=\u00bbfalse\u00bb link_local_scroll=\u00bbfalse\u00bb icon_type=\u00bbfontawesome\u00bb icon=\u00bb\u00bb icon_position=\u00bbleft\u00bb add_css_to_inner=\u00bbfalse\u00bb hover_white_text=\u00bbfalse\u00bb font_weight=\u00bb300&#8243; text_transform=\u00bbcapitalize\u00bb text_align=\u00bbcenter\u00bb font_size=\u00bbd:35px|tl:30px|tp:30px|pl:25px|pp:25px\u00bb color=\u00bb#9f4f3e\u00bb custom_field=\u00bb\u00bb callback_function=\u00bb\u00bb inner_bottom_border_color=\u00bb\u00bb inner_bottom_border_color_main=\u00bb\u00bb width=\u00bb\u00bb font_family=\u00bb\u00bb color_hover=\u00bb\u00bb min_font_size=\u00bb\u00bb line_height=\u00bb\u00bb letter_spacing=\u00bb\u00bb link=\u00bb\u00bb icon_openiconic=\u00bb\u00bb icon_typicons=\u00bb\u00bb icon_entypo=\u00bb\u00bb icon_linecons=\u00bb\u00bb icon_color=\u00bb\u00bb background_hover=\u00bb\u00bb min_height=\u00bb70px\u00bb][vc_column]<style> style=\"height:80px;\"<\/style><div class=\"vcex-spacing wpex-w-100 wpex-clear\" style=\"height:80px;\"><\/div><style>.vcex-heading.vcex_69d29577cbd08{color:#9f4f3e;font-size:35px;font-weight:300;text-transform:capitalize;}@media (max-width:1024px){.vcex-heading.vcex_69d29577cbd08{font-size:30px;}}@media (max-width:959px){.vcex-heading.vcex_69d29577cbd08{font-size:30px;}}@media (max-width:767px){.vcex-heading.vcex_69d29577cbd08{font-size:25px;}}@media (max-width:479px){.vcex-heading.vcex_69d29577cbd08{font-size:25px;}}<\/style><span class=\"vcex-heading vcex-heading-plain vcex-module wpex-heading wpex-text-2xl wpex-text-center vcex_69d29577cbd08\"><span class=\"vcex-heading-inner wpex-inline-block\">NIDE WINTECH<\/span><\/span><style>.vcex-heading.vcex_69d29577cc2eb{font-size:22px;font-weight:300;}@media (max-width:1024px){.vcex-heading.vcex_69d29577cc2eb{font-size:20px;}}@media (max-width:959px){.vcex-heading.vcex_69d29577cc2eb{font-size:20px;}}@media (max-width:767px){.vcex-heading.vcex_69d29577cc2eb{font-size:18px;}}@media (max-width:479px){.vcex-heading.vcex_69d29577cc2eb{font-size:18px;}}<\/style><h1 class=\"vcex-heading vcex-heading-plain vcex-module wpex-heading wpex-text-2xl wpex-text-center wpex-italic vcex_69d29577cc2eb\"><span class=\"vcex-heading-inner wpex-inline-block\">Noticias<\/span><\/h1>[\/vc_column][\/vc_row][vc_row][vc_column]<div class=\"vcex-spacing wpex-w-100 wpex-clear\"><\/div>[\/vc_column][vc_column width=\u00bb2\/5&#8243; el_id=\u00bbCoiltech_2023&#8243;][vc_single_image image=\u00bb3470&#8243; style=\u00bbvc_box_border\u00bb onclick=\u00bbcustom_link\u00bb img_link_target=\u00bb_blank\u00bb link=\u00bbhttps:\/\/www.quickfairs.net\/visita\/?idf=106&amp;id_zona=1&amp;id_menu=105&#8243;][\/vc_column][vc_column width=\u00bb3\/5&#8243;]<style>.vcex-heading.vcex_69d29577cc734{color:#9f4f3e;font-weight:600;}<\/style><h2 class=\"vcex-heading vcex-heading-plain vcex-module wpex-heading wpex-text-2xl vc_custom_1709589201598 vcex_69d29577cc734\"><span class=\"vcex-heading-inner wpex-inline-block\">NIDE WINTECH EXPONDR\u00c1 EN COILTECH ITALIA 2024<\/span><\/h2>[vc_column_text]NIDE WINTECH expondr\u00e1 en COILTECH DEUTSCHLAND 2024, feria dedicada a las tecnolog\u00edas de fabricaci\u00f3n de motores el\u00e9ctricos, que tendr\u00e1 lugar en Augsburgo los d\u00edas 20 y 21 de marzo de 2024 .<br \/>\nSer\u00e1 una oportunidad para presentar a un p\u00fablico internacional su gama completa de soluciones llave en mano y niveles de automatizaci\u00f3n para las industrias de fabricaci\u00f3n de motores el\u00e9ctricos para: motores EV, motores de horquilla, motores sin escobillas, motores BLDC, motores universales, motores de cubo de rueda y fundici\u00f3n a presi\u00f3n del rotor.<br \/>\nEn www.quickfairs.net\/contacts.asp puede obtener m\u00e1s informaci\u00f3n sobre el evento e inscribirse gratuitamente.<br \/>\nEsperamos verle en nuestro stand n\u00ba 2-B14.[\/vc_column_text][\/vc_column][vc_column]<div class=\"vcex-module vcex-divider vcex-divider-solid vcex-divider-center wpex-mx-auto wpex-max-w-100 wpex-block wpex-h-0 wpex-border-b wpex-border-solid wpex-border-main\" style=\"width:100%;margin-top:30px;margin-bottom:30px;border-bottom-width:2px;border-color:#9f4f3e;\"><\/div>[\/vc_column][\/vc_row][vc_row][vc_column]<div class=\"vcex-spacing wpex-w-100 wpex-clear\"><\/div>[\/vc_column][vc_column width=\u00bb2\/5&#8243;][vc_single_image image=\u00bb3484&#8243; onclick=\u00bbcustom_link\u00bb img_link_target=\u00bb_blank\u00bb link=\u00bbhttps:\/\/www.quickfairs.net\/visita\/?idf=106&amp;id_zona=1&amp;id_menu=105&#8243;][\/vc_column][vc_column width=\u00bb3\/5&#8243;]<style>.vcex-heading.vcex_69d29577cce31{color:#9f4f3e;font-weight:600;text-transform:uppercase;}<\/style><h2 class=\"vcex-heading vcex-heading-plain vcex-module wpex-heading wpex-text-2xl vc_custom_1689197362590 vcex_69d29577cce31\"><span class=\"vcex-heading-inner wpex-inline-block\">NIDE y WINTECH unen sus fuerzas para reforzar su presencia en Europa<\/span><\/h2>[vc_column_text]Las dos empresas Wintech Automation y Nide unen sus fuerzas para reforzar su presencia en Europa. El resultado es NIDE WINTECH, que destaca no s\u00f3lo por su alta eficiencia y la excepcional calidad de sus m\u00e1quinas, sino tambi\u00e9n por su excelente servicio postventa.[\/vc_column_text][\/vc_column][vc_column]<div class=\"vcex-module vcex-divider vcex-divider-solid vcex-divider-center wpex-mx-auto wpex-max-w-100 wpex-block wpex-h-0 wpex-border-b wpex-border-solid wpex-border-main\" style=\"width:100%;margin-top:30px;margin-bottom:30px;border-bottom-width:2px;border-color:#9f4f3e;\"><\/div>[\/vc_column][\/vc_row]\n<\/div>","protected":false},"excerpt":{"rendered":"<p>[vc_row full_width=\u00bbstretch_row\u00bb column_spacing=\u00bb0px\u00bb visibility=\u00bbhidden-phone\u00bb min_height=\u00bb400px\u00bb css=\u00bb.vc_custom_1589787786633{background-image: url(https:\/\/nidewintech.com\/wp-content\/uploads\/2020\/05\/Banner-news.jpg?id=1191) !important;background-position: center !important;background-repeat: no-repeat !important;background-size: cover !important;}\u00bb wpex_bg_position=\u00bbcenter center\u00bb][vc_column][\/vc_column][\/vc_row][vc_row css_animation=\u00bbnone\u00bb full_width=\u00bbstretch_row\u00bb content_placement=\u00bbmiddle\u00bb column_spacing=\u00bb0px\u00bb source=\u00bbcustom\u00bb text=\u00bbWINTECH\u00bb style=\u00bbplain\u00bb align=\u00bb\u00bb tag=\u00bbspan\u00bb responsive_text=\u00bbfalse\u00bb italic=\u00bbfalse\u00bb link_local_scroll=\u00bbfalse\u00bb icon_type=\u00bbfontawesome\u00bb icon=\u00bb\u00bb icon_position=\u00bbleft\u00bb add_css_to_inner=\u00bbfalse\u00bb hover_white_text=\u00bbfalse\u00bb font_weight=\u00bb300&#8243; text_transform=\u00bbcapitalize\u00bb text_align=\u00bbcenter\u00bb font_size=\u00bbd:35px|tl:30px|tp:30px|pl:25px|pp:25px\u00bb color=\u00bb#9f4f3e\u00bb custom_field=\u00bb\u00bb callback_function=\u00bb\u00bb inner_bottom_border_color=\u00bb\u00bb inner_bottom_border_color_main=\u00bb\u00bb width=\u00bb\u00bb font_family=\u00bb\u00bb color_hover=\u00bb\u00bb min_font_size=\u00bb\u00bb line_height=\u00bb\u00bb letter_spacing=\u00bb\u00bb link=\u00bb\u00bb icon_openiconic=\u00bb\u00bb icon_typicons=\u00bb\u00bb icon_entypo=\u00bb\u00bb icon_linecons=\u00bb\u00bb icon_color=\u00bb\u00bb background_hover=\u00bb\u00bb&hellip;<\/p>\n","protected":false},"author":1,"featured_media":0,"parent":0,"menu_order":0,"comment_status":"closed","ping_status":"closed","template":"","meta":{"inline_featured_image":false,"footnotes":""},"yoast_head":"<!-- This site is optimized with the Yoast SEO plugin v22.1 - https:\/\/yoast.com\/wordpress\/plugins\/seo\/ -->\n<title>Nide Wintech Automation | Noticias<\/title>\n<meta name=\"description\" content=\"Nide Wintech Automation estar\u00e1 presente en todas las ferias m\u00e1s importantes del sector en 2020, \u00a1venga a visitarnos!\" \/>\n<meta name=\"robots\" content=\"index, follow, max-snippet:-1, max-image-preview:large, max-video-preview:-1\" \/>\n<link rel=\"canonical\" href=\"https:\/\/nidewintech.com\/es\/noticias\/\" \/>\n<meta property=\"og:locale\" content=\"es_ES\" \/>\n<meta property=\"og:type\" content=\"article\" \/>\n<meta property=\"og:title\" content=\"Nide Wintech Automation | Noticias\" \/>\n<meta property=\"og:description\" content=\"Nide Wintech Automation estar\u00e1 presente en todas las ferias m\u00e1s importantes del sector en 2020, \u00a1venga a visitarnos!\" \/>\n<meta property=\"og:url\" content=\"https:\/\/nidewintech.com\/es\/noticias\/\" \/>\n<meta property=\"og:site_name\" content=\"Nide Wintech Automation - Tecnologie per motori elettrici\" \/>\n<meta property=\"article:modified_time\" content=\"2024-03-04T22:09:45+00:00\" \/>\n<meta name=\"twitter:card\" content=\"summary_large_image\" \/>\n<meta name=\"twitter:label1\" content=\"Tiempo de lectura\" \/>\n\t<meta name=\"twitter:data1\" content=\"2 minutos\" \/>\n<script type=\"application\/ld+json\" class=\"yoast-schema-graph\">{\"@context\":\"https:\/\/schema.org\",\"@graph\":[{\"@type\":\"WebPage\",\"@id\":\"https:\/\/nidewintech.com\/es\/noticias\/\",\"url\":\"https:\/\/nidewintech.com\/es\/noticias\/\",\"name\":\"Nide Wintech Automation | Noticias\",\"isPartOf\":{\"@id\":\"https:\/\/nidewintech.com\/#website\"},\"datePublished\":\"2020-07-15T15:51:23+00:00\",\"dateModified\":\"2024-03-04T22:09:45+00:00\",\"description\":\"Nide Wintech Automation estar\u00e1 presente en todas las ferias m\u00e1s importantes del sector en 2020, \u00a1venga a visitarnos!\",\"breadcrumb\":{\"@id\":\"https:\/\/nidewintech.com\/es\/noticias\/#breadcrumb\"},\"inLanguage\":\"es\",\"potentialAction\":[{\"@type\":\"ReadAction\",\"target\":[\"https:\/\/nidewintech.com\/es\/noticias\/\"]}]},{\"@type\":\"BreadcrumbList\",\"@id\":\"https:\/\/nidewintech.com\/es\/noticias\/#breadcrumb\",\"itemListElement\":[{\"@type\":\"ListItem\",\"position\":1,\"name\":\"Home\",\"item\":\"https:\/\/nidewintech.com\/es\/home\/\"},{\"@type\":\"ListItem\",\"position\":2,\"name\":\"Noticias\"}]},{\"@type\":\"WebSite\",\"@id\":\"https:\/\/nidewintech.com\/#website\",\"url\":\"https:\/\/nidewintech.com\/\",\"name\":\"Nide Wintech Automation - Tecnologie per motori elettrici\",\"description\":\"Produzione di motori elettrici\",\"publisher\":{\"@id\":\"https:\/\/nidewintech.com\/#organization\"},\"potentialAction\":[{\"@type\":\"SearchAction\",\"target\":{\"@type\":\"EntryPoint\",\"urlTemplate\":\"https:\/\/nidewintech.com\/?s={search_term_string}\"},\"query-input\":\"required name=search_term_string\"}],\"inLanguage\":\"es\"},{\"@type\":\"Organization\",\"@id\":\"https:\/\/nidewintech.com\/#organization\",\"name\":\"Nide Wintech Automation - Tecnologie per motori elettrici\",\"url\":\"https:\/\/nidewintech.com\/\",\"logo\":{\"@type\":\"ImageObject\",\"inLanguage\":\"es\",\"@id\":\"https:\/\/nidewintech.com\/#\/schema\/logo\/image\/\",\"url\":\"https:\/\/nidewintech.com\/wp-content\/uploads\/2023\/07\/Logo-Nide-Wintech-WEB.png\",\"contentUrl\":\"https:\/\/nidewintech.com\/wp-content\/uploads\/2023\/07\/Logo-Nide-Wintech-WEB.png\",\"width\":1000,\"height\":474,\"caption\":\"Nide Wintech Automation - Tecnologie per motori elettrici\"},\"image\":{\"@id\":\"https:\/\/nidewintech.com\/#\/schema\/logo\/image\/\"}}]}<\/script>\n<!-- \/ Yoast SEO plugin. -->","yoast_head_json":{"title":"Nide Wintech Automation | Noticias","description":"Nide Wintech Automation estar\u00e1 presente en todas las ferias m\u00e1s importantes del sector en 2020, \u00a1venga a visitarnos!","robots":{"index":"index","follow":"follow","max-snippet":"max-snippet:-1","max-image-preview":"max-image-preview:large","max-video-preview":"max-video-preview:-1"},"canonical":"https:\/\/nidewintech.com\/es\/noticias\/","og_locale":"es_ES","og_type":"article","og_title":"Nide Wintech Automation | Noticias","og_description":"Nide Wintech Automation estar\u00e1 presente en todas las ferias m\u00e1s importantes del sector en 2020, \u00a1venga a visitarnos!","og_url":"https:\/\/nidewintech.com\/es\/noticias\/","og_site_name":"Nide Wintech Automation - Tecnologie per motori elettrici","article_modified_time":"2024-03-04T22:09:45+00:00","twitter_card":"summary_large_image","twitter_misc":{"Tiempo de lectura":"2 minutos"},"schema":{"@context":"https:\/\/schema.org","@graph":[{"@type":"WebPage","@id":"https:\/\/nidewintech.com\/es\/noticias\/","url":"https:\/\/nidewintech.com\/es\/noticias\/","name":"Nide Wintech Automation | Noticias","isPartOf":{"@id":"https:\/\/nidewintech.com\/#website"},"datePublished":"2020-07-15T15:51:23+00:00","dateModified":"2024-03-04T22:09:45+00:00","description":"Nide Wintech Automation estar\u00e1 presente en todas las ferias m\u00e1s importantes del sector en 2020, \u00a1venga a visitarnos!","breadcrumb":{"@id":"https:\/\/nidewintech.com\/es\/noticias\/#breadcrumb"},"inLanguage":"es","potentialAction":[{"@type":"ReadAction","target":["https:\/\/nidewintech.com\/es\/noticias\/"]}]},{"@type":"BreadcrumbList","@id":"https:\/\/nidewintech.com\/es\/noticias\/#breadcrumb","itemListElement":[{"@type":"ListItem","position":1,"name":"Home","item":"https:\/\/nidewintech.com\/es\/home\/"},{"@type":"ListItem","position":2,"name":"Noticias"}]},{"@type":"WebSite","@id":"https:\/\/nidewintech.com\/#website","url":"https:\/\/nidewintech.com\/","name":"Nide Wintech Automation - Tecnologie per motori elettrici","description":"Produzione di motori elettrici","publisher":{"@id":"https:\/\/nidewintech.com\/#organization"},"potentialAction":[{"@type":"SearchAction","target":{"@type":"EntryPoint","urlTemplate":"https:\/\/nidewintech.com\/?s={search_term_string}"},"query-input":"required name=search_term_string"}],"inLanguage":"es"},{"@type":"Organization","@id":"https:\/\/nidewintech.com\/#organization","name":"Nide Wintech Automation - Tecnologie per motori elettrici","url":"https:\/\/nidewintech.com\/","logo":{"@type":"ImageObject","inLanguage":"es","@id":"https:\/\/nidewintech.com\/#\/schema\/logo\/image\/","url":"https:\/\/nidewintech.com\/wp-content\/uploads\/2023\/07\/Logo-Nide-Wintech-WEB.png","contentUrl":"https:\/\/nidewintech.com\/wp-content\/uploads\/2023\/07\/Logo-Nide-Wintech-WEB.png","width":1000,"height":474,"caption":"Nide Wintech Automation - Tecnologie per motori elettrici"},"image":{"@id":"https:\/\/nidewintech.com\/#\/schema\/logo\/image\/"}}]}},"_links":{"self":[{"href":"https:\/\/nidewintech.com\/es\/wp-json\/wp\/v2\/pages\/1470"}],"collection":[{"href":"https:\/\/nidewintech.com\/es\/wp-json\/wp\/v2\/pages"}],"about":[{"href":"https:\/\/nidewintech.com\/es\/wp-json\/wp\/v2\/types\/page"}],"author":[{"embeddable":true,"href":"https:\/\/nidewintech.com\/es\/wp-json\/wp\/v2\/users\/1"}],"replies":[{"embeddable":true,"href":"https:\/\/nidewintech.com\/es\/wp-json\/wp\/v2\/comments?post=1470"}],"version-history":[{"count":40,"href":"https:\/\/nidewintech.com\/es\/wp-json\/wp\/v2\/pages\/1470\/revisions"}],"predecessor-version":[{"id":3509,"href":"https:\/\/nidewintech.com\/es\/wp-json\/wp\/v2\/pages\/1470\/revisions\/3509"}],"wp:attachment":[{"href":"https:\/\/nidewintech.com\/es\/wp-json\/wp\/v2\/media?parent=1470"}],"curies":[{"name":"wp","href":"https:\/\/api.w.org\/{rel}","templated":true}]}}