{"id":2304,"date":"2020-08-27T10:17:12","date_gmt":"2020-08-27T10:17:12","guid":{"rendered":"https:\/\/nidewintech.com\/cookie-policy\/"},"modified":"2020-08-27T10:17:13","modified_gmt":"2020-08-27T10:17:13","slug":"cookie-policy","status":"publish","type":"page","link":"https:\/\/nidewintech.com\/de\/cookie-policy\/","title":{"rendered":"Cookie Policy"},"content":{"rendered":"<div class=\"wpb-content-wrapper\">[vc_row][vc_column][vc_column_text]\n<h2>INFORMATION ON COOKIES<\/h2>\n<h3>1. <b>What is a cookie?<\/b><\/h3>\n<p>Cookies are computer files or partial data that can be saved on your computer (or other Internet-enabled devices, for example smartphones or tablets) when you visit the Wintech website. A cookie usually contains the name of the website from which the cookie originates, the &#8218;lifetime&#8216; of the cookie (i.e. how long it will remain on your device), and a value, which is usually a unique randomly generated number.<\/p>\n<h3>2. <b>Why does Wintech use cookies?<\/b><\/h3>\n<p><strong>On Wintech&#8217;s sites cookies are used for :<\/strong><\/p>\n<ul>\n<li>make it easier and simpler to navigate and display content on the sites;<\/li>\n<li>store visitors&#8216; browsing experiences and make them faster and more relevant to the navigation paths within the sites;<\/li>\n<li>anonymously collect navigation data and produce aggregate statistics with the aim of improving the content and information within the sites in relation to the needs and tastes of visitors.<\/li>\n<\/ul>\n<h3>3. <b>How cookies are used on Wintech sites<\/b><\/h3>\n<p>The data collected with cookies are anonymous and absolutely not traceable to natural or legal persons.<br \/>\nEach visitor is free to accept or refuse the installation of cookies at the beginning of each browsing session.<\/p>\n<h3>4. How can cookies be deactivated?<\/h3>\n<p>Most Internet browsers are initially set to accept cookies automatically. You can change these settings to block cookies or to warn you that cookies are sent to your device. There are several ways to manage cookies. Please check your browser settings for more detailed information.[\/vc_column_text][\/vc_column][\/vc_row]\n<\/div>","protected":false},"excerpt":{"rendered":"<p>[vc_row][vc_column][vc_column_text] INFORMATION ON COOKIES 1. What is a cookie? Cookies are computer files or partial data that can be saved on your computer (or other Internet-enabled devices, for example smartphones or tablets) when you visit the Wintech website. A cookie usually contains the name of the website from which the cookie originates, the &#8218;lifetime&#8216; of&hellip;<\/p>\n","protected":false},"author":1,"featured_media":0,"parent":0,"menu_order":0,"comment_status":"closed","ping_status":"closed","template":"","meta":{"inline_featured_image":false,"footnotes":""},"yoast_head":"<!-- This site is optimized with the Yoast SEO plugin v22.1 - https:\/\/yoast.com\/wordpress\/plugins\/seo\/ -->\n<title>Cookie Policy - Wintech Automation<\/title>\n<meta name=\"description\" content=\"Die durch Cookies gesammelten Daten sind anonym und k\u00f6nnen nicht auf nat\u00fcrliche oder juristische Personen zur\u00fcckgef\u00fchrt werden.\" \/>\n<meta name=\"robots\" content=\"noindex, follow\" \/>\n<meta property=\"og:locale\" content=\"de_DE\" \/>\n<meta property=\"og:type\" content=\"article\" \/>\n<meta property=\"og:title\" content=\"Cookie Policy - Wintech Automation\" \/>\n<meta property=\"og:description\" content=\"Die durch Cookies gesammelten Daten sind anonym und k\u00f6nnen nicht auf nat\u00fcrliche oder juristische Personen zur\u00fcckgef\u00fchrt werden.\" \/>\n<meta property=\"og:url\" content=\"https:\/\/nidewintech.com\/de\/cookie-policy\/\" \/>\n<meta property=\"og:site_name\" content=\"Nide Wintech Automation - Tecnologie per motori elettrici\" \/>\n<meta property=\"article:modified_time\" content=\"2020-08-27T10:17:13+00:00\" \/>\n<meta name=\"twitter:card\" content=\"summary_large_image\" \/>\n<meta name=\"twitter:label1\" content=\"Gesch\u00e4tzte Lesezeit\" \/>\n\t<meta name=\"twitter:data1\" content=\"1\u00a0Minute\" \/>\n<script type=\"application\/ld+json\" class=\"yoast-schema-graph\">{\"@context\":\"https:\/\/schema.org\",\"@graph\":[{\"@type\":\"WebPage\",\"@id\":\"https:\/\/nidewintech.com\/de\/cookie-policy\/\",\"url\":\"https:\/\/nidewintech.com\/de\/cookie-policy\/\",\"name\":\"Cookie Policy - Wintech Automation\",\"isPartOf\":{\"@id\":\"https:\/\/nidewintech.com\/#website\"},\"datePublished\":\"2020-08-27T10:17:12+00:00\",\"dateModified\":\"2020-08-27T10:17:13+00:00\",\"description\":\"Die durch Cookies gesammelten Daten sind anonym und k\u00f6nnen nicht auf nat\u00fcrliche oder juristische Personen zur\u00fcckgef\u00fchrt werden.\",\"breadcrumb\":{\"@id\":\"https:\/\/nidewintech.com\/de\/cookie-policy\/#breadcrumb\"},\"inLanguage\":\"de\",\"potentialAction\":[{\"@type\":\"ReadAction\",\"target\":[\"https:\/\/nidewintech.com\/de\/cookie-policy\/\"]}]},{\"@type\":\"BreadcrumbList\",\"@id\":\"https:\/\/nidewintech.com\/de\/cookie-policy\/#breadcrumb\",\"itemListElement\":[{\"@type\":\"ListItem\",\"position\":1,\"name\":\"Home\",\"item\":\"https:\/\/nidewintech.com\/\"},{\"@type\":\"ListItem\",\"position\":2,\"name\":\"Cookie Policy\"}]},{\"@type\":\"WebSite\",\"@id\":\"https:\/\/nidewintech.com\/#website\",\"url\":\"https:\/\/nidewintech.com\/\",\"name\":\"Nide Wintech Automation - Tecnologie per motori elettrici\",\"description\":\"Produzione di motori elettrici\",\"publisher\":{\"@id\":\"https:\/\/nidewintech.com\/#organization\"},\"potentialAction\":[{\"@type\":\"SearchAction\",\"target\":{\"@type\":\"EntryPoint\",\"urlTemplate\":\"https:\/\/nidewintech.com\/?s={search_term_string}\"},\"query-input\":\"required name=search_term_string\"}],\"inLanguage\":\"de\"},{\"@type\":\"Organization\",\"@id\":\"https:\/\/nidewintech.com\/#organization\",\"name\":\"Nide Wintech Automation - Tecnologie per motori elettrici\",\"url\":\"https:\/\/nidewintech.com\/\",\"logo\":{\"@type\":\"ImageObject\",\"inLanguage\":\"de\",\"@id\":\"https:\/\/nidewintech.com\/#\/schema\/logo\/image\/\",\"url\":\"https:\/\/nidewintech.com\/wp-content\/uploads\/2023\/07\/Logo-Nide-Wintech-WEB.png\",\"contentUrl\":\"https:\/\/nidewintech.com\/wp-content\/uploads\/2023\/07\/Logo-Nide-Wintech-WEB.png\",\"width\":1000,\"height\":474,\"caption\":\"Nide Wintech Automation - Tecnologie per motori elettrici\"},\"image\":{\"@id\":\"https:\/\/nidewintech.com\/#\/schema\/logo\/image\/\"}}]}<\/script>\n<!-- \/ Yoast SEO plugin. -->","yoast_head_json":{"title":"Cookie Policy - Wintech Automation","description":"Die durch Cookies gesammelten Daten sind anonym und k\u00f6nnen nicht auf nat\u00fcrliche oder juristische Personen zur\u00fcckgef\u00fchrt werden.","robots":{"index":"noindex","follow":"follow"},"og_locale":"de_DE","og_type":"article","og_title":"Cookie Policy - Wintech Automation","og_description":"Die durch Cookies gesammelten Daten sind anonym und k\u00f6nnen nicht auf nat\u00fcrliche oder juristische Personen zur\u00fcckgef\u00fchrt werden.","og_url":"https:\/\/nidewintech.com\/de\/cookie-policy\/","og_site_name":"Nide Wintech Automation - Tecnologie per motori elettrici","article_modified_time":"2020-08-27T10:17:13+00:00","twitter_card":"summary_large_image","twitter_misc":{"Gesch\u00e4tzte Lesezeit":"1\u00a0Minute"},"schema":{"@context":"https:\/\/schema.org","@graph":[{"@type":"WebPage","@id":"https:\/\/nidewintech.com\/de\/cookie-policy\/","url":"https:\/\/nidewintech.com\/de\/cookie-policy\/","name":"Cookie Policy - Wintech Automation","isPartOf":{"@id":"https:\/\/nidewintech.com\/#website"},"datePublished":"2020-08-27T10:17:12+00:00","dateModified":"2020-08-27T10:17:13+00:00","description":"Die durch Cookies gesammelten Daten sind anonym und k\u00f6nnen nicht auf nat\u00fcrliche oder juristische Personen zur\u00fcckgef\u00fchrt werden.","breadcrumb":{"@id":"https:\/\/nidewintech.com\/de\/cookie-policy\/#breadcrumb"},"inLanguage":"de","potentialAction":[{"@type":"ReadAction","target":["https:\/\/nidewintech.com\/de\/cookie-policy\/"]}]},{"@type":"BreadcrumbList","@id":"https:\/\/nidewintech.com\/de\/cookie-policy\/#breadcrumb","itemListElement":[{"@type":"ListItem","position":1,"name":"Home","item":"https:\/\/nidewintech.com\/"},{"@type":"ListItem","position":2,"name":"Cookie Policy"}]},{"@type":"WebSite","@id":"https:\/\/nidewintech.com\/#website","url":"https:\/\/nidewintech.com\/","name":"Nide Wintech Automation - Tecnologie per motori elettrici","description":"Produzione di motori elettrici","publisher":{"@id":"https:\/\/nidewintech.com\/#organization"},"potentialAction":[{"@type":"SearchAction","target":{"@type":"EntryPoint","urlTemplate":"https:\/\/nidewintech.com\/?s={search_term_string}"},"query-input":"required name=search_term_string"}],"inLanguage":"de"},{"@type":"Organization","@id":"https:\/\/nidewintech.com\/#organization","name":"Nide Wintech Automation - Tecnologie per motori elettrici","url":"https:\/\/nidewintech.com\/","logo":{"@type":"ImageObject","inLanguage":"de","@id":"https:\/\/nidewintech.com\/#\/schema\/logo\/image\/","url":"https:\/\/nidewintech.com\/wp-content\/uploads\/2023\/07\/Logo-Nide-Wintech-WEB.png","contentUrl":"https:\/\/nidewintech.com\/wp-content\/uploads\/2023\/07\/Logo-Nide-Wintech-WEB.png","width":1000,"height":474,"caption":"Nide Wintech Automation - Tecnologie per motori elettrici"},"image":{"@id":"https:\/\/nidewintech.com\/#\/schema\/logo\/image\/"}}]}},"_links":{"self":[{"href":"https:\/\/nidewintech.com\/de\/wp-json\/wp\/v2\/pages\/2304"}],"collection":[{"href":"https:\/\/nidewintech.com\/de\/wp-json\/wp\/v2\/pages"}],"about":[{"href":"https:\/\/nidewintech.com\/de\/wp-json\/wp\/v2\/types\/page"}],"author":[{"embeddable":true,"href":"https:\/\/nidewintech.com\/de\/wp-json\/wp\/v2\/users\/1"}],"replies":[{"embeddable":true,"href":"https:\/\/nidewintech.com\/de\/wp-json\/wp\/v2\/comments?post=2304"}],"version-history":[{"count":2,"href":"https:\/\/nidewintech.com\/de\/wp-json\/wp\/v2\/pages\/2304\/revisions"}],"predecessor-version":[{"id":2306,"href":"https:\/\/nidewintech.com\/de\/wp-json\/wp\/v2\/pages\/2304\/revisions\/2306"}],"wp:attachment":[{"href":"https:\/\/nidewintech.com\/de\/wp-json\/wp\/v2\/media?parent=2304"}],"curies":[{"name":"wp","href":"https:\/\/api.w.org\/{rel}","templated":true}]}}