{"id":2246,"date":"2020-08-26T15:52:48","date_gmt":"2020-08-26T15:52:48","guid":{"rendered":"https:\/\/nidewintech.com\/kunden\/"},"modified":"2025-01-17T13:54:05","modified_gmt":"2025-01-17T13:54:05","slug":"kunden","status":"publish","type":"page","link":"https:\/\/nidewintech.com\/de\/kunden\/","title":{"rendered":"Kunden"},"content":{"rendered":"<div class=\"wpb-content-wrapper\">[vc_row full_width=&#8220;stretch_row_content_no_spaces&#8220; content_placement=&#8220;middle&#8220; column_spacing=&#8220;0px&#8220; min_height=&#8220;400px&#8220; css=&#8220;.vc_custom_1589786317561{background-image: url(https:\/\/nidewintech.com\/wp-content\/uploads\/2020\/05\/Banner-contacts.jpg?id=1179) !important;background-position: center !important;background-repeat: no-repeat !important;background-size: cover !important;}&#8220; visibility=&#8220;hidden-phone&#8220; wpex_bg_position=&#8220;center center&#8220;][vc_column][\/vc_column][\/vc_row][vc_row][vc_column]<style> style=\"height:50px;\"<\/style><div class=\"vcex-spacing wpex-w-100 wpex-clear\" style=\"height:50px;\"><\/div><style>.vcex-breadcrumbs.vcex_69dffb4e91ecf{text-align:right;font-size:14px;}@media (max-width:1024px){.vcex-breadcrumbs.vcex_69dffb4e91ecf{font-size:13px;}}@media (max-width:959px){.vcex-breadcrumbs.vcex_69dffb4e91ecf{font-size:13px;}}@media (max-width:767px){.vcex-breadcrumbs.vcex_69dffb4e91ecf{font-size:12px;}}@media (max-width:479px){.vcex-breadcrumbs.vcex_69dffb4e91ecf{font-size:11px;}}<\/style><nav class=\"vcex-breadcrumbs vcex-breadcrumbs--links-inherit-color vcex_69dffb4e91ecf\"><span><span><a href=\"https:\/\/nidewintech.com\/\">Home<\/a><\/span><\/span><\/nav>[\/vc_column][vc_column]<style>.vcex-heading.vcex_69dffb4e9280c{font-size:25px;font-weight:600;}@media (max-width:1024px){.vcex-heading.vcex_69dffb4e9280c{font-size:25px;}}@media (max-width:959px){.vcex-heading.vcex_69dffb4e9280c{font-size:23px;}}@media (max-width:767px){.vcex-heading.vcex_69dffb4e9280c{font-size:20px;}}@media (max-width:479px){.vcex-heading.vcex_69dffb4e9280c{font-size:20px;}}<\/style><div class=\"vcex-heading vcex-heading-plain vcex-module wpex-heading wpex-text-2xl wpex-text-left vc_custom_1587549656708 vcex_69dffb4e9280c\"><span class=\"vcex-heading-inner wpex-inline-block\">KONTAKTANFRAGE<\/span><\/div>[vc_column_text css=&#8220;.vc_custom_1737121769068{padding-bottom: 25px !important;}&#8220;]\n<p style=\"text-align: left;\">Wenn Sie an weiteren Informationen zu unserer Firma oder unseren Produkten interessiert sind, wenden Sie sich an unser B\u00fcro. Gerne beantworten wir Ihre Fragen oder erstellen f\u00fcr Sie kurzfristig ein Angebot. Die verlangten Daten sind f\u00fcr die erste Verarbeitung unbedingt notwendig.<\/p>\n<div class=\"vcex-heading vcex-heading-plain vcex-module wpex-heading wpex-text-2xl wpex-text-center vcex_678a60ec1a1b1\" style=\"text-align: left;\"><span class=\"vcex-heading-inner wpex-inline-block\">NIDE WINTECH SRL<\/span><\/div>\n<div class=\"wpb_text_column has-custom-color wpex-child-inherit-color wpb_content_element \">\n<div class=\"wpb_wrapper\">\n<p class=\"p1\" style=\"text-align: left;\"><strong>Telefon<\/strong>: + 39 011 18 952 133<br \/>\n<strong>E-mail<\/strong>:\u00a0<a id=\"linksingolo\" href=\"mailto:info@nidewintech.com\">info@nidewintech.com<\/a><br \/>\n<strong>Betriebssitz<\/strong>: Via Italia, n.42 \u2013 10093 Collegno, Italy<br \/>\n<strong>Rechtssitz:<\/strong>\u00a0Via San Francesco d\u2019Assisi, 18 \u2013 10122 Torino, Italia<br \/>\n<strong>USt-IdNr:\u00a0<\/strong>11975820017<\/p>\n<\/div>\n<\/div>\n[\/vc_column_text][\/vc_column][\/vc_row]\n<\/div>","protected":false},"excerpt":{"rendered":"<p>[vc_row full_width=&#8220;stretch_row_content_no_spaces&#8220; content_placement=&#8220;middle&#8220; column_spacing=&#8220;0px&#8220; min_height=&#8220;400px&#8220; css=&#8220;.vc_custom_1589786317561{background-image: url(https:\/\/nidewintech.com\/wp-content\/uploads\/2020\/05\/Banner-contacts.jpg?id=1179) !important;background-position: center !important;background-repeat: no-repeat !important;background-size: cover !important;}&#8220; visibility=&#8220;hidden-phone&#8220; wpex_bg_position=&#8220;center center&#8220;][vc_column][\/vc_column][\/vc_row][vc_row][vc_column][\/vc_column][vc_column][vc_column_text css=&#8220;.vc_custom_1737121769068{padding-bottom: 25px !important;}&#8220;] Wenn Sie an weiteren Informationen zu unserer Firma oder unseren Produkten interessiert sind, wenden Sie sich an unser B\u00fcro. Gerne beantworten wir Ihre Fragen oder erstellen f\u00fcr Sie kurzfristig ein Angebot. Die verlangten Daten sind&hellip;<\/p>\n","protected":false},"author":1,"featured_media":0,"parent":0,"menu_order":0,"comment_status":"closed","ping_status":"closed","template":"","meta":{"inline_featured_image":false,"footnotes":""},"yoast_head":"<!-- This site is optimized with the Yoast SEO plugin v22.1 - https:\/\/yoast.com\/wordpress\/plugins\/seo\/ -->\n<title>Kontakt Kunden<\/title>\n<meta name=\"description\" content=\"Unsere Ansprechpartner: +39 011 18 952 133, sales@wintech-automation.com Hauptsitz: Via F.lli Tampellini, 5 - 10093 Collegno (TO)\" \/>\n<meta name=\"robots\" content=\"index, follow, max-snippet:-1, max-image-preview:large, max-video-preview:-1\" \/>\n<link rel=\"canonical\" href=\"https:\/\/nidewintech.com\/contatti\/\" \/>\n<meta property=\"og:locale\" content=\"de_DE\" \/>\n<meta property=\"og:type\" content=\"article\" \/>\n<meta property=\"og:title\" content=\"Kontakt Kunden\" \/>\n<meta property=\"og:description\" content=\"Unsere Ansprechpartner: +39 011 18 952 133, sales@wintech-automation.com Hauptsitz: Via F.lli Tampellini, 5 - 10093 Collegno (TO)\" \/>\n<meta property=\"og:url\" content=\"https:\/\/nidewintech.com\/contatti\/\" \/>\n<meta property=\"og:site_name\" content=\"Nide Wintech Automation - Tecnologie per motori elettrici\" \/>\n<meta property=\"article:modified_time\" content=\"2025-01-17T13:54:05+00:00\" \/>\n<meta name=\"twitter:card\" content=\"summary_large_image\" \/>\n<meta name=\"twitter:label1\" content=\"Gesch\u00e4tzte Lesezeit\" \/>\n\t<meta name=\"twitter:data1\" content=\"1\u00a0Minute\" \/>\n<script type=\"application\/ld+json\" class=\"yoast-schema-graph\">{\"@context\":\"https:\/\/schema.org\",\"@graph\":[{\"@type\":\"WebPage\",\"@id\":\"https:\/\/nidewintech.com\/contatti\/\",\"url\":\"https:\/\/nidewintech.com\/contatti\/\",\"name\":\"Kontakt Kunden\",\"isPartOf\":{\"@id\":\"https:\/\/nidewintech.com\/#website\"},\"datePublished\":\"2020-08-26T15:52:48+00:00\",\"dateModified\":\"2025-01-17T13:54:05+00:00\",\"description\":\"Unsere Ansprechpartner: +39 011 18 952 133, sales@wintech-automation.com Hauptsitz: Via F.lli Tampellini, 5 - 10093 Collegno (TO)\",\"breadcrumb\":{\"@id\":\"https:\/\/nidewintech.com\/contatti\/#breadcrumb\"},\"inLanguage\":\"de\",\"potentialAction\":[{\"@type\":\"ReadAction\",\"target\":[\"https:\/\/nidewintech.com\/contatti\/\"]}]},{\"@type\":\"BreadcrumbList\",\"@id\":\"https:\/\/nidewintech.com\/contatti\/#breadcrumb\",\"itemListElement\":[{\"@type\":\"ListItem\",\"position\":1,\"name\":\"Home\",\"item\":\"https:\/\/nidewintech.com\/\"},{\"@type\":\"ListItem\",\"position\":2,\"name\":\"Kunden\"}]},{\"@type\":\"WebSite\",\"@id\":\"https:\/\/nidewintech.com\/#website\",\"url\":\"https:\/\/nidewintech.com\/\",\"name\":\"Nide Wintech Automation - Tecnologie per motori elettrici\",\"description\":\"Produzione di motori elettrici\",\"publisher\":{\"@id\":\"https:\/\/nidewintech.com\/#organization\"},\"potentialAction\":[{\"@type\":\"SearchAction\",\"target\":{\"@type\":\"EntryPoint\",\"urlTemplate\":\"https:\/\/nidewintech.com\/?s={search_term_string}\"},\"query-input\":\"required name=search_term_string\"}],\"inLanguage\":\"de\"},{\"@type\":\"Organization\",\"@id\":\"https:\/\/nidewintech.com\/#organization\",\"name\":\"Nide Wintech Automation - Tecnologie per motori elettrici\",\"url\":\"https:\/\/nidewintech.com\/\",\"logo\":{\"@type\":\"ImageObject\",\"inLanguage\":\"de\",\"@id\":\"https:\/\/nidewintech.com\/#\/schema\/logo\/image\/\",\"url\":\"https:\/\/nidewintech.com\/wp-content\/uploads\/2023\/07\/Logo-Nide-Wintech-WEB.png\",\"contentUrl\":\"https:\/\/nidewintech.com\/wp-content\/uploads\/2023\/07\/Logo-Nide-Wintech-WEB.png\",\"width\":1000,\"height\":474,\"caption\":\"Nide Wintech Automation - Tecnologie per motori elettrici\"},\"image\":{\"@id\":\"https:\/\/nidewintech.com\/#\/schema\/logo\/image\/\"}}]}<\/script>\n<!-- \/ Yoast SEO plugin. -->","yoast_head_json":{"title":"Kontakt Kunden","description":"Unsere Ansprechpartner: +39 011 18 952 133, sales@wintech-automation.com Hauptsitz: Via F.lli Tampellini, 5 - 10093 Collegno (TO)","robots":{"index":"index","follow":"follow","max-snippet":"max-snippet:-1","max-image-preview":"max-image-preview:large","max-video-preview":"max-video-preview:-1"},"canonical":"https:\/\/nidewintech.com\/contatti\/","og_locale":"de_DE","og_type":"article","og_title":"Kontakt Kunden","og_description":"Unsere Ansprechpartner: +39 011 18 952 133, sales@wintech-automation.com Hauptsitz: Via F.lli Tampellini, 5 - 10093 Collegno (TO)","og_url":"https:\/\/nidewintech.com\/contatti\/","og_site_name":"Nide Wintech Automation - Tecnologie per motori elettrici","article_modified_time":"2025-01-17T13:54:05+00:00","twitter_card":"summary_large_image","twitter_misc":{"Gesch\u00e4tzte Lesezeit":"1\u00a0Minute"},"schema":{"@context":"https:\/\/schema.org","@graph":[{"@type":"WebPage","@id":"https:\/\/nidewintech.com\/contatti\/","url":"https:\/\/nidewintech.com\/contatti\/","name":"Kontakt Kunden","isPartOf":{"@id":"https:\/\/nidewintech.com\/#website"},"datePublished":"2020-08-26T15:52:48+00:00","dateModified":"2025-01-17T13:54:05+00:00","description":"Unsere Ansprechpartner: +39 011 18 952 133, sales@wintech-automation.com Hauptsitz: Via F.lli Tampellini, 5 - 10093 Collegno (TO)","breadcrumb":{"@id":"https:\/\/nidewintech.com\/contatti\/#breadcrumb"},"inLanguage":"de","potentialAction":[{"@type":"ReadAction","target":["https:\/\/nidewintech.com\/contatti\/"]}]},{"@type":"BreadcrumbList","@id":"https:\/\/nidewintech.com\/contatti\/#breadcrumb","itemListElement":[{"@type":"ListItem","position":1,"name":"Home","item":"https:\/\/nidewintech.com\/"},{"@type":"ListItem","position":2,"name":"Kunden"}]},{"@type":"WebSite","@id":"https:\/\/nidewintech.com\/#website","url":"https:\/\/nidewintech.com\/","name":"Nide Wintech Automation - Tecnologie per motori elettrici","description":"Produzione di motori elettrici","publisher":{"@id":"https:\/\/nidewintech.com\/#organization"},"potentialAction":[{"@type":"SearchAction","target":{"@type":"EntryPoint","urlTemplate":"https:\/\/nidewintech.com\/?s={search_term_string}"},"query-input":"required name=search_term_string"}],"inLanguage":"de"},{"@type":"Organization","@id":"https:\/\/nidewintech.com\/#organization","name":"Nide Wintech Automation - Tecnologie per motori elettrici","url":"https:\/\/nidewintech.com\/","logo":{"@type":"ImageObject","inLanguage":"de","@id":"https:\/\/nidewintech.com\/#\/schema\/logo\/image\/","url":"https:\/\/nidewintech.com\/wp-content\/uploads\/2023\/07\/Logo-Nide-Wintech-WEB.png","contentUrl":"https:\/\/nidewintech.com\/wp-content\/uploads\/2023\/07\/Logo-Nide-Wintech-WEB.png","width":1000,"height":474,"caption":"Nide Wintech Automation - Tecnologie per motori elettrici"},"image":{"@id":"https:\/\/nidewintech.com\/#\/schema\/logo\/image\/"}}]}},"_links":{"self":[{"href":"https:\/\/nidewintech.com\/de\/wp-json\/wp\/v2\/pages\/2246"}],"collection":[{"href":"https:\/\/nidewintech.com\/de\/wp-json\/wp\/v2\/pages"}],"about":[{"href":"https:\/\/nidewintech.com\/de\/wp-json\/wp\/v2\/types\/page"}],"author":[{"embeddable":true,"href":"https:\/\/nidewintech.com\/de\/wp-json\/wp\/v2\/users\/1"}],"replies":[{"embeddable":true,"href":"https:\/\/nidewintech.com\/de\/wp-json\/wp\/v2\/comments?post=2246"}],"version-history":[{"count":5,"href":"https:\/\/nidewintech.com\/de\/wp-json\/wp\/v2\/pages\/2246\/revisions"}],"predecessor-version":[{"id":3582,"href":"https:\/\/nidewintech.com\/de\/wp-json\/wp\/v2\/pages\/2246\/revisions\/3582"}],"wp:attachment":[{"href":"https:\/\/nidewintech.com\/de\/wp-json\/wp\/v2\/media?parent=2246"}],"curies":[{"name":"wp","href":"https:\/\/api.w.org\/{rel}","templated":true}]}}