{"id":2235,"date":"2020-08-26T14:48:57","date_gmt":"2020-08-26T14:48:57","guid":{"rendered":"https:\/\/nidewintech.com\/news\/"},"modified":"2024-03-04T22:08:58","modified_gmt":"2024-03-04T22:08:58","slug":"news","status":"publish","type":"page","link":"https:\/\/nidewintech.com\/de\/news\/","title":{"rendered":"News"},"content":{"rendered":"<div class=\"wpb-content-wrapper\">[vc_row full_width=&#8220;stretch_row&#8220; column_spacing=&#8220;0px&#8220; visibility=&#8220;hidden-phone&#8220; min_height=&#8220;400px&#8220; css=&#8220;.vc_custom_1589787786633{background-image: url(https:\/\/nidewintech.com\/wp-content\/uploads\/2020\/05\/Banner-news.jpg?id=1191) !important;background-position: center !important;background-repeat: no-repeat !important;background-size: cover !important;}&#8220; wpex_bg_position=&#8220;center center&#8220;][vc_column][\/vc_column][\/vc_row][vc_row css_animation=&#8220;none&#8220; full_width=&#8220;stretch_row&#8220; content_placement=&#8220;middle&#8220; column_spacing=&#8220;0px&#8220; source=&#8220;custom&#8220; text=&#8220;WINTECH&#8220; style=&#8220;plain&#8220; align=&#8220;&#8220; tag=&#8220;span&#8220; responsive_text=&#8220;false&#8220; italic=&#8220;false&#8220; link_local_scroll=&#8220;false&#8220; icon_type=&#8220;fontawesome&#8220; icon=&#8220;&#8220; icon_position=&#8220;left&#8220; add_css_to_inner=&#8220;false&#8220; hover_white_text=&#8220;false&#8220; font_weight=&#8220;300&#8243; text_transform=&#8220;capitalize&#8220; text_align=&#8220;center&#8220; font_size=&#8220;d:35px|tl:30px|tp:30px|pl:25px|pp:25px&#8220; color=&#8220;#9f4f3e&#8220; custom_field=&#8220;&#8220; callback_function=&#8220;&#8220; inner_bottom_border_color=&#8220;&#8220; inner_bottom_border_color_main=&#8220;&#8220; width=&#8220;&#8220; font_family=&#8220;&#8220; color_hover=&#8220;&#8220; min_font_size=&#8220;&#8220; line_height=&#8220;&#8220; letter_spacing=&#8220;&#8220; link=&#8220;&#8220; icon_openiconic=&#8220;&#8220; icon_typicons=&#8220;&#8220; icon_entypo=&#8220;&#8220; icon_linecons=&#8220;&#8220; icon_color=&#8220;&#8220; background_hover=&#8220;&#8220; min_height=&#8220;70px&#8220;][vc_column]<style> style=\"height:80px;\"<\/style><div class=\"vcex-spacing wpex-w-100 wpex-clear\" style=\"height:80px;\"><\/div><style>.vcex-heading.vcex_69df04075cc09{color:#9f4f3e;font-size:35px;font-weight:300;text-transform:capitalize;}@media (max-width:1024px){.vcex-heading.vcex_69df04075cc09{font-size:30px;}}@media (max-width:959px){.vcex-heading.vcex_69df04075cc09{font-size:30px;}}@media (max-width:767px){.vcex-heading.vcex_69df04075cc09{font-size:25px;}}@media (max-width:479px){.vcex-heading.vcex_69df04075cc09{font-size:25px;}}<\/style><span class=\"vcex-heading vcex-heading-plain vcex-module wpex-heading wpex-text-2xl wpex-text-center vcex_69df04075cc09\"><span class=\"vcex-heading-inner wpex-inline-block\">NIDE WINTECH<\/span><\/span><style>.vcex-heading.vcex_69df04075d13d{font-size:22px;font-weight:300;}@media (max-width:1024px){.vcex-heading.vcex_69df04075d13d{font-size:20px;}}@media (max-width:959px){.vcex-heading.vcex_69df04075d13d{font-size:20px;}}@media (max-width:767px){.vcex-heading.vcex_69df04075d13d{font-size:18px;}}@media (max-width:479px){.vcex-heading.vcex_69df04075d13d{font-size:18px;}}<\/style><h1 class=\"vcex-heading vcex-heading-plain vcex-module wpex-heading wpex-text-2xl wpex-text-center wpex-italic vcex_69df04075d13d\"><span class=\"vcex-heading-inner wpex-inline-block\">News<\/span><\/h1>[\/vc_column][\/vc_row][vc_row][vc_column]<div class=\"vcex-spacing wpex-w-100 wpex-clear\"><\/div>[\/vc_column][vc_column width=&#8220;2\/5&#8243; el_id=&#8220;Coiltech_2023&#8243;][vc_single_image image=&#8220;3475&#8243; style=&#8220;vc_box_border&#8220; onclick=&#8220;custom_link&#8220; img_link_target=&#8220;_blank&#8220; link=&#8220;https:\/\/www.quickfairs.net\/visita\/?idf=106&amp;id_zona=1&amp;id_menu=105&#8243;][\/vc_column][vc_column width=&#8220;3\/5&#8243;]<style>.vcex-heading.vcex_69df04075d420{color:#9f4f3e;font-weight:600;}<\/style><h2 class=\"vcex-heading vcex-heading-plain vcex-module wpex-heading wpex-text-2xl vc_custom_1709589201598 vcex_69df04075d420\"><span class=\"vcex-heading-inner wpex-inline-block\">NIDE WINTECH WIRD AUF DER COILTECH ITALIA 2024 AUSSTELLEN<\/span><\/h2>[vc_column_text]NIDE WINTECH wird auf der COILTECH DEUTSCHLAND 2024 ausstellen, einer Fachmesse, die den Technologien f\u00fcr die Herstellung von Elektromotoren gewidmet ist und am 20. und 21. M\u00e4rz 2024 in Augsburg stattfinden wird.<br \/>\nSie bietet die Gelegenheit, einem internationalen Publikum die komplette Palette an schl\u00fcsselfertigen L\u00f6sungen und Automatisierungsstufen f\u00fcr die Elektromotorenherstellung zu pr\u00e4sentieren: EV-Motoren, Hairpin-Motoren, b\u00fcrstenlose Motoren, BLDC-Motoren, Universalmotoren, Radnabenmotoren und Rotor-Druckguss.<br \/>\nUnter www.quickfairs.net\/contacts.asp k\u00f6nnen Sie mehr \u00fcber die Veranstaltung erfahren und sich kostenlos anmelden.<br \/>\nWir freuen uns darauf, Sie an unserem Stand Nr. 2-B14 zu sehen.[\/vc_column_text][\/vc_column][vc_column]<div class=\"vcex-module vcex-divider vcex-divider-solid vcex-divider-center wpex-mx-auto wpex-max-w-100 wpex-block wpex-h-0 wpex-border-b wpex-border-solid wpex-border-main\" style=\"width:100%;margin-top:30px;margin-bottom:30px;border-bottom-width:2px;border-color:#9f4f3e;\"><\/div>[\/vc_column][\/vc_row][vc_row][vc_column]<div class=\"vcex-spacing wpex-w-100 wpex-clear\"><\/div>[\/vc_column][vc_column width=&#8220;2\/5&#8243;][vc_single_image image=&#8220;3482&#8243; onclick=&#8220;custom_link&#8220; img_link_target=&#8220;_blank&#8220; link=&#8220;https:\/\/www.quickfairs.net\/visita\/?idf=106&amp;id_zona=1&amp;id_menu=105&#8243;][\/vc_column][vc_column width=&#8220;3\/5&#8243;]<style>.vcex-heading.vcex_69df04075d9d1{color:#9f4f3e;font-weight:600;text-transform:uppercase;}<\/style><h2 class=\"vcex-heading vcex-heading-plain vcex-module wpex-heading wpex-text-2xl vc_custom_1689197362590 vcex_69df04075d9d1\"><span class=\"vcex-heading-inner wpex-inline-block\">NIDE und WINTECH b\u00fcndeln ihre Kr\u00e4fte und verst\u00e4rken ihre Pr\u00e4senz in Europa<\/span><\/h2>[vc_column_text]Die beiden Unternehmen Wintech Automation und Nide b\u00fcndeln ihre Kr\u00e4fte, um ihre Pr\u00e4senz in Europa zu st\u00e4rken. Das Ergebnis ist NIDE WINTECH, das sich nicht nur durch seine hohe Effizienz und au\u00dfergew\u00f6hnliche Maschinenqualit\u00e4t, sondern auch durch seinen hervorragenden Kundendienst auszeichnet.[\/vc_column_text][\/vc_column][vc_column]<div class=\"vcex-module vcex-divider vcex-divider-solid vcex-divider-center wpex-mx-auto wpex-max-w-100 wpex-block wpex-h-0 wpex-border-b wpex-border-solid wpex-border-main\" style=\"width:100%;margin-top:30px;margin-bottom:30px;border-bottom-width:2px;border-color:#9f4f3e;\"><\/div>[\/vc_column][\/vc_row]\n<\/div>","protected":false},"excerpt":{"rendered":"<p>[vc_row full_width=&#8220;stretch_row&#8220; column_spacing=&#8220;0px&#8220; visibility=&#8220;hidden-phone&#8220; min_height=&#8220;400px&#8220; css=&#8220;.vc_custom_1589787786633{background-image: url(https:\/\/nidewintech.com\/wp-content\/uploads\/2020\/05\/Banner-news.jpg?id=1191) !important;background-position: center !important;background-repeat: no-repeat !important;background-size: cover !important;}&#8220; wpex_bg_position=&#8220;center center&#8220;][vc_column][\/vc_column][\/vc_row][vc_row css_animation=&#8220;none&#8220; full_width=&#8220;stretch_row&#8220; content_placement=&#8220;middle&#8220; column_spacing=&#8220;0px&#8220; source=&#8220;custom&#8220; text=&#8220;WINTECH&#8220; style=&#8220;plain&#8220; align=&#8220;&#8220; tag=&#8220;span&#8220; responsive_text=&#8220;false&#8220; italic=&#8220;false&#8220; link_local_scroll=&#8220;false&#8220; icon_type=&#8220;fontawesome&#8220; icon=&#8220;&#8220; icon_position=&#8220;left&#8220; add_css_to_inner=&#8220;false&#8220; hover_white_text=&#8220;false&#8220; font_weight=&#8220;300&#8243; text_transform=&#8220;capitalize&#8220; text_align=&#8220;center&#8220; font_size=&#8220;d:35px|tl:30px|tp:30px|pl:25px|pp:25px&#8220; color=&#8220;#9f4f3e&#8220; custom_field=&#8220;&#8220; callback_function=&#8220;&#8220; inner_bottom_border_color=&#8220;&#8220; inner_bottom_border_color_main=&#8220;&#8220; width=&#8220;&#8220; font_family=&#8220;&#8220; color_hover=&#8220;&#8220; min_font_size=&#8220;&#8220; line_height=&#8220;&#8220; letter_spacing=&#8220;&#8220; link=&#8220;&#8220; icon_openiconic=&#8220;&#8220; icon_typicons=&#8220;&#8220; icon_entypo=&#8220;&#8220; icon_linecons=&#8220;&#8220; icon_color=&#8220;&#8220; background_hover=&#8220;&#8220;&hellip;<\/p>\n","protected":false},"author":1,"featured_media":0,"parent":0,"menu_order":0,"comment_status":"closed","ping_status":"closed","template":"","meta":{"inline_featured_image":false,"footnotes":""},"yoast_head":"<!-- This site is optimized with the Yoast SEO plugin v22.1 - https:\/\/yoast.com\/wordpress\/plugins\/seo\/ -->\n<title>Nide Wintech Automation | News<\/title>\n<meta name=\"description\" content=\"Nide Wintech Automation wird an allen wichtigen Messen der Branche im Jahr 2023 pr\u00e4sent sein, besuchen Sie uns!\" \/>\n<meta name=\"robots\" content=\"index, follow, max-snippet:-1, max-image-preview:large, max-video-preview:-1\" \/>\n<link rel=\"canonical\" href=\"https:\/\/nidewintech.com\/de\/news\/\" \/>\n<meta property=\"og:locale\" content=\"de_DE\" \/>\n<meta property=\"og:type\" content=\"article\" \/>\n<meta property=\"og:title\" content=\"Nide Wintech Automation | News\" \/>\n<meta property=\"og:description\" content=\"Nide Wintech Automation wird an allen wichtigen Messen der Branche im Jahr 2023 pr\u00e4sent sein, besuchen Sie uns!\" \/>\n<meta property=\"og:url\" content=\"https:\/\/nidewintech.com\/de\/news\/\" \/>\n<meta property=\"og:site_name\" content=\"Nide Wintech Automation - Tecnologie per motori elettrici\" \/>\n<meta property=\"article:modified_time\" content=\"2024-03-04T22:08:58+00:00\" \/>\n<meta name=\"twitter:card\" content=\"summary_large_image\" \/>\n<meta name=\"twitter:label1\" content=\"Gesch\u00e4tzte Lesezeit\" \/>\n\t<meta name=\"twitter:data1\" content=\"2\u00a0Minuten\" \/>\n<script type=\"application\/ld+json\" class=\"yoast-schema-graph\">{\"@context\":\"https:\/\/schema.org\",\"@graph\":[{\"@type\":\"WebPage\",\"@id\":\"https:\/\/nidewintech.com\/de\/news\/\",\"url\":\"https:\/\/nidewintech.com\/de\/news\/\",\"name\":\"Nide Wintech Automation | News\",\"isPartOf\":{\"@id\":\"https:\/\/nidewintech.com\/#website\"},\"datePublished\":\"2020-08-26T14:48:57+00:00\",\"dateModified\":\"2024-03-04T22:08:58+00:00\",\"description\":\"Nide Wintech Automation wird an allen wichtigen Messen der Branche im Jahr 2023 pr\u00e4sent sein, besuchen Sie uns!\",\"breadcrumb\":{\"@id\":\"https:\/\/nidewintech.com\/de\/news\/#breadcrumb\"},\"inLanguage\":\"de\",\"potentialAction\":[{\"@type\":\"ReadAction\",\"target\":[\"https:\/\/nidewintech.com\/de\/news\/\"]}]},{\"@type\":\"BreadcrumbList\",\"@id\":\"https:\/\/nidewintech.com\/de\/news\/#breadcrumb\",\"itemListElement\":[{\"@type\":\"ListItem\",\"position\":1,\"name\":\"Home\",\"item\":\"https:\/\/nidewintech.com\/\"},{\"@type\":\"ListItem\",\"position\":2,\"name\":\"News\"}]},{\"@type\":\"WebSite\",\"@id\":\"https:\/\/nidewintech.com\/#website\",\"url\":\"https:\/\/nidewintech.com\/\",\"name\":\"Nide Wintech Automation - Tecnologie per motori elettrici\",\"description\":\"Produzione di motori elettrici\",\"publisher\":{\"@id\":\"https:\/\/nidewintech.com\/#organization\"},\"potentialAction\":[{\"@type\":\"SearchAction\",\"target\":{\"@type\":\"EntryPoint\",\"urlTemplate\":\"https:\/\/nidewintech.com\/?s={search_term_string}\"},\"query-input\":\"required name=search_term_string\"}],\"inLanguage\":\"de\"},{\"@type\":\"Organization\",\"@id\":\"https:\/\/nidewintech.com\/#organization\",\"name\":\"Nide Wintech Automation - Tecnologie per motori elettrici\",\"url\":\"https:\/\/nidewintech.com\/\",\"logo\":{\"@type\":\"ImageObject\",\"inLanguage\":\"de\",\"@id\":\"https:\/\/nidewintech.com\/#\/schema\/logo\/image\/\",\"url\":\"https:\/\/nidewintech.com\/wp-content\/uploads\/2023\/07\/Logo-Nide-Wintech-WEB.png\",\"contentUrl\":\"https:\/\/nidewintech.com\/wp-content\/uploads\/2023\/07\/Logo-Nide-Wintech-WEB.png\",\"width\":1000,\"height\":474,\"caption\":\"Nide Wintech Automation - Tecnologie per motori elettrici\"},\"image\":{\"@id\":\"https:\/\/nidewintech.com\/#\/schema\/logo\/image\/\"}}]}<\/script>\n<!-- \/ Yoast SEO plugin. -->","yoast_head_json":{"title":"Nide Wintech Automation | News","description":"Nide Wintech Automation wird an allen wichtigen Messen der Branche im Jahr 2023 pr\u00e4sent sein, besuchen Sie uns!","robots":{"index":"index","follow":"follow","max-snippet":"max-snippet:-1","max-image-preview":"max-image-preview:large","max-video-preview":"max-video-preview:-1"},"canonical":"https:\/\/nidewintech.com\/de\/news\/","og_locale":"de_DE","og_type":"article","og_title":"Nide Wintech Automation | News","og_description":"Nide Wintech Automation wird an allen wichtigen Messen der Branche im Jahr 2023 pr\u00e4sent sein, besuchen Sie uns!","og_url":"https:\/\/nidewintech.com\/de\/news\/","og_site_name":"Nide Wintech Automation - Tecnologie per motori elettrici","article_modified_time":"2024-03-04T22:08:58+00:00","twitter_card":"summary_large_image","twitter_misc":{"Gesch\u00e4tzte Lesezeit":"2\u00a0Minuten"},"schema":{"@context":"https:\/\/schema.org","@graph":[{"@type":"WebPage","@id":"https:\/\/nidewintech.com\/de\/news\/","url":"https:\/\/nidewintech.com\/de\/news\/","name":"Nide Wintech Automation | News","isPartOf":{"@id":"https:\/\/nidewintech.com\/#website"},"datePublished":"2020-08-26T14:48:57+00:00","dateModified":"2024-03-04T22:08:58+00:00","description":"Nide Wintech Automation wird an allen wichtigen Messen der Branche im Jahr 2023 pr\u00e4sent sein, besuchen Sie uns!","breadcrumb":{"@id":"https:\/\/nidewintech.com\/de\/news\/#breadcrumb"},"inLanguage":"de","potentialAction":[{"@type":"ReadAction","target":["https:\/\/nidewintech.com\/de\/news\/"]}]},{"@type":"BreadcrumbList","@id":"https:\/\/nidewintech.com\/de\/news\/#breadcrumb","itemListElement":[{"@type":"ListItem","position":1,"name":"Home","item":"https:\/\/nidewintech.com\/"},{"@type":"ListItem","position":2,"name":"News"}]},{"@type":"WebSite","@id":"https:\/\/nidewintech.com\/#website","url":"https:\/\/nidewintech.com\/","name":"Nide Wintech Automation - Tecnologie per motori elettrici","description":"Produzione di motori elettrici","publisher":{"@id":"https:\/\/nidewintech.com\/#organization"},"potentialAction":[{"@type":"SearchAction","target":{"@type":"EntryPoint","urlTemplate":"https:\/\/nidewintech.com\/?s={search_term_string}"},"query-input":"required name=search_term_string"}],"inLanguage":"de"},{"@type":"Organization","@id":"https:\/\/nidewintech.com\/#organization","name":"Nide Wintech Automation - Tecnologie per motori elettrici","url":"https:\/\/nidewintech.com\/","logo":{"@type":"ImageObject","inLanguage":"de","@id":"https:\/\/nidewintech.com\/#\/schema\/logo\/image\/","url":"https:\/\/nidewintech.com\/wp-content\/uploads\/2023\/07\/Logo-Nide-Wintech-WEB.png","contentUrl":"https:\/\/nidewintech.com\/wp-content\/uploads\/2023\/07\/Logo-Nide-Wintech-WEB.png","width":1000,"height":474,"caption":"Nide Wintech Automation - Tecnologie per motori elettrici"},"image":{"@id":"https:\/\/nidewintech.com\/#\/schema\/logo\/image\/"}}]}},"_links":{"self":[{"href":"https:\/\/nidewintech.com\/de\/wp-json\/wp\/v2\/pages\/2235"}],"collection":[{"href":"https:\/\/nidewintech.com\/de\/wp-json\/wp\/v2\/pages"}],"about":[{"href":"https:\/\/nidewintech.com\/de\/wp-json\/wp\/v2\/types\/page"}],"author":[{"embeddable":true,"href":"https:\/\/nidewintech.com\/de\/wp-json\/wp\/v2\/users\/1"}],"replies":[{"embeddable":true,"href":"https:\/\/nidewintech.com\/de\/wp-json\/wp\/v2\/comments?post=2235"}],"version-history":[{"count":36,"href":"https:\/\/nidewintech.com\/de\/wp-json\/wp\/v2\/pages\/2235\/revisions"}],"predecessor-version":[{"id":3507,"href":"https:\/\/nidewintech.com\/de\/wp-json\/wp\/v2\/pages\/2235\/revisions\/3507"}],"wp:attachment":[{"href":"https:\/\/nidewintech.com\/de\/wp-json\/wp\/v2\/media?parent=2235"}],"curies":[{"name":"wp","href":"https:\/\/api.w.org\/{rel}","templated":true}]}}