{"id":2074,"date":"2020-08-26T14:25:03","date_gmt":"2020-08-26T14:25:03","guid":{"rendered":"https:\/\/nidewintech.com\/kundenservice\/"},"modified":"2023-07-13T08:57:08","modified_gmt":"2023-07-13T08:57:08","slug":"kundenservice","status":"publish","type":"page","link":"https:\/\/nidewintech.com\/de\/kundenservice\/","title":{"rendered":"Kundenservice"},"content":{"rendered":"<div class=\"wpb-content-wrapper\">[vc_row full_width=&#8220;stretch_row&#8220; content_placement=&#8220;middle&#8220; column_spacing=&#8220;0px&#8220; wpex_fixed_bg=&#8220;fixed&#8220; css=&#8220;.vc_custom_1589787503208{background-image: url(https:\/\/nidewintech.com\/wp-content\/uploads\/2020\/05\/Banner-servizi.jpg?id=1188) !important;background-position: center !important;background-repeat: no-repeat !important;background-size: cover !important;}&#8220; wpex_bg_position=&#8220;center center&#8220; min_height=&#8220;400px&#8220; visibility=&#8220;hidden-phone&#8220;][vc_column][\/vc_column][\/vc_row][vc_row content_placement=&#8220;middle&#8220; column_spacing=&#8220;0px&#8220; min_height=&#8220;400px&#8220;][vc_column]<style> style=\"height:80px;\"<\/style><div class=\"vcex-spacing wpex-w-100 wpex-clear\" style=\"height:80px;\"><\/div><style>.vcex-heading.vcex_69d72a75dc9a4{color:#9f4f3e;font-size:35px;font-weight:300;text-transform:capitalize;}@media (max-width:1024px){.vcex-heading.vcex_69d72a75dc9a4{font-size:30px;}}@media (max-width:959px){.vcex-heading.vcex_69d72a75dc9a4{font-size:30px;}}@media (max-width:767px){.vcex-heading.vcex_69d72a75dc9a4{font-size:25px;}}@media (max-width:479px){.vcex-heading.vcex_69d72a75dc9a4{font-size:25px;}}<\/style><h1 class=\"vcex-heading vcex-heading-plain vcex-module wpex-heading wpex-text-2xl wpex-text-center vcex_69d72a75dc9a4\"><span class=\"vcex-heading-inner wpex-inline-block\">NIDE WINTECH<\/span><\/h1><style>.vcex-heading.vcex_69d72a75dcf55{font-size:22px;font-weight:300;}@media (max-width:1024px){.vcex-heading.vcex_69d72a75dcf55{font-size:20px;}}@media (max-width:959px){.vcex-heading.vcex_69d72a75dcf55{font-size:20px;}}@media (max-width:767px){.vcex-heading.vcex_69d72a75dcf55{font-size:18px;}}@media (max-width:479px){.vcex-heading.vcex_69d72a75dcf55{font-size:18px;}}<\/style><h2 class=\"vcex-heading vcex-heading-plain vcex-module wpex-heading wpex-text-2xl wpex-text-center wpex-italic vcex_69d72a75dcf55\"><span class=\"vcex-heading-inner wpex-inline-block\">Kundenservice<\/span><\/h2><div class=\"vcex-spacing wpex-w-100 wpex-clear\"><\/div>[vc_column_text font_size=&#8220;d:18px|tl:18px|tp:18px|pl:15px|pp:15px&#8220; font_weight=&#8220;300&#8243;]\nNide Wintech unterscheidet sich nicht nur durch seine hohe Effizienz und die erstklassige Qualit\u00e4t der Maschinen, sondern auch durch seinen hervorragenden Service nach dem Verkauf.<br \/>\nUnseren Kunden auch nach der Lieferung der Anlage Unterst\u00fctzung zu bieten, ist f\u00fcr uns von vorrangiger Bedeutung. Das wesentliche Ziel besteht in der Beibehaltung der Effizienz der Maschine im Laufe der Zeit: Hierdurch k\u00f6nnen unsere Anlagen lange Zeit funktionieren und im Bedarfsfall k\u00f6nnen sie f\u00fcr neue Produktgenerationen nachger\u00fcstet werden.<br \/>\nUnser Personal wird firmenintern geschult, um Eingriffe durch Personen zu garantieren, die eine spezifische Kenntnis der Anlage aufweisen. Unser Kundenservice kann minimale Maschinenausfallzeiten und eine 24\/7 Online-Ferndiagnose sicherstellen.<br \/>\n[\/vc_column_text]<style> style=\"height:100px;\"<\/style><div class=\"vcex-spacing wpex-w-100 wpex-clear\" style=\"height:100px;\"><\/div>[\/vc_column][\/vc_row][vc_row][vc_column width=&#8220;1\/6&#8243; offset=&#8220;vc_col-xs-6&#8243;]<div class=\"vcex-module vcex-icon-box vcex-icon-box-two wpex-block wpex-text-center equal-height-content\"><div class=\"vcex-icon-box-symbol wpex-mb-20\"><div class=\"vcex-icon-box-icon wpex-inline-flex wpex-items-center wpex-justify-center wpex-child-inherit-color wpex-text-center wpex-leading-none wpex-text-1\" style=\"color:#9f4f3e;font-size:35px;\"><span class=\"ticon ticon-truck\" aria-hidden=\"true\"><\/span><\/div><\/div><div class=\"vcex-icon-box-text\"><h2 class=\"vcex-icon-box-heading wpex-heading wpex-text-md wpex-mb-10\" style=\"color:#9f4f3e;--wpex-hover-heading-link-color:#9f4f3e;\">SERVICE NACH DEM VERKAUF<\/h2><\/div><\/div>[\/vc_column][vc_column width=&#8220;1\/6&#8243; offset=&#8220;vc_col-xs-6&#8243;]<div class=\"vcex-module vcex-icon-box vcex-icon-box-two wpex-block wpex-text-center equal-height-content\"><div class=\"vcex-icon-box-symbol wpex-mb-20\"><div class=\"vcex-icon-box-icon wpex-inline-flex wpex-items-center wpex-justify-center wpex-child-inherit-color wpex-text-center wpex-leading-none wpex-text-1\" style=\"color:#9f4f3e;font-size:35px;\"><span class=\"ticon ticon-phone\" aria-hidden=\"true\"><\/span><\/div><\/div><div class=\"vcex-icon-box-text\"><h2 class=\"vcex-icon-box-heading wpex-heading wpex-text-md wpex-mb-10\" style=\"color:#9f4f3e;--wpex-hover-heading-link-color:#9f4f3e;\">24H FERN-SERVICE<\/h2><\/div><\/div>[\/vc_column][vc_column width=&#8220;1\/6&#8243; offset=&#8220;vc_col-xs-6&#8243;]<div class=\"vcex-module vcex-icon-box vcex-icon-box-two wpex-block wpex-text-center equal-height-content\"><div class=\"vcex-icon-box-symbol wpex-mb-20\"><div class=\"vcex-icon-box-icon wpex-inline-flex wpex-items-center wpex-justify-center wpex-child-inherit-color wpex-text-center wpex-leading-none wpex-text-1\" style=\"color:#9f4f3e;font-size:35px;\"><span class=\"ticon ticon-cogs\" aria-hidden=\"true\"><\/span><\/div><\/div><div class=\"vcex-icon-box-text\"><h2 class=\"vcex-icon-box-heading wpex-heading wpex-text-md wpex-mb-10\" style=\"color:#9f4f3e;--wpex-hover-heading-link-color:#9f4f3e;\">ERSATZTEILE<\/h2><\/div><\/div>[\/vc_column][vc_column width=&#8220;1\/6&#8243; offset=&#8220;vc_col-xs-6&#8243;]<div class=\"vcex-module vcex-icon-box vcex-icon-box-two wpex-block wpex-text-center equal-height-content\"><div class=\"vcex-icon-box-symbol wpex-mb-20\"><div class=\"vcex-icon-box-icon wpex-inline-flex wpex-items-center wpex-justify-center wpex-child-inherit-color wpex-text-center wpex-leading-none wpex-text-1\" style=\"color:#9f4f3e;font-size:35px;\"><span class=\"ticon ticon-handshake-o\" aria-hidden=\"true\"><\/span><\/div><\/div><div class=\"vcex-icon-box-text\"><h2 class=\"vcex-icon-box-heading wpex-heading wpex-text-md wpex-mb-10\" style=\"color:#9f4f3e;--wpex-hover-heading-link-color:#9f4f3e;\">SCHULUNG<\/h2><\/div><\/div>[\/vc_column][vc_column width=&#8220;1\/6&#8243; offset=&#8220;vc_col-xs-6&#8243;]<div class=\"vcex-module vcex-icon-box vcex-icon-box-two wpex-block wpex-text-center equal-height-content\"><div class=\"vcex-icon-box-symbol wpex-mb-20\"><div class=\"vcex-icon-box-icon wpex-inline-flex wpex-items-center wpex-justify-center wpex-child-inherit-color wpex-text-center wpex-leading-none wpex-text-1\" style=\"color:#9f4f3e;font-size:35px;\"><span class=\"ticon ticon-trophy\" aria-hidden=\"true\"><\/span><\/div><\/div><div class=\"vcex-icon-box-text\"><h2 class=\"vcex-icon-box-heading wpex-heading wpex-text-md wpex-mb-10\" style=\"color:#9f4f3e;--wpex-hover-heading-link-color:#9f4f3e;\">INDUSTRIE 4.0<\/h2><\/div><\/div>[\/vc_column][vc_column width=&#8220;1\/6&#8243; offset=&#8220;vc_col-xs-6&#8243;]<div class=\"vcex-module vcex-icon-box vcex-icon-box-two wpex-block wpex-text-center equal-height-content\"><div class=\"vcex-icon-box-symbol wpex-mb-20\"><div class=\"vcex-icon-box-icon wpex-inline-flex wpex-items-center wpex-justify-center wpex-child-inherit-color wpex-text-center wpex-leading-none wpex-text-1\" style=\"color:#9f4f3e;font-size:35px;\"><span class=\"ticon ticon-globe\" aria-hidden=\"true\"><\/span><\/div><\/div><div class=\"vcex-icon-box-text\"><h2 class=\"vcex-icon-box-heading wpex-heading wpex-text-md wpex-mb-10\" style=\"color:#9f4f3e;--wpex-hover-heading-link-color:#9f4f3e;\">BERATUNG<\/h2><\/div><\/div>[\/vc_column][vc_column]<style> style=\"height:60px;\"<\/style><div class=\"vcex-spacing wpex-w-100 wpex-clear\" style=\"height:60px;\"><\/div>[\/vc_column][\/vc_row]\n<\/div>","protected":false},"excerpt":{"rendered":"<p>[vc_row full_width=&#8220;stretch_row&#8220; content_placement=&#8220;middle&#8220; column_spacing=&#8220;0px&#8220; wpex_fixed_bg=&#8220;fixed&#8220; css=&#8220;.vc_custom_1589787503208{background-image: url(https:\/\/nidewintech.com\/wp-content\/uploads\/2020\/05\/Banner-servizi.jpg?id=1188) !important;background-position: center !important;background-repeat: no-repeat !important;background-size: cover !important;}&#8220; wpex_bg_position=&#8220;center center&#8220; min_height=&#8220;400px&#8220; visibility=&#8220;hidden-phone&#8220;][vc_column][\/vc_column][\/vc_row][vc_row content_placement=&#8220;middle&#8220; column_spacing=&#8220;0px&#8220; min_height=&#8220;400px&#8220;][vc_column][vc_column_text font_size=&#8220;d:18px|tl:18px|tp:18px|pl:15px|pp:15px&#8220; font_weight=&#8220;300&#8243;] Nide Wintech unterscheidet sich nicht nur durch seine hohe Effizienz und die erstklassige Qualit\u00e4t der Maschinen, sondern auch durch seinen hervorragenden Service nach dem Verkauf. Unseren Kunden auch nach der Lieferung der&hellip;<\/p>\n","protected":false},"author":1,"featured_media":0,"parent":0,"menu_order":0,"comment_status":"closed","ping_status":"closed","template":"","meta":{"inline_featured_image":false,"footnotes":""},"yoast_head":"<!-- This site is optimized with the Yoast SEO plugin v22.1 - https:\/\/yoast.com\/wordpress\/plugins\/seo\/ -->\n<title>Kundenservice | Nide Wintech Automation<\/title>\n<meta name=\"description\" content=\"Nide Wintech zeichnet sich auch durch einen ausgezeichneten After-Sales-Service aus, der unseren Kunden auch nach der Lieferung Unterst\u00fctzung bietet\" \/>\n<meta name=\"robots\" content=\"index, follow, max-snippet:-1, max-image-preview:large, max-video-preview:-1\" \/>\n<link rel=\"canonical\" href=\"https:\/\/nidewintech.com\/servizi-wintech\/\" \/>\n<meta property=\"og:locale\" content=\"de_DE\" \/>\n<meta property=\"og:type\" content=\"article\" \/>\n<meta property=\"og:title\" content=\"Kundenservice | Nide Wintech Automation\" \/>\n<meta property=\"og:description\" content=\"Nide Wintech zeichnet sich auch durch einen ausgezeichneten After-Sales-Service aus, der unseren Kunden auch nach der Lieferung Unterst\u00fctzung bietet\" \/>\n<meta property=\"og:url\" content=\"https:\/\/nidewintech.com\/servizi-wintech\/\" \/>\n<meta property=\"og:site_name\" content=\"Nide Wintech Automation - Tecnologie per motori elettrici\" \/>\n<meta property=\"article:modified_time\" content=\"2023-07-13T08:57:08+00:00\" \/>\n<meta name=\"twitter:card\" content=\"summary_large_image\" \/>\n<meta name=\"twitter:label1\" content=\"Gesch\u00e4tzte Lesezeit\" \/>\n\t<meta name=\"twitter:data1\" content=\"2\u00a0Minuten\" \/>\n<script type=\"application\/ld+json\" class=\"yoast-schema-graph\">{\"@context\":\"https:\/\/schema.org\",\"@graph\":[{\"@type\":\"WebPage\",\"@id\":\"https:\/\/nidewintech.com\/servizi-wintech\/\",\"url\":\"https:\/\/nidewintech.com\/servizi-wintech\/\",\"name\":\"Kundenservice | Nide Wintech Automation\",\"isPartOf\":{\"@id\":\"https:\/\/nidewintech.com\/#website\"},\"datePublished\":\"2020-08-26T14:25:03+00:00\",\"dateModified\":\"2023-07-13T08:57:08+00:00\",\"description\":\"Nide Wintech zeichnet sich auch durch einen ausgezeichneten After-Sales-Service aus, der unseren Kunden auch nach der Lieferung Unterst\u00fctzung bietet\",\"breadcrumb\":{\"@id\":\"https:\/\/nidewintech.com\/servizi-wintech\/#breadcrumb\"},\"inLanguage\":\"de\",\"potentialAction\":[{\"@type\":\"ReadAction\",\"target\":[\"https:\/\/nidewintech.com\/servizi-wintech\/\"]}]},{\"@type\":\"BreadcrumbList\",\"@id\":\"https:\/\/nidewintech.com\/servizi-wintech\/#breadcrumb\",\"itemListElement\":[{\"@type\":\"ListItem\",\"position\":1,\"name\":\"Home\",\"item\":\"https:\/\/nidewintech.com\/\"},{\"@type\":\"ListItem\",\"position\":2,\"name\":\"Kundenservice\"}]},{\"@type\":\"WebSite\",\"@id\":\"https:\/\/nidewintech.com\/#website\",\"url\":\"https:\/\/nidewintech.com\/\",\"name\":\"Nide Wintech Automation - Tecnologie per motori elettrici\",\"description\":\"Produzione di motori elettrici\",\"publisher\":{\"@id\":\"https:\/\/nidewintech.com\/#organization\"},\"potentialAction\":[{\"@type\":\"SearchAction\",\"target\":{\"@type\":\"EntryPoint\",\"urlTemplate\":\"https:\/\/nidewintech.com\/?s={search_term_string}\"},\"query-input\":\"required name=search_term_string\"}],\"inLanguage\":\"de\"},{\"@type\":\"Organization\",\"@id\":\"https:\/\/nidewintech.com\/#organization\",\"name\":\"Nide Wintech Automation - Tecnologie per motori elettrici\",\"url\":\"https:\/\/nidewintech.com\/\",\"logo\":{\"@type\":\"ImageObject\",\"inLanguage\":\"de\",\"@id\":\"https:\/\/nidewintech.com\/#\/schema\/logo\/image\/\",\"url\":\"https:\/\/nidewintech.com\/wp-content\/uploads\/2023\/07\/Logo-Nide-Wintech-WEB.png\",\"contentUrl\":\"https:\/\/nidewintech.com\/wp-content\/uploads\/2023\/07\/Logo-Nide-Wintech-WEB.png\",\"width\":1000,\"height\":474,\"caption\":\"Nide Wintech Automation - Tecnologie per motori elettrici\"},\"image\":{\"@id\":\"https:\/\/nidewintech.com\/#\/schema\/logo\/image\/\"}}]}<\/script>\n<!-- \/ Yoast SEO plugin. -->","yoast_head_json":{"title":"Kundenservice | Nide Wintech Automation","description":"Nide Wintech zeichnet sich auch durch einen ausgezeichneten After-Sales-Service aus, der unseren Kunden auch nach der Lieferung Unterst\u00fctzung bietet","robots":{"index":"index","follow":"follow","max-snippet":"max-snippet:-1","max-image-preview":"max-image-preview:large","max-video-preview":"max-video-preview:-1"},"canonical":"https:\/\/nidewintech.com\/servizi-wintech\/","og_locale":"de_DE","og_type":"article","og_title":"Kundenservice | Nide Wintech Automation","og_description":"Nide Wintech zeichnet sich auch durch einen ausgezeichneten After-Sales-Service aus, der unseren Kunden auch nach der Lieferung Unterst\u00fctzung bietet","og_url":"https:\/\/nidewintech.com\/servizi-wintech\/","og_site_name":"Nide Wintech Automation - Tecnologie per motori elettrici","article_modified_time":"2023-07-13T08:57:08+00:00","twitter_card":"summary_large_image","twitter_misc":{"Gesch\u00e4tzte Lesezeit":"2\u00a0Minuten"},"schema":{"@context":"https:\/\/schema.org","@graph":[{"@type":"WebPage","@id":"https:\/\/nidewintech.com\/servizi-wintech\/","url":"https:\/\/nidewintech.com\/servizi-wintech\/","name":"Kundenservice | Nide Wintech Automation","isPartOf":{"@id":"https:\/\/nidewintech.com\/#website"},"datePublished":"2020-08-26T14:25:03+00:00","dateModified":"2023-07-13T08:57:08+00:00","description":"Nide Wintech zeichnet sich auch durch einen ausgezeichneten After-Sales-Service aus, der unseren Kunden auch nach der Lieferung Unterst\u00fctzung bietet","breadcrumb":{"@id":"https:\/\/nidewintech.com\/servizi-wintech\/#breadcrumb"},"inLanguage":"de","potentialAction":[{"@type":"ReadAction","target":["https:\/\/nidewintech.com\/servizi-wintech\/"]}]},{"@type":"BreadcrumbList","@id":"https:\/\/nidewintech.com\/servizi-wintech\/#breadcrumb","itemListElement":[{"@type":"ListItem","position":1,"name":"Home","item":"https:\/\/nidewintech.com\/"},{"@type":"ListItem","position":2,"name":"Kundenservice"}]},{"@type":"WebSite","@id":"https:\/\/nidewintech.com\/#website","url":"https:\/\/nidewintech.com\/","name":"Nide Wintech Automation - Tecnologie per motori elettrici","description":"Produzione di motori elettrici","publisher":{"@id":"https:\/\/nidewintech.com\/#organization"},"potentialAction":[{"@type":"SearchAction","target":{"@type":"EntryPoint","urlTemplate":"https:\/\/nidewintech.com\/?s={search_term_string}"},"query-input":"required name=search_term_string"}],"inLanguage":"de"},{"@type":"Organization","@id":"https:\/\/nidewintech.com\/#organization","name":"Nide Wintech Automation - Tecnologie per motori elettrici","url":"https:\/\/nidewintech.com\/","logo":{"@type":"ImageObject","inLanguage":"de","@id":"https:\/\/nidewintech.com\/#\/schema\/logo\/image\/","url":"https:\/\/nidewintech.com\/wp-content\/uploads\/2023\/07\/Logo-Nide-Wintech-WEB.png","contentUrl":"https:\/\/nidewintech.com\/wp-content\/uploads\/2023\/07\/Logo-Nide-Wintech-WEB.png","width":1000,"height":474,"caption":"Nide Wintech Automation - Tecnologie per motori elettrici"},"image":{"@id":"https:\/\/nidewintech.com\/#\/schema\/logo\/image\/"}}]}},"_links":{"self":[{"href":"https:\/\/nidewintech.com\/de\/wp-json\/wp\/v2\/pages\/2074"}],"collection":[{"href":"https:\/\/nidewintech.com\/de\/wp-json\/wp\/v2\/pages"}],"about":[{"href":"https:\/\/nidewintech.com\/de\/wp-json\/wp\/v2\/types\/page"}],"author":[{"embeddable":true,"href":"https:\/\/nidewintech.com\/de\/wp-json\/wp\/v2\/users\/1"}],"replies":[{"embeddable":true,"href":"https:\/\/nidewintech.com\/de\/wp-json\/wp\/v2\/comments?post=2074"}],"version-history":[{"count":6,"href":"https:\/\/nidewintech.com\/de\/wp-json\/wp\/v2\/pages\/2074\/revisions"}],"predecessor-version":[{"id":3397,"href":"https:\/\/nidewintech.com\/de\/wp-json\/wp\/v2\/pages\/2074\/revisions\/3397"}],"wp:attachment":[{"href":"https:\/\/nidewintech.com\/de\/wp-json\/wp\/v2\/media?parent=2074"}],"curies":[{"name":"wp","href":"https:\/\/api.w.org\/{rel}","templated":true}]}}